{"id":1000,"date":"2019-06-05T13:54:42","date_gmt":"2019-06-05T16:54:42","guid":{"rendered":"http:\/\/www.ppgem.ufcg.edu.br\/?page_id=1000"},"modified":"2019-06-05T13:54:42","modified_gmt":"2019-06-05T16:54:42","slug":"sipgem-2019-normas-de-publicacao","status":"publish","type":"page","link":"https:\/\/ppgem.ufcg.edu.br\/en\/sipgem2019\/sipgem-2019-normas-de-publicacao\/","title":{"rendered":"SiPGEM 2019 &#8211; Normas de Publica\u00e7\u00e3o"},"content":{"rendered":"<p><img loading=\"lazy\" decoding=\"async\" class=\"alignnone wp-image-925\" src=\"https:\/\/test.cct.ufcg.edu.br\/wp-content\/uploads\/2019\/05\/LogoSite-1-300x300.jpg\" alt=\"\" width=\"104\" height=\"104\" srcset=\"https:\/\/ppgem.ufcg.edu.br\/wp-content\/uploads\/2019\/05\/LogoSite-1-300x300.jpg 300w, https:\/\/ppgem.ufcg.edu.br\/wp-content\/uploads\/2019\/05\/LogoSite-1-150x150.jpg 150w, https:\/\/ppgem.ufcg.edu.br\/wp-content\/uploads\/2019\/05\/LogoSite-1.jpg 517w\" sizes=\"auto, (max-width: 104px) 100vw, 104px\" \/><\/p>\n<hr \/>\n<p><strong>DATAS IMPORTANTES:<\/strong><\/p>\n<p>&nbsp;<\/p>\n<ul>\n<li>Prazo para submiss\u00e3o do resumo expandido: <strong>23 de Agosto de 2019<\/strong><\/li>\n<li>Prazo para divulga\u00e7\u00e3o de resumos aceitos:\u00a0<strong>13 de Setembro de 2019<\/strong><\/li>\n<li>Prazo para corre\u00e7\u00e3o do resumo expandido: <strong>21 de Setembro de 2019<\/strong><\/li>\n<li>Inscri\u00e7\u00f5es: <strong>at\u00e9 02 de Outubro de 2019<\/strong><\/li>\n<li>Simp\u00f3sio: <strong>02 a 04 de Outubro de 2019<\/strong><\/li>\n<\/ul>\n<p>&nbsp;<\/p>\n<hr \/>\n<p><strong>SUBMISS\u00c3O DE TRABALHOS:<\/strong><\/p>\n<p>&nbsp;<\/p>\n<p>As<strong> submiss\u00f5es de trabalhos ao SiPGEM 2019<\/strong>\u00a0poder\u00e3o ser realizadas\u00a0at\u00e9\u00a0<strong>23 de Agosto de 2019, <\/strong>por alunos de gradua\u00e7\u00e3o e p\u00f3s-gradua\u00e7\u00e3o<strong>. <\/strong>Ser\u00e3o aceitos apenas trabalhos no formato <strong>resumo expandido, <\/strong>escritos em<strong> l\u00edngua portuguesa<\/strong>. Esses devem ser enviados em <strong>formato PDF<\/strong> no formul\u00e1rio de submiss\u00e3o online (link abaixo).<\/p>\n<p>&nbsp;<\/p>\n<p><strong><a href=\"https:\/\/forms.gle\/ACFSX2W1XDBMbGXM7\" target=\"_blank\" rel=\"noopener\"><em>FORMUL\u00c1RIO DE SUBMISS\u00c3O<\/em><\/a><\/strong><\/p>\n<p>&nbsp;<\/p>\n<p>O autor ter\u00e1 duas op\u00e7\u00f5es de modalidades para expor seu trabalho: <strong>P\u00f4ster<\/strong> ou <strong>Apresenta\u00e7\u00e3o oral<\/strong>. A modalidade escolhida dever\u00e1 ser especificada no Resumo Expandido, conforme disponibilizado no Template.<\/p>\n<p>Os <strong>anais do simp\u00f3sio <\/strong>com os trabalhos selecionados ser\u00e3o gerados ap\u00f3s o SiPGEM 2019. Os <strong>melhores trabalhos<\/strong> ser\u00e3o publicados em <strong>livro<\/strong> no formato e-book, contendo o ISBN e o DOI da publica\u00e7\u00e3o, que ser\u00e1 disponibilizado no site <a href=\"http:\/\/www.poisson.com.br\" target=\"_blank\" rel=\"noopener\">www.poisson.com.br<\/a><u>.<\/u><\/p>\n<p>Ser\u00e3o priorizados os<strong> trabalhos dos p\u00f3s-graduandos<\/strong> na sele\u00e7\u00e3o para Apresenta\u00e7\u00e3o Oral e publica\u00e7\u00e3o no Livro.<\/p>\n<p>&nbsp;<\/p>\n<p><em>Nota 1: <\/em><em>Ser\u00e1 aceito apenas <strong>1 resumo<\/strong> por inscri\u00e7\u00e3o. Caso o autor deseje realizar mais de uma submiss\u00e3o, dever\u00e1 realizar uma nova inscri\u00e7\u00e3o e efetuar o pagamento de mais uma <strong>taxa de inscri\u00e7\u00e3o<\/strong>.<\/em><\/p>\n<p><em>Nota 2: Para trabalhos com <strong>mais de um autor<\/strong> \u00e9 necess\u00e1rio que apenas o autor principal submeta-o, por\u00e9m todos os autores precisam fazer sua inscri\u00e7\u00e3o no evento.\u00a0<\/em><\/p>\n<hr \/>\n<p><strong>PROCEDIMENTO DE SUBMISS\u00c3O<\/strong><\/p>\n<p>1) O autor dever\u00e1 efetuar a sua inscri\u00e7\u00e3o atrav\u00e9s do site <a href=\"https:\/\/sipgem2019.eventbrite.com.br\" target=\"_blank\" rel=\"noopener\"><em>https:\/\/sipgem2019.eventbrite.com.br<\/em><\/a>;<br \/>\n2) Preencher o formul\u00e1rio de submiss\u00e3o atrav\u00e9s do link <a href=\"https:\/\/forms.gle\/ACFSX2W1XDBMbGXM7\" target=\"_blank\" rel=\"noopener\"><em>https:\/\/forms.gle\/ACFSX2W1XDBMbGXM7<\/em><\/a>, anexar seu trabalho e inserir o n\u00famero de inscri\u00e7\u00e3o;<br \/>\n3) Verificar em seu e-mail a mensagem autom\u00e1tica de confirma\u00e7\u00e3o.<\/p>\n<p>&nbsp;<\/p>\n<hr \/>\n<p><strong>RESUMO EXPANDIDO <\/strong><\/p>\n<p>O resumo expandido deve descrever o prop\u00f3sito e o escopo do trabalho, os m\u00e9todos usados, os principais resultados, as contribui\u00e7\u00f5es para o estado-da-arte na \u00e1rea e refer\u00eancias para publica\u00e7\u00f5es pertinentes na literatura. O trabalho tem necessariamente de incluir figuras e\/ou dados que apoiem os resultados e contribui\u00e7\u00f5es citados no texto.<\/p>\n<p>&nbsp;<\/p>\n<p>O\u00a0<strong><em>download<\/em>\u00a0<\/strong>do<strong>\u00a0<em>template<\/em><\/strong>\u00a0pode ser realizado abaixo:<\/p>\n<p><img loading=\"lazy\" decoding=\"async\" class=\"\" src=\"https:\/\/encrypted-tbn0.gstatic.com\/images?q=tbn:ANd9GcTkVxsnJACqXC5lDegsIgmJwu-8ufa-OCVWSahr-K6pyEL8aJfM\" alt=\"Imagem relacionada\" width=\"48\" height=\"48\" \/><strong><a href=\"https:\/\/ppgem.ufcg.edu.br\/en\/arquivos\/Sipgem2019\/Template_SiPGEM_2019_2.docx\/\">Baixar template (Resumo Expandido)<\/a><\/strong><\/p>\n<hr \/>\n<p><strong>BANNER<\/strong><\/p>\n<p>Ap\u00f3s a confec\u00e7\u00e3o do banner o autor deve envi\u00e1-lo para o e-mail: sipgemufcg@gmail.com. O autor deve confeccionar seu p\u00f4ster atentando para os seguintes crit\u00e9rios:<\/p>\n<p><strong>TAMANHO:<\/strong>\u00a0As dimens\u00f5es do p\u00f4ster n\u00e3o devem ultrapassar o limite de<strong>\u00a090 cm de largura por 120 cm de comprimento.<\/strong>\u00a0P\u00f4steres maiores poder\u00e3o exceder o painel de fixa\u00e7\u00e3o; por isso \u00e9 necess\u00e1rio que o autor atenda as especifica\u00e7\u00f5es das dimens\u00f5es do p\u00f4ster.<\/p>\n<p><strong>LETRAS:<\/strong>\u00a0Os tamanhos das letras utilizadas nos p\u00f4steres devem permitir uma leitura f\u00e1cil a dist\u00e2ncia de dois metros. Devem-se usar LETRAS MAI\u00daSCULAS E MIN\u00daSCULAS para o conte\u00fado geral, pois o uso de letras de um mesmo tamanho pode dificultar a leitura. Deve-se evitar misturar diferentes tipos de fontes e diferentes estilos no mesmo texto.<\/p>\n<p>O\u00a0<em>download<\/em>\u00a0do\u00a0<em>template<\/em>\u00a0pode ser realizado abaixo:<\/p>\n<p><img loading=\"lazy\" decoding=\"async\" class=\"\" src=\"https:\/\/encrypted-tbn0.gstatic.com\/images?q=tbn:ANd9GcTkVxsnJACqXC5lDegsIgmJwu-8ufa-OCVWSahr-K6pyEL8aJfM\" alt=\"Imagem relacionada\" width=\"48\" height=\"48\" \/><strong><a href=\"https:\/\/ppgem.ufcg.edu.br\/en\/arquivos\/Sipgem2019\/Template_SIPGEM_2019_banner.pptx\/\">Baixar template (Banner)<\/a><\/strong><\/p>\n<hr \/>\n<p><strong>APRESENTA\u00c7\u00c3O ORAL<\/strong><\/p>\n<p>A apresenta\u00e7\u00e3o de slides deve seguir o modelo de Power Point do evento.\u00a0O arquivo com a apresenta\u00e7\u00e3o deve ser levado, com anteced\u00eancia m\u00ednima de 2 horas ao evento, antes da respectiva se\u00e7\u00e3o t\u00e9cnica.<\/p>\n<p><em>O download do template pode ser realizado abaixo:<\/em><\/p>\n<p><img loading=\"lazy\" decoding=\"async\" class=\"\" src=\"https:\/\/encrypted-tbn0.gstatic.com\/images?q=tbn:ANd9GcTkVxsnJACqXC5lDegsIgmJwu-8ufa-OCVWSahr-K6pyEL8aJfM\" alt=\"Imagem relacionada\" width=\"48\" height=\"48\" \/><strong><a href=\"https:\/\/ppgem.ufcg.edu.br\/en\/arquivos\/Sipgem2019\/Template_SIPGEM_2019_apresenta\u00e7\u00e3o.pptx\/\">Baixar template (Apresenta\u00e7\u00e3o)<\/a><\/strong><\/p>\n<hr \/>\n<p><a href=\"https:\/\/ppgem.ufcg.edu.br\/en\/SIPGEM2019\/\"><img loading=\"lazy\" decoding=\"async\" class=\"\" src=\"https:\/\/image.flaticon.com\/icons\/png\/512\/93\/93634.png\" alt=\"Resultado de imagem para bot\u00c3\u00a3o voltar\" width=\"47\" height=\"47\" \/><\/a><\/p>\n<p>VOLTAR<\/p>","protected":false},"excerpt":{"rendered":"<p>DATAS IMPORTANTES: &nbsp; Prazo para submiss\u00e3o do resumo expandido: 23 de Agosto de 2019 Prazo para divulga\u00e7\u00e3o de resumos aceitos:\u00a013 de Setembro de 2019 Prazo para corre\u00e7\u00e3o do resumo expandido: 21 de Setembro de 2019 Inscri\u00e7\u00f5es: at\u00e9 02 de Outubro de 2019 Simp\u00f3sio: 02 a 04 de Outubro de 2019 &nbsp; SUBMISS\u00c3O DE TRABALHOS: &nbsp; [&hellip;]<\/p>\n","protected":false},"author":1,"featured_media":0,"parent":954,"menu_order":0,"comment_status":"closed","ping_status":"closed","template":"","meta":{"footnotes":""},"class_list":["post-1000","page","type-page","status-publish","hentry"],"jetpack_sharing_enabled":true,"_links":{"self":[{"href":"https:\/\/ppgem.ufcg.edu.br\/en\/wp-json\/wp\/v2\/pages\/1000","targetHints":{"allow":["GET"]}}],"collection":[{"href":"https:\/\/ppgem.ufcg.edu.br\/en\/wp-json\/wp\/v2\/pages"}],"about":[{"href":"https:\/\/ppgem.ufcg.edu.br\/en\/wp-json\/wp\/v2\/types\/page"}],"author":[{"embeddable":true,"href":"https:\/\/ppgem.ufcg.edu.br\/en\/wp-json\/wp\/v2\/users\/1"}],"replies":[{"embeddable":true,"href":"https:\/\/ppgem.ufcg.edu.br\/en\/wp-json\/wp\/v2\/comments?post=1000"}],"version-history":[{"count":0,"href":"https:\/\/ppgem.ufcg.edu.br\/en\/wp-json\/wp\/v2\/pages\/1000\/revisions"}],"up":[{"embeddable":true,"href":"https:\/\/ppgem.ufcg.edu.br\/en\/wp-json\/wp\/v2\/pages\/954"}],"wp:attachment":[{"href":"https:\/\/ppgem.ufcg.edu.br\/en\/wp-json\/wp\/v2\/media?parent=1000"}],"curies":[{"name":"wp","href":"https:\/\/api.w.org\/{rel}","templated":true}]}}