{"id":1284,"date":"2019-09-30T08:52:05","date_gmt":"2019-09-30T11:52:05","guid":{"rendered":"http:\/\/www.ppgem.ufcg.edu.br\/?page_id=1284"},"modified":"2019-09-30T08:52:05","modified_gmt":"2019-09-30T11:52:05","slug":"anais-sipgem2018","status":"publish","type":"page","link":"https:\/\/ppgem.ufcg.edu.br\/en\/sipgem2018\/anais-sipgem2018\/","title":{"rendered":"Anais Sipgem2018"},"content":{"rendered":"<header class=\"entry-header\">\n<h1 class=\"entry-title\"><span style=\"color: #000080;\">II Simp\u00f3sio de P\u00f3s-Gradua\u00e7\u00e3o em Engenharia Mec\u00e2nica<\/span><\/h1>\n<p><span style=\"color: #000080;\"><strong>Expandindo o Horizonte do Jovem Engenheiro<\/strong><\/span><\/p>\n<p><strong style=\"color: #800000;\">Campina Grande, Para\u00edba, Brasil \u2013\u00a0<\/strong><strong style=\"color: #800000;\">12 a 14 de novembro de 2018<\/strong><\/p>\n<\/header>\n<div class=\"entry-content\">\n<hr \/>\n<table width=\"100%\">\n<tbody>\n<tr>\n<td width=\"101\">\n<h4 style=\"text-align: center;\"><strong><span style=\"color: #000080;\"><a style=\"color: #000080;\" href=\"https:\/\/ppgem.ufcg.edu.br\/en\/sipgem2018\/\">In\u00edcio<\/a><\/span><\/strong><\/h4>\n<\/td>\n<td style=\"text-align: center;\" width=\"154\">\n<h4><span style=\"color: #000080;\"><strong><a style=\"color: #000080;\" href=\"https:\/\/ppgem.ufcg.edu.br\/en\/sipgem2018\/programacao\/\">Programa\u00e7\u00e3o<\/a><\/strong><\/span><\/h4>\n<\/td>\n<td style=\"text-align: center;\" width=\"128\">\n<h4><span style=\"color: #000080;\"><strong><a style=\"color: #000080;\" href=\"https:\/\/ppgem.ufcg.edu.br\/en\/sipgem2018\/programacao\/minicursos\/\">Minicursos<\/a><\/strong><\/span><\/h4>\n<\/td>\n<td style=\"text-align: center;\" width=\"98\">\n<h4><span style=\"color: #000080;\"><strong><a style=\"color: #000080;\" href=\"https:\/\/ppgem.ufcg.edu.br\/en\/sipgem2018\/inscricoes\/\">Inscri\u00e7\u00f5es<\/a><\/strong><\/span><\/h4>\n<\/td>\n<td style=\"text-align: center;\" width=\"128\">\n<h4><span style=\"color: #000080;\"><strong><a style=\"color: #000080;\" href=\"https:\/\/ppgem.ufcg.edu.br\/en\/sipgem2018\/contato\/\">Contact<\/a><\/strong><\/span><\/h4>\n<\/td>\n<td width=\"99\">\n<h4 style=\"text-align: center;\"><strong><span style=\"color: #000080;\"><a style=\"color: #000080;\" href=\"https:\/\/ppgem.ufcg.edu.br\/en\/sipgem2018\/sobre\/\">Sobre<\/a><\/span><\/strong><\/h4>\n<\/td>\n<\/tr>\n<\/tbody>\n<\/table>\n<\/div>\n<hr \/>\n<p><strong>Anais<\/strong><\/p>\n<ul>\n<li><a href=\"https:\/\/ppgem.ufcg.edu.br\/en\/arquivos\/Sipgem2018\/anais\/1_Artigo - SiPGEM2018 Ramon Sales (visto).pdf&quot;\/\" target=\"_blank\" rel=\"noopener\"> <span class=\"fontstyle0\">Estudo de Caracteriza\u00e7\u00e3o Mec\u00e2nica em Materiais Processados Atrav\u00e9s de Modelagem por Fus\u00e3o e Deposi\u00e7\u00e3o (FDM)<\/span> <\/a><\/li>\n<li><a href=\"https:\/\/ppgem.ufcg.edu.br\/en\/arquivos\/Sipgem2018\/anais\/2_Artigo - SiPGEM2018 Armando Wilmans (visto).pdf\/\" target=\"_blank\" rel=\"noopener\"> <span class=\"fontstyle0\">An\u00e1lise Num\u00e9rica de Prot\u00f3tipo de Ponte Estaiada com Elementos com Mem\u00f3ria de Forma Superel\u00e1sticos em Vibra\u00e7\u00e3o For\u00e7ada<\/span> <\/a><\/li>\n<li><a href=\"https:\/\/ppgem.ufcg.edu.br\/en\/arquivos\/Sipgem2018\/anais\/3_Artigo - SiPGEM2018 M\u00e1rcia Cristina(visto).pdf&quot;\/\" target=\"_blank\" rel=\"noopener\"> <span class=\"fontstyle0\">Compara\u00e7\u00e3o da resist\u00eancia de polariza\u00e7\u00e3o do a\u00e7o 1020 galvanizado com dep\u00f3sitos met\u00e1licos de n\u00edquel e de ZnNi.<\/span> <\/a><\/li>\n<li><a href=\"https:\/\/ppgem.ufcg.edu.br\/en\/arquivos\/Sipgem2018\/anais\/4_Artigo - SiPGEM2018 Renan C\u00e9sar (visto).pdf\/\" target=\"_blank\" rel=\"noopener\"> <span class=\"fontstyle0\">Estudo de Caracteriza\u00e7\u00e3o Mec\u00e2nica em Materiais Processados Atrav\u00e9s de Modelagem por Fus\u00e3o e Deposi\u00e7\u00e3o (FDM)<\/span> <\/a><\/li>\n<li><a href=\"https:\/\/ppgem.ufcg.edu.br\/en\/arquivos\/Sipgem2018\/anais\/5_Artigo - SiPGEM2018 Kaline Ventura (visto).pdf\/\" target=\"_blank\" rel=\"noopener\"> <span class=\"fontstyle0\">Detec\u00e7\u00e3o dos danos de impacto em materiais comp\u00f3sitos via Termografia Infravermelha<\/span> <\/a><\/li>\n<li><a href=\"https:\/\/ppgem.ufcg.edu.br\/en\/arquivos\/Sipgem2018\/anais\/6_Artigo - SiPGEM2018 Gabriel Silva_com resumo (visto).pdf\/\" target=\"_blank\" rel=\"noopener\">Qualidade do \u00f3leo diesel comercializado na cidade de Campina Grande, PB<\/a><\/li>\n<li><a href=\"https:\/\/ppgem.ufcg.edu.br\/en\/arquivos\/Sipgem2018\/anais\/7_Artigo - SiPGEM2018 Agripino Pereira (visto).pdf\/\" target=\"_blank\" rel=\"noopener\">Minera\u00e7\u00e3o de criptomoedas utilizadno energias renov\u00e1veis<\/a><\/li>\n<li><a href=\"https:\/\/ppgem.ufcg.edu.br\/en\/arquivos\/Sipgem2018\/anais\/8_Artigo - SiPGEM2018 J\u00e9ssica (visto).pdf\/\" target=\"_blank\" rel=\"noopener\">Caracteriza\u00e7\u00e3o microestrutural e mec\u00e2nica de uma liga mem\u00f3ria de forma do sistema Cu-Al-Mn<\/a><\/li>\n<li><a href=\"https:\/\/ppgem.ufcg.edu.br\/en\/arquivos\/Sipgem2018\/anais\/9_ Artigo - SiPGEM2018 Moises Medeiros (visto).pdf\/\" target=\"_blank\" rel=\"noopener\"> <span class=\"fontstyle0\">Sele\u00e7\u00e3o de Perfil Aerodin\u00e2mico para uma Aeronave R\u00e1dio Controlada destinada a competi\u00e7\u00e3o SAE Brasil AeroDesign<\/span> <\/a><\/li>\n<li><a href=\"https:\/\/ppgem.ufcg.edu.br\/en\/arquivos\/Sipgem2018\/anais\/10_Artigo - SiPGEM2018 Carlos C\u00e1ssio de Alc\u00e2ntara (visto).pdf\/\" target=\"_blank\" rel=\"noopener\">Influ\u00eancia dos elementos Ber\u00edlio, Tit\u00e2nio e Boro na dureza de ligas do sistema Cu-Al pass\u00edveis do efeito mem\u00f3ria de forma<\/a><\/li>\n<li><a href=\"https:\/\/ppgem.ufcg.edu.br\/en\/arquivos\/Sipgem2018\/anais\/11_Artigo - SiPGEM2018 Marcelio Dantas (visto).pdf\/\" target=\"_blank\" rel=\"noopener\"> <span class=\"fontstyle0\">Simula\u00e7\u00e3o de Um Dispositivo Girosc\u00f3pio Absorvedor do Tremor da Doen\u00e7a de Parkinson<\/span> <\/a><\/li>\n<li><a href=\"https:\/\/ppgem.ufcg.edu.br\/en\/arquivos\/Sipgem2018\/anais\/12_Artigo - SiPGEM2018 Ra\u00edssa (visto).pdf\/\" target=\"_blank\" rel=\"noopener\"> <span class=\"fontstyle0\">Revestimentos met\u00e1licos obtidos por eletrodeposi\u00e7\u00e3o: uma revis\u00e3o da literatura<\/span> <\/a><\/li>\n<li><a href=\"https:\/\/ppgem.ufcg.edu.br\/en\/arquivos\/Sipgem2018\/anais\/13_Artigo - SiPGEM2018 Jo\u00e3o Manoel (visto).pdf\/\" target=\"_blank\" rel=\"noopener\"> <span class=\"fontstyle0\">An\u00e1lise experimental quanto aos efeitos da dilata\u00e7\u00e3o t\u00e9rmica na gasolina automotiva e no etanol hidratado<\/span> <\/a><\/li>\n<li><a href=\"https:\/\/ppgem.ufcg.edu.br\/en\/arquivos\/Sipgem2018\/anais\/14_Artigo - SiPGEM2018 Felipe Silva (visto).pdf\/\" target=\"_blank\" rel=\"noopener\"> <span class=\"fontstyle0\">An\u00e1lise num\u00e9rica de uma Prancha de <\/span><span class=\"fontstyle2\">Skate <\/span><span class=\"fontstyle0\">fabricado em comp\u00f3sito estrutural submetida a esfor\u00e7os transversais<\/span> <\/a><\/li>\n<li><a href=\"https:\/\/ppgem.ufcg.edu.br\/en\/arquivos\/Sipgem2018\/anais\/15_Artigo - SiPGEM2018 Jo\u00e3o Victor (visto).pdf\/\" target=\"_blank\" rel=\"noopener\"> <span class=\"fontstyle0\">An\u00e1lise Num\u00e9rica da Influ\u00eancia da Profundidade de Opera\u00e7\u00e3o no Coeficiente de Arrasto do Casco de um Ve\u00edculo Aut\u00f4nomo Submarino<\/span> <\/a><\/li>\n<li><a href=\"https:\/\/ppgem.ufcg.edu.br\/en\/arquivos\/Sipgem2018\/anais\/16_Artigo - SiPGEM2018 Tuana Maria (visto).pdf\/\" target=\"_blank\" rel=\"noopener\"> <span class=\"fontstyle0\">Simula\u00e7\u00e3o num\u00e9rica do processo de separa\u00e7\u00e3o g\u00e1s\/\u00f3leo empregado em um vaso separador<\/span> <\/a><\/li>\n<\/ul>\n<p>&nbsp;<\/p>\n<p>&nbsp;<\/p>\n<p>&nbsp;<\/p>\n<p>&nbsp;<\/p>\n<p>&nbsp;<\/p>\n<p>&nbsp;<\/p>\n<p>&nbsp;<\/p>","protected":false},"excerpt":{"rendered":"<p>II Simp\u00f3sio de P\u00f3s-Gradua\u00e7\u00e3o em Engenharia Mec\u00e2nica Expandindo o Horizonte do Jovem Engenheiro Campina Grande, Para\u00edba, Brasil \u2013\u00a012 a 14 de novembro de 2018 In\u00edcio Programa\u00e7\u00e3o Minicursos Inscri\u00e7\u00f5es Contato Sobre Anais Estudo de Caracteriza\u00e7\u00e3o Mec\u00e2nica em Materiais Processados Atrav\u00e9s de Modelagem por Fus\u00e3o e Deposi\u00e7\u00e3o (FDM) An\u00e1lise Num\u00e9rica de Prot\u00f3tipo de Ponte Estaiada com Elementos [&hellip;]<\/p>\n","protected":false},"author":1,"featured_media":0,"parent":665,"menu_order":0,"comment_status":"closed","ping_status":"closed","template":"template-fullwidth.php","meta":{"footnotes":""},"class_list":["post-1284","page","type-page","status-publish","hentry"],"jetpack_sharing_enabled":true,"_links":{"self":[{"href":"https:\/\/ppgem.ufcg.edu.br\/en\/wp-json\/wp\/v2\/pages\/1284","targetHints":{"allow":["GET"]}}],"collection":[{"href":"https:\/\/ppgem.ufcg.edu.br\/en\/wp-json\/wp\/v2\/pages"}],"about":[{"href":"https:\/\/ppgem.ufcg.edu.br\/en\/wp-json\/wp\/v2\/types\/page"}],"author":[{"embeddable":true,"href":"https:\/\/ppgem.ufcg.edu.br\/en\/wp-json\/wp\/v2\/users\/1"}],"replies":[{"embeddable":true,"href":"https:\/\/ppgem.ufcg.edu.br\/en\/wp-json\/wp\/v2\/comments?post=1284"}],"version-history":[{"count":0,"href":"https:\/\/ppgem.ufcg.edu.br\/en\/wp-json\/wp\/v2\/pages\/1284\/revisions"}],"up":[{"embeddable":true,"href":"https:\/\/ppgem.ufcg.edu.br\/en\/wp-json\/wp\/v2\/pages\/665"}],"wp:attachment":[{"href":"https:\/\/ppgem.ufcg.edu.br\/en\/wp-json\/wp\/v2\/media?parent=1284"}],"curies":[{"name":"wp","href":"https:\/\/api.w.org\/{rel}","templated":true}]}}