{"id":1948,"date":"2024-05-08T14:27:14","date_gmt":"2024-05-08T17:27:14","guid":{"rendered":"https:\/\/ppgem.ufcg.edu.br\/?page_id=1948"},"modified":"2025-03-07T09:38:20","modified_gmt":"2025-03-07T12:38:20","slug":"formularios","status":"publish","type":"page","link":"https:\/\/ppgem.ufcg.edu.br\/en\/administracao\/formularios\/","title":{"rendered":"Formul\u00e1rios"},"content":{"rendered":"<p><a href=\"https:\/\/drive.google.com\/file\/d\/11k0NiQrGFd6OZ5u0Uu9i807MoFfvVR7R\/view?usp=sharing\">ALUNO ESPECIAL<\/a><\/p>\n\n\n\n<p><a href=\"https:\/\/drive.google.com\/file\/d\/14Z0v91SJUzDO7SC7Yf9gksKqSNfEXiNc\/view?usp=sharing\">AUXILIO FINANCEIRO PARA PARTICIPA\u00c7\u00c3O EM EVENTOS<\/a><\/p>\n\n\n\n<p><a href=\"https:\/\/docs.google.com\/document\/d\/1lDU_fuQbcua07bLcnn4t5DgU3nUQNjuO\/edit?usp=sharing&amp;ouid=113484315824518274375&amp;rtpof=true&amp;sd=true\">CARTA DE RECOMENDA\u00c7\u00c3O<\/a><\/p>\n\n\n\n<p><a href=\"https:\/\/docs.google.com\/document\/d\/1IpRqCvqHk5Trn04lVDTAstJ9QGQz1fPT\/edit?usp=sharing&amp;ouid=113484315824518274375&amp;rtpof=true&amp;sd=true\">CAPA DO DVD &#8211; DISSERTA\u00c7\u00c3O<\/a><\/p>\n\n\n\n<p><a href=\"https:\/\/drive.google.com\/file\/d\/12_bUnmHtA2AV7yho1ezP4h6j0nATCz6a\/view?usp=sharing\">DEFESA DE DISSERTA\u00c7\u00c3O<\/a><\/p>\n\n\n\n<p><a href=\"https:\/\/drive.google.com\/file\/d\/1OYi_o7qh5LQf_yHYo95PMJaaOF49p3OE\/view?usp=sharing\">DEFESA DE SEMIN\u00c1RIO<\/a><\/p>\n\n\n\n<h1 class=\"wp-block-heading\" style=\"font-size:18px\"><a href=\"https:\/\/docs.google.com\/document\/d\/1WmZnrYHE4CklAAAoKxn2rzYTSAnvbNuV\/edit?usp=sharing&amp;ouid=113484315824518274375&amp;rtpof=true&amp;sd=true\"><strong>FICHA DE AVALIA\u00c7\u00c3O ESTAGIO DE DOC\u00caNCIA<\/strong><\/a><\/h1>\n\n\n\n<p><a href=\"https:\/\/drive.google.com\/file\/d\/1UsFAYuJk1aOfqci8ilJME37sq8FPdMM4\/view?usp=sharing\">MODELO CARTA DE ANU\u00caNCIA<\/a><\/p>\n\n\n\n<p><a href=\"https:\/\/docs.google.com\/document\/d\/1RJTY-ybty17cr6keFzuUw4FUppGas1W_\/edit?usp=sharing&amp;ouid=113484315824518274375&amp;rtpof=true&amp;sd=true\">MODELO DE PLANO DE ATIVIDADES DE EST\u00c1GIO DOC\u00caNCIA DO PPGEM<\/a><\/p>\n\n\n\n<p><a href=\"https:\/\/docs.google.com\/document\/d\/1YlBVLtLoQ0ZeeJC9FLHP9l_B0LFOYyC8\/edit?usp=sharing&amp;ouid=113484315824518274375&amp;rtpof=true&amp;sd=true\">R\u00d3TULO DVD &#8211; DISSERTA\u00c7\u00c3O<\/a><\/p>\n\n\n\n<p><a href=\"https:\/\/drive.google.com\/file\/d\/10O_1nhkvqBWXBSpNEtaQZeT3M3UumROX\/view?usp=sharing\">SOLICITA\u00c7\u00c3O DE DIPLOMA<\/a><\/p>\n\n\n\n<p><\/p>\n\n\n\n<p><\/p>","protected":false},"excerpt":{"rendered":"<p>ALUNO ESPECIAL AUXILIO FINANCEIRO PARA PARTICIPA\u00c7\u00c3O EM EVENTOS CARTA DE RECOMENDA\u00c7\u00c3O CAPA DO DVD &#8211; DISSERTA\u00c7\u00c3O DEFESA DE DISSERTA\u00c7\u00c3O DEFESA DE SEMIN\u00c1RIO FICHA DE AVALIA\u00c7\u00c3O ESTAGIO DE DOC\u00caNCIA MODELO CARTA DE ANU\u00caNCIA MODELO DE PLANO DE ATIVIDADES DE EST\u00c1GIO DOC\u00caNCIA DO PPGEM R\u00d3TULO DVD &#8211; DISSERTA\u00c7\u00c3O SOLICITA\u00c7\u00c3O DE DIPLOMA<\/p>","protected":false},"author":1,"featured_media":0,"parent":59,"menu_order":0,"comment_status":"closed","ping_status":"closed","template":"","meta":{"footnotes":""},"class_list":["post-1948","page","type-page","status-publish","hentry"],"jetpack_sharing_enabled":true,"_links":{"self":[{"href":"https:\/\/ppgem.ufcg.edu.br\/en\/wp-json\/wp\/v2\/pages\/1948","targetHints":{"allow":["GET"]}}],"collection":[{"href":"https:\/\/ppgem.ufcg.edu.br\/en\/wp-json\/wp\/v2\/pages"}],"about":[{"href":"https:\/\/ppgem.ufcg.edu.br\/en\/wp-json\/wp\/v2\/types\/page"}],"author":[{"embeddable":true,"href":"https:\/\/ppgem.ufcg.edu.br\/en\/wp-json\/wp\/v2\/users\/1"}],"replies":[{"embeddable":true,"href":"https:\/\/ppgem.ufcg.edu.br\/en\/wp-json\/wp\/v2\/comments?post=1948"}],"version-history":[{"count":9,"href":"https:\/\/ppgem.ufcg.edu.br\/en\/wp-json\/wp\/v2\/pages\/1948\/revisions"}],"predecessor-version":[{"id":2081,"href":"https:\/\/ppgem.ufcg.edu.br\/en\/wp-json\/wp\/v2\/pages\/1948\/revisions\/2081"}],"up":[{"embeddable":true,"href":"https:\/\/ppgem.ufcg.edu.br\/en\/wp-json\/wp\/v2\/pages\/59"}],"wp:attachment":[{"href":"https:\/\/ppgem.ufcg.edu.br\/en\/wp-json\/wp\/v2\/media?parent=1948"}],"curies":[{"name":"wp","href":"https:\/\/api.w.org\/{rel}","templated":true}]}}