{"id":285,"date":"2017-12-07T12:45:36","date_gmt":"2017-12-07T14:45:36","guid":{"rendered":"http:\/\/www.ppgem.ufcg.edu.br\/?page_id=285"},"modified":"2017-12-07T12:45:36","modified_gmt":"2017-12-07T14:45:36","slug":"sipgem2017","status":"publish","type":"page","link":"https:\/\/ppgem.ufcg.edu.br\/en\/sipgem2017\/","title":{"rendered":"SiPGEM 2017 &#8211; I Simp\u00f3sio de P\u00f3s-Gradua\u00e7\u00e3o em Engenharia Mec\u00e2nica"},"content":{"rendered":"<p style=\"text-align: left;\"><img loading=\"lazy\" decoding=\"async\" class=\"alignnone wp-image-435\" src=\"https:\/\/test.cct.ufcg.edu.br\/wp-content\/uploads\/2017\/12\/Picture2-300x15.jpg\" alt=\"\" width=\"640\" height=\"32\" srcset=\"https:\/\/ppgem.ufcg.edu.br\/wp-content\/uploads\/2017\/12\/Picture2-300x15.jpg 300w, https:\/\/ppgem.ufcg.edu.br\/wp-content\/uploads\/2017\/12\/Picture2-1024x52.jpg 1024w, https:\/\/ppgem.ufcg.edu.br\/wp-content\/uploads\/2017\/12\/Picture2-768x39.jpg 768w, https:\/\/ppgem.ufcg.edu.br\/wp-content\/uploads\/2017\/12\/Picture2.jpg 1500w\" sizes=\"auto, (max-width: 640px) 100vw, 640px\" \/><\/p>\n<table width=\"100%\">\n<tbody>\n<tr>\n<td width=\"101\">\n<p style=\"text-align: center;\"><strong><a href=\"https:\/\/ppgem.ufcg.edu.br\/en\/sipgem2017sobre\/\">Sobre<\/a><\/strong><\/p>\n<\/td>\n<td style=\"text-align: center;\" width=\"154\"><strong><a href=\"https:\/\/ppgem.ufcg.edu.br\/en\/sipgem2017\/programa\/\">Programa<\/a><\/strong><\/td>\n<td style=\"text-align: center;\" width=\"128\"><strong><a href=\"https:\/\/ppgem.ufcg.edu.br\/en\/sipgem2017\/autores\/\">Autores<\/a><\/strong><\/td>\n<td style=\"text-align: center;\" width=\"98\"><strong><a href=\"https:\/\/ppgem.ufcg.edu.br\/en\/sipgem2017\/anais\/\">Anais<\/a><\/strong><\/td>\n<td style=\"text-align: center;\" width=\"128\"><strong><a href=\"https:\/\/ppgem.ufcg.edu.br\/en\/sipgem2017\/contato\/\">Contact<\/a><\/strong><\/td>\n<td width=\"99\">\n<p style=\"text-align: center;\"><a href=\"https:\/\/ppgem.ufcg.edu.br\/en\/sipgem2017\/galeria\/\"><strong>Galeria<\/strong><\/a><\/p>\n<\/td>\n<\/tr>\n<\/tbody>\n<\/table>\n<p style=\"text-align: left;\"><img loading=\"lazy\" decoding=\"async\" class=\"wp-image-427 aligncenter\" src=\"https:\/\/test.cct.ufcg.edu.br\/wp-content\/uploads\/2017\/12\/CAPA_SITE_SiPGEM2017-300x163.jpg\" alt=\"\" width=\"682\" height=\"371\" srcset=\"https:\/\/ppgem.ufcg.edu.br\/wp-content\/uploads\/2017\/12\/CAPA_SITE_SiPGEM2017-300x163.jpg 300w, https:\/\/ppgem.ufcg.edu.br\/wp-content\/uploads\/2017\/12\/CAPA_SITE_SiPGEM2017-1024x555.jpg 1024w\" sizes=\"auto, (max-width: 682px) 100vw, 682px\" \/><\/p>\n<p style=\"text-align: right;\">Foto: Prof. Dr. Jonatas Araujo de Lacerda Junior\/UFCG<\/p>","protected":false},"excerpt":{"rendered":"<p>Sobre Programa Autores Anais Contato Galeria Foto: Prof. Dr. Jonatas Araujo de Lacerda Junior\/UFCG<\/p>","protected":false},"author":1,"featured_media":0,"parent":0,"menu_order":0,"comment_status":"closed","ping_status":"closed","template":"template-fullwidth.php","meta":{"footnotes":""},"class_list":["post-285","page","type-page","status-publish","hentry"],"jetpack_sharing_enabled":true,"_links":{"self":[{"href":"https:\/\/ppgem.ufcg.edu.br\/en\/wp-json\/wp\/v2\/pages\/285","targetHints":{"allow":["GET"]}}],"collection":[{"href":"https:\/\/ppgem.ufcg.edu.br\/en\/wp-json\/wp\/v2\/pages"}],"about":[{"href":"https:\/\/ppgem.ufcg.edu.br\/en\/wp-json\/wp\/v2\/types\/page"}],"author":[{"embeddable":true,"href":"https:\/\/ppgem.ufcg.edu.br\/en\/wp-json\/wp\/v2\/users\/1"}],"replies":[{"embeddable":true,"href":"https:\/\/ppgem.ufcg.edu.br\/en\/wp-json\/wp\/v2\/comments?post=285"}],"version-history":[{"count":0,"href":"https:\/\/ppgem.ufcg.edu.br\/en\/wp-json\/wp\/v2\/pages\/285\/revisions"}],"wp:attachment":[{"href":"https:\/\/ppgem.ufcg.edu.br\/en\/wp-json\/wp\/v2\/media?parent=285"}],"curies":[{"name":"wp","href":"https:\/\/api.w.org\/{rel}","templated":true}]}}