{"id":33,"date":"2017-02-24T12:53:08","date_gmt":"2017-02-24T15:53:08","guid":{"rendered":"http:\/\/server2.cct.ufcg.edu.br\/ppgem\/?page_id=33"},"modified":"2017-02-24T12:53:08","modified_gmt":"2017-02-24T15:53:08","slug":"o-programa","status":"publish","type":"page","link":"https:\/\/ppgem.ufcg.edu.br\/en\/o-programa\/","title":{"rendered":"The Program"},"content":{"rendered":"<p>O Programa de P\u00f3s-Gradua\u00e7\u00e3o em Engenharia Mec\u00e2nica (PPGEM) da UFCG, em n\u00edvel de Mestrado, foi aprovado pela CAPES no ano de 2009 e iniciou suas atividades em mar\u00e7o de 2010. O PPGEM se caracteriza por ser o \u00fanico programa de p\u00f3s-gradua\u00e7\u00e3o stricto sensu em Engenharia Mec\u00e2nica das regi\u00f5es norte, nordeste e centro oeste, funcionando em uma cidade do interior, fora das capitais de estado. Esta constata\u00e7\u00e3o, por si s\u00f3, revela o seu car\u00e1ter estrat\u00e9gico nesse momento atual de expans\u00e3o das Engenharias para as cidades do interior dessas regi\u00f5es, visando reduzir as assimetrias e desigualdades regionais.<\/p>\n<p>Para o exerc\u00edcio de atividades de pesquisa e desenvolvimento em Ci\u00eancias Mec\u00e2nicas, o PPGEM possui uma \u00fanica \u00e1rea de concentra\u00e7\u00e3o denominada de Sistemas Termomec\u00e2nicos, e proporciona a possibilidade de \u00eanfase em 3 linhas de pesquisas interdisciplinares: An\u00e1lise e Projeto de Sistemas Termomec\u00e2nicos; Fen\u00f4menos de Transporte e Energia; e Processos Mec\u00e2nico-Metal\u00fargicos.<\/p>\n<p><a href=\"https:\/\/ppgem.ufcg.edu.br\/en\/o-programa\/apresentacao\/\">APRESENTA\u00c7\u00c3O<\/a> |\u00a0<a href=\"https:\/\/ppgem.ufcg.edu.br\/en\/o-programa\/estrutura\/\">ESTRUTURA<\/a> | <a href=\"https:\/\/ppgem.ufcg.edu.br\/en\/o-programa\/linhas-de-pesquisa\/\">LINHAS DE PESQUISA<\/a>\u00a0| <a href=\"https:\/\/ppgem.ufcg.edu.br\/en\/o-programa\/disciplinas\/\">DISCIPLINAS<\/a> | <a href=\"https:\/\/ppgem.ufcg.edu.br\/en\/o-programa\/corpo-docente\/\">CORPO DOCENTE<\/a> | <a href=\"https:\/\/ppgem.ufcg.edu.br\/en\/o-programa\/discentes\/\">DISCENTES<\/a><\/p>","protected":false},"excerpt":{"rendered":"<p>O Programa de P\u00f3s-Gradua\u00e7\u00e3o em Engenharia Mec\u00e2nica (PPGEM) da UFCG, em n\u00edvel de Mestrado, foi aprovado pela CAPES no ano de 2009 e iniciou suas atividades em mar\u00e7o de 2010. O PPGEM se caracteriza por ser o \u00fanico programa de p\u00f3s-gradua\u00e7\u00e3o stricto sensu em Engenharia Mec\u00e2nica das regi\u00f5es norte, nordeste e centro oeste, funcionando em [&hellip;]<\/p>\n","protected":false},"author":1,"featured_media":0,"parent":0,"menu_order":0,"comment_status":"closed","ping_status":"closed","template":"template-fullwidth.php","meta":{"footnotes":""},"class_list":["post-33","page","type-page","status-publish","hentry"],"jetpack_sharing_enabled":true,"_links":{"self":[{"href":"https:\/\/ppgem.ufcg.edu.br\/en\/wp-json\/wp\/v2\/pages\/33","targetHints":{"allow":["GET"]}}],"collection":[{"href":"https:\/\/ppgem.ufcg.edu.br\/en\/wp-json\/wp\/v2\/pages"}],"about":[{"href":"https:\/\/ppgem.ufcg.edu.br\/en\/wp-json\/wp\/v2\/types\/page"}],"author":[{"embeddable":true,"href":"https:\/\/ppgem.ufcg.edu.br\/en\/wp-json\/wp\/v2\/users\/1"}],"replies":[{"embeddable":true,"href":"https:\/\/ppgem.ufcg.edu.br\/en\/wp-json\/wp\/v2\/comments?post=33"}],"version-history":[{"count":0,"href":"https:\/\/ppgem.ufcg.edu.br\/en\/wp-json\/wp\/v2\/pages\/33\/revisions"}],"wp:attachment":[{"href":"https:\/\/ppgem.ufcg.edu.br\/en\/wp-json\/wp\/v2\/media?parent=33"}],"curies":[{"name":"wp","href":"https:\/\/api.w.org\/{rel}","templated":true}]}}