{"id":345,"date":"2017-12-07T17:34:26","date_gmt":"2017-12-07T19:34:26","guid":{"rendered":"http:\/\/www.ppgem.ufcg.edu.br\/?page_id=345"},"modified":"2017-12-07T17:34:26","modified_gmt":"2017-12-07T19:34:26","slug":"sipgem2017sobre","status":"publish","type":"page","link":"https:\/\/ppgem.ufcg.edu.br\/en\/sipgem2017sobre\/","title":{"rendered":"Sobre o SiPGEM 2017"},"content":{"rendered":"<table width=\"100%\">\n<tbody>\n<tr>\n<td width=\"155\">\n<p style=\"text-align: center;\"><strong><a href=\"https:\/\/ppgem.ufcg.edu.br\/en\/sipgem2017\/\">In\u00edcio<\/a><\/strong><\/p>\n<\/td>\n<td width=\"157\">\n<p style=\"text-align: center;\"><strong><a href=\"https:\/\/ppgem.ufcg.edu.br\/en\/sipgem2017sobre\/\">Sobre<\/a><\/strong><\/p>\n<\/td>\n<td width=\"237\">\n<p style=\"text-align: center;\"><strong><a href=\"https:\/\/ppgem.ufcg.edu.br\/en\/sipgem2017\/programa\/\">Programa<\/a><\/strong><\/p>\n<\/td>\n<td width=\"198\">\n<p style=\"text-align: center;\"><strong><a href=\"\/en\/autores.htm\/\">Autores<\/a><\/strong><\/p>\n<\/td>\n<td width=\"155\">\n<p style=\"text-align: center;\"><strong><a href=\"https:\/\/ppgem.ufcg.edu.br\/en\/sipgem2017\/anais-do-sipgem\/\">Anais<\/a><\/strong><\/p>\n<\/td>\n<td width=\"198\">\n<p style=\"text-align: center;\"><strong><a href=\"https:\/\/ppgem.ufcg.edu.br\/en\/sipgem2017\/contato\/\">Contact<\/a><\/strong><\/p>\n<\/td>\n<\/tr>\n<\/tbody>\n<\/table>\n<table width=\"100%\">\n<tbody>\n<tr>\n<td width=\"30%\">\u00a0<img loading=\"lazy\" decoding=\"async\" class=\"size-medium wp-image-192 aligncenter\" src=\"https:\/\/test.cct.ufcg.edu.br\/wp-content\/uploads\/2017\/03\/SiPGEM-300x300.jpg\" alt=\"\" width=\"300\" height=\"300\" srcset=\"https:\/\/ppgem.ufcg.edu.br\/wp-content\/uploads\/2017\/03\/SiPGEM-300x300.jpg 300w, https:\/\/ppgem.ufcg.edu.br\/wp-content\/uploads\/2017\/03\/SiPGEM-150x150.jpg 150w, https:\/\/ppgem.ufcg.edu.br\/wp-content\/uploads\/2017\/03\/SiPGEM.jpg 757w\" sizes=\"auto, (max-width: 300px) 100vw, 300px\" \/><\/td>\n<td width=\"70%\">\n<p style=\"text-align: left;\">\u00a0O SiPGEM 2017 \u2013 <strong>I Simp\u00f3sio de P\u00f3s-Gradua\u00e7\u00e3o em Engenharia Mec\u00e2nica ocorrer\u00e1 em Campina Grande, Para\u00edba, de 13 a 15 de dezembro no Centro de Extens\u00e3o Jos\u00e9 Farias N\u00f3brega.<\/strong> O SiPGEM \u00e9 um simp\u00f3sio anual \u2013 promovido pelo Programa de P\u00f3s-Gradua\u00e7\u00e3o em Engenharia Mec\u00e2nica (PPGEM) da Universidade Federal de Campina Grande (UFCG) \u2013 destinado a ser um evento cient\u00edfico local para a comunica\u00e7\u00e3o e divulga\u00e7\u00e3o da comunidade acad\u00eamica.<\/p>\n<p style=\"text-align: left;\">\u00a0Em sua primeira vers\u00e3o, o SiPGEM torna-se a principal oportunidade para p\u00f3s-graduandos e docentes do PPGEM\u00a0discutir e\u00a0 explorarem temas relevantes no \u00e2mbito da P\u00f3s-Gradua\u00e7\u00e3o.<\/p>\n<p style=\"text-align: left;\">\u00a0O SiPGEM \u00e9 um evento multidisciplinar: pesquisadores e p\u00f3s-graduandos s\u00e3o encorajados a palestrarem no simp\u00f3sio. Al\u00e9m da\u00a0 abertura \u00e0 participa\u00e7\u00e3o da gradua\u00e7\u00e3o e de outros programas de p\u00f3s-gradua\u00e7\u00e3o. O programa t\u00e9cnico incluir\u00e1 palestrantes convidados e se\u00e7\u00f5es t\u00e9cnicas com artigos cient\u00edficos.<\/p>\n<p style=\"text-align: left;\">\u00a0Estamos ansiosos para receb\u00ea-lo no SiPGEM 2017.<\/p>\n<p style=\"text-align: left;\"><strong>Paulo C\u00e9sar Sales da Silva<\/strong><\/p>\n<p style=\"text-align: left;\"><strong>Presidente do Comit\u00ea Organizador do SiPGEM<\/strong><\/p>\n<\/td>\n<\/tr>\n<tr>\n<td colspan=\"2\" width=\"100%\">\n<hr \/>\n<p style=\"text-align: center;\"><strong>\u00a0<\/strong><strong>Comit\u00ea Organizador (COr)<\/strong><\/p>\n<p style=\"text-align: center;\">Eng. Mec. Paulo C\u00e9sar Sales da Silva \u2013 (Presidente)<\/p>\n<p style=\"text-align: center;\">Eng. Petrol. Ra\u00edssa Alves Queiroga \u2013 (Vice-Presidente)<\/p>\n<p style=\"text-align: center;\">Eng. Mec. Jos\u00e9 Ricardo Ferreira Oliveira \u2013 (Secret\u00e1rio)<\/p>\n<p style=\"text-align: center;\">Eng. Mec. Kaline Ventura Batista \u2013 (Secret\u00e1ria)<\/p>\n<p style=\"text-align: center;\">Eng. Mec. Paulo Germano Pinto de Medeiros \u2013 (Tesoureiro)<\/p>\n<p style=\"text-align: center;\">Eng. Mec. Jaime Matias da Silva Neto \u2013 (Tesoureiro)<\/p>\n<p style=\"text-align: center;\">Eng. Mec. Aline Michelly do Nascimento \u2013 (Colaboradora)<\/p>\n<p style=\"text-align: center;\">Eng. Mec. Armando Wilmans Nunes da Fonseca JR \u2013 (Colaborador)<\/p>\n<p style=\"text-align: center;\">Eng. Petrol. D\u00e9borah Brito Cola\u00e7o \u2013 (Colaboradora)<\/p>\n<p style=\"text-align: center;\">Eng. Mec. Epit\u00e1cio Bronzeado Neto \u2013 (Colaborador)<\/p>\n<p style=\"text-align: center;\">Eng. Mec. Felipe Silva Lima \u2013 (Colaborador)<\/p>\n<p style=\"text-align: center;\">Eng. Mec. Marc\u00e9lio Ronnie Dantas de S\u00e1 \u2013 (Colaborador)<\/p>\n<p style=\"text-align: center;\">Eng. Mec. Railson de Medeiros N\u00f3brega Alves \u2013 (Colaborador)<\/p>\n<hr \/>\n<p style=\"text-align: center;\"><strong>Comit\u00ea Cient\u00edfico<\/strong><\/p>\n<p style=\"text-align: center;\">Prof. Dr. Ant\u00f4nio Gilson Barbosa de Lima \u2013 UAEM<\/p>\n<p style=\"text-align: center;\">Prof. Dr. Ant\u00f4nio Almeida Silva \u2013 UAEM<\/p>\n<p style=\"text-align: center;\">Prof. Dr. Raimundo Nonato Calazans Duarte \u2013 UAEM<\/p>\n<p style=\"text-align: center;\">Prof. Dr. Severino Rodrigues de Farias Neto \u2013 UAEQ<\/p>\n<p style=\"text-align: center;\">Prof. Dr. Walman Ben\u00edcio de Castro \u2013 UAEM<\/p>\n<p style=\"text-align: center;\">Prof. Dr. Marco Ant\u00f4nio dos Santos \u2013 UAEM<\/p>\n<p style=\"text-align: center;\">Prof. Dr. Wanderley Ferreira de Amorim J\u00fanior \u2013 UAEM<\/p>\n<hr \/>\n<p style=\"text-align: center;\"><b>Patrocinadores e Parceiros<\/b><\/p>\n<table style=\"height: 250px;\" width=\"1366\">\n<tbody>\n<tr>\n<td rowspan=\"4\" width=\"189\">\n<p style=\"text-align: center;\"><strong>Organizador<\/strong><\/p>\n<p><img loading=\"lazy\" decoding=\"async\" class=\"size-full wp-image-354 aligncenter\" src=\"https:\/\/test.cct.ufcg.edu.br\/wp-content\/uploads\/2017\/12\/Foto_PPGEM.png\" alt=\"\" width=\"247\" height=\"282\" \/><\/td>\n<td style=\"text-align: center;\" rowspan=\"2\" width=\"189\"><strong>Apoio Institucional<\/strong><\/p>\n<p>&nbsp;<\/p>\n<p><img loading=\"lazy\" decoding=\"async\" class=\"alignnone wp-image-355\" src=\"https:\/\/test.cct.ufcg.edu.br\/wp-content\/uploads\/2017\/12\/Foto_UFCG-300x94.png\" alt=\"\" width=\"491\" height=\"154\" srcset=\"https:\/\/ppgem.ufcg.edu.br\/wp-content\/uploads\/2017\/12\/Foto_UFCG-300x94.png 300w, https:\/\/ppgem.ufcg.edu.br\/wp-content\/uploads\/2017\/12\/Foto_UFCG.png 401w\" sizes=\"auto, (max-width: 491px) 100vw, 491px\" \/><\/td>\n<td style=\"text-align: center;\" width=\"189\"><strong>\u00a0Support<\/strong><\/p>\n<p><img loading=\"lazy\" decoding=\"async\" class=\"size-full wp-image-357 aligncenter\" src=\"https:\/\/test.cct.ufcg.edu.br\/wp-content\/uploads\/2017\/12\/IEL.png\" alt=\"\" width=\"263\" height=\"75\" \/><\/td>\n<\/tr>\n<tr>\n<td width=\"189\">\u00a0<img loading=\"lazy\" decoding=\"async\" class=\"wp-image-363 aligncenter\" src=\"https:\/\/test.cct.ufcg.edu.br\/wp-content\/uploads\/2017\/12\/Serrana-300x184.jpg\" alt=\"\" width=\"204\" height=\"125\" srcset=\"https:\/\/ppgem.ufcg.edu.br\/wp-content\/uploads\/2017\/12\/Serrana-300x184.jpg 300w, https:\/\/ppgem.ufcg.edu.br\/wp-content\/uploads\/2017\/12\/Serrana-1024x627.jpg 1024w, https:\/\/ppgem.ufcg.edu.br\/wp-content\/uploads\/2017\/12\/Serrana-768x470.jpg 768w, https:\/\/ppgem.ufcg.edu.br\/wp-content\/uploads\/2017\/12\/Serrana-1536x940.jpg 1536w, https:\/\/ppgem.ufcg.edu.br\/wp-content\/uploads\/2017\/12\/Serrana-2048x1253.jpg 2048w\" sizes=\"auto, (max-width: 204px) 100vw, 204px\" \/><\/td>\n<\/tr>\n<tr>\n<td style=\"text-align: center;\" rowspan=\"2\" width=\"189\"><img loading=\"lazy\" decoding=\"async\" class=\"wp-image-356 aligncenter\" src=\"https:\/\/test.cct.ufcg.edu.br\/wp-content\/uploads\/2017\/12\/Foto_CCT.jpg\" alt=\"\" width=\"215\" height=\"215\" srcset=\"https:\/\/ppgem.ufcg.edu.br\/wp-content\/uploads\/2017\/12\/Foto_CCT.jpg 250w, https:\/\/ppgem.ufcg.edu.br\/wp-content\/uploads\/2017\/12\/Foto_CCT-150x150.jpg 150w\" sizes=\"auto, (max-width: 215px) 100vw, 215px\" \/><\/td>\n<td width=\"189\"><img loading=\"lazy\" decoding=\"async\" class=\"wp-image-358 aligncenter\" src=\"https:\/\/test.cct.ufcg.edu.br\/wp-content\/uploads\/2017\/12\/Cadersil-300x120.png\" alt=\"\" width=\"268\" height=\"107\" srcset=\"https:\/\/ppgem.ufcg.edu.br\/wp-content\/uploads\/2017\/12\/Cadersil-300x120.png 300w, https:\/\/ppgem.ufcg.edu.br\/wp-content\/uploads\/2017\/12\/Cadersil-1024x408.png 1024w, https:\/\/ppgem.ufcg.edu.br\/wp-content\/uploads\/2017\/12\/Cadersil-768x306.png 768w, https:\/\/ppgem.ufcg.edu.br\/wp-content\/uploads\/2017\/12\/Cadersil-1536x612.png 1536w, https:\/\/ppgem.ufcg.edu.br\/wp-content\/uploads\/2017\/12\/Cadersil-2048x816.png 2048w\" sizes=\"auto, (max-width: 268px) 100vw, 268px\" \/><\/td>\n<\/tr>\n<tr>\n<td width=\"189\"><\/td>\n<\/tr>\n<\/tbody>\n<\/table>\n<\/td>\n<\/tr>\n<\/tbody>\n<\/table>","protected":false},"excerpt":{"rendered":"<p>In\u00edcio Sobre Programa Autores Anais Contato \u00a0 \u00a0O SiPGEM 2017 \u2013 I Simp\u00f3sio de P\u00f3s-Gradua\u00e7\u00e3o em Engenharia Mec\u00e2nica ocorrer\u00e1 em Campina Grande, Para\u00edba, de 13 a 15 de dezembro no Centro de Extens\u00e3o Jos\u00e9 Farias N\u00f3brega. O SiPGEM \u00e9 um simp\u00f3sio anual \u2013 promovido pelo Programa de P\u00f3s-Gradua\u00e7\u00e3o em Engenharia Mec\u00e2nica (PPGEM) da Universidade Federal [&hellip;]<\/p>\n","protected":false},"author":1,"featured_media":0,"parent":0,"menu_order":0,"comment_status":"closed","ping_status":"closed","template":"template-fullwidth.php","meta":{"footnotes":""},"class_list":["post-345","page","type-page","status-publish","hentry"],"jetpack_sharing_enabled":true,"_links":{"self":[{"href":"https:\/\/ppgem.ufcg.edu.br\/en\/wp-json\/wp\/v2\/pages\/345","targetHints":{"allow":["GET"]}}],"collection":[{"href":"https:\/\/ppgem.ufcg.edu.br\/en\/wp-json\/wp\/v2\/pages"}],"about":[{"href":"https:\/\/ppgem.ufcg.edu.br\/en\/wp-json\/wp\/v2\/types\/page"}],"author":[{"embeddable":true,"href":"https:\/\/ppgem.ufcg.edu.br\/en\/wp-json\/wp\/v2\/users\/1"}],"replies":[{"embeddable":true,"href":"https:\/\/ppgem.ufcg.edu.br\/en\/wp-json\/wp\/v2\/comments?post=345"}],"version-history":[{"count":0,"href":"https:\/\/ppgem.ufcg.edu.br\/en\/wp-json\/wp\/v2\/pages\/345\/revisions"}],"wp:attachment":[{"href":"https:\/\/ppgem.ufcg.edu.br\/en\/wp-json\/wp\/v2\/media?parent=345"}],"curies":[{"name":"wp","href":"https:\/\/api.w.org\/{rel}","templated":true}]}}