{"id":361,"date":"2017-12-07T18:13:02","date_gmt":"2017-12-07T20:13:02","guid":{"rendered":"http:\/\/www.ppgem.ufcg.edu.br\/?page_id=361"},"modified":"2017-12-07T18:13:02","modified_gmt":"2017-12-07T20:13:02","slug":"programa","status":"publish","type":"page","link":"https:\/\/ppgem.ufcg.edu.br\/en\/sipgem2017\/programa\/","title":{"rendered":"Programa do SiPGEM 2017"},"content":{"rendered":"<table width=\"100%\">\n<tbody>\n<tr>\n<td width=\"155\">\n<p style=\"text-align: center;\"><strong><a href=\"https:\/\/ppgem.ufcg.edu.br\/en\/sipgem2017\/\">In\u00edcio<\/a><\/strong><\/p>\n<\/td>\n<td width=\"157\">\n<p style=\"text-align: center;\"><strong><a href=\"https:\/\/ppgem.ufcg.edu.br\/en\/sipgem2017sobre\/\">Sobre<\/a><\/strong><\/p>\n<\/td>\n<td width=\"237\">\n<p style=\"text-align: center;\"><strong><a href=\"https:\/\/ppgem.ufcg.edu.br\/en\/sipgem2017\/programa\/\">Programa<\/a><\/strong><\/p>\n<\/td>\n<td width=\"198\">\n<p style=\"text-align: center;\"><strong><a href=\"https:\/\/ppgem.ufcg.edu.br\/en\/sipgem2017\/autores\/\">Autores<\/a><\/strong><\/p>\n<\/td>\n<td width=\"155\">\n<p style=\"text-align: center;\"><strong><a href=\"https:\/\/ppgem.ufcg.edu.br\/en\/sipgem2017\/anais\/\">Anais<\/a><\/strong><\/p>\n<\/td>\n<td width=\"198\">\n<p style=\"text-align: center;\"><strong><a href=\"https:\/\/ppgem.ufcg.edu.br\/en\/sipgem2017\/contato\/\">Contact<\/a><\/strong><\/p>\n<\/td>\n<\/tr>\n<\/tbody>\n<\/table>\n<table style=\"height: 1614px;\" width=\"1378\">\n<tbody>\n<tr>\n<td rowspan=\"21\" width=\"180\">\n<h1 style=\"text-align: center;\">13\/12\/2017<\/h1>\n<h1 style=\"text-align: center;\">(QUA)<\/h1>\n<\/td>\n<td width=\"76\">\n<p style=\"text-align: center;\">08:00<\/p>\n<\/td>\n<td width=\"792\"><strong>Credenciamento<\/strong><\/td>\n<\/tr>\n<tr>\n<td width=\"76\">\n<p style=\"text-align: center;\">08:30<\/p>\n<\/td>\n<td width=\"792\"><strong>Abertura Oficial<\/strong><\/p>\n<p>Prof. Dr. Ant\u00f4nio Almeida Silva\/UFCG<\/td>\n<\/tr>\n<tr>\n<td width=\"76\">\n<p style=\"text-align: center;\">09:00<\/p>\n<\/td>\n<td width=\"792\"><strong><em>Palestra:<\/em><\/strong>\u00a0Sa\u00fade Mental dos P\u00f3s-Graduandos<\/p>\n<p><strong><em>Ministrante:<\/em><\/strong>\u00a0Psic\u00f3loga Ana Clara Nascimento Cabral\/UEPB<\/td>\n<\/tr>\n<tr>\n<td width=\"76\">\n<p style=\"text-align: center;\">10:00<\/p>\n<\/td>\n<td width=\"792\"><strong>Caf\u00e9<\/strong><\/td>\n<\/tr>\n<tr>\n<td rowspan=\"3\" width=\"76\">\n<p style=\"text-align: center;\">10:30<\/p>\n<\/td>\n<td width=\"792\"><strong><em>Se\u00e7\u00e3o T\u00e9cnica:\u00a0<\/em><\/strong>Sistema Complementar de Energia T\u00e9rmica (SCET) para o Secador Solar<\/td>\n<\/tr>\n<tr>\n<td width=\"792\"><strong><em>Se\u00e7\u00e3o T\u00e9cnica:\u00a0<\/em><\/strong>Identifica\u00e7\u00e3o da Difusividade T\u00e9rmica do A\u00e7o Inox AISI 304 Utilizando um Campo de Temperatura Peri\u00f3dico: Estudo Comparativo entre o Uso do V\u00e1cuo e do Isolante T\u00e9rmico na Garantia do Fluxo de Calor 1D<\/td>\n<\/tr>\n<tr>\n<td width=\"792\"><strong><em>\u00a0<\/em><\/strong><\/td>\n<\/tr>\n<tr>\n<td width=\"76\">\n<p style=\"text-align: center;\">11:00<\/p>\n<\/td>\n<td width=\"792\"><strong><em>Palestra:<\/em><\/strong>\u00a0\u00c9tica Cient\u00edfica e Plagio<\/p>\n<p><strong><em>Ministrante:<\/em><\/strong>\u00a0Prof. Dr. Juscelino de Farias Maribondo\/UFCG<\/td>\n<\/tr>\n<tr>\n<td width=\"76\">\n<p style=\"text-align: center;\">12:00<\/p>\n<\/td>\n<td width=\"792\"><strong>Intervalo<\/strong><\/td>\n<\/tr>\n<tr>\n<td width=\"76\">\n<p style=\"text-align: center;\">14:00<\/p>\n<\/td>\n<td width=\"792\"><strong><em>Palestra:<\/em><\/strong>\u00a0Parceria P\u00fablico-Privada<\/p>\n<p><strong><em>Ministrante:<\/em><\/strong>\u00a0Prof. Dr. Wanderley Ferreira de Amorim J\u00fanior\/UFCG<\/td>\n<\/tr>\n<tr>\n<td rowspan=\"3\" width=\"76\">\n<p style=\"text-align: center;\">15:00<\/p>\n<\/td>\n<td width=\"792\"><strong><em>Se\u00e7\u00e3o T\u00e9cnica:\u00a0<\/em><\/strong>Atenua\u00e7\u00e3o de Vibra\u00e7\u00e3o em Estrutura Predial com 2GDL Submetida \u00e0 Excita\u00e7\u00e3o de Base Utilizando Absorvedores LMF<\/td>\n<\/tr>\n<tr>\n<td width=\"792\"><strong><em>Se\u00e7\u00e3o T\u00e9cnica:\u00a0<\/em><\/strong>Aplica\u00e7\u00e3o da Termografia na Manuten\u00e7\u00e3o de Equipamentos<\/td>\n<\/tr>\n<tr>\n<td width=\"792\"><strong><strong><em>Se\u00e7\u00e3o T\u00e9cnica:<\/em><\/strong><\/strong>Caracteriza\u00e7\u00e3o da Liga Cu-Zn-Ni Revestida no A\u00e7o A516 Utilizado na Ind\u00fastria do Petr\u00f3leo<\/td>\n<\/tr>\n<tr>\n<td width=\"76\">\n<p style=\"text-align: center;\">15:30<\/p>\n<\/td>\n<td width=\"792\"><strong>Caf\u00e9<\/strong><\/td>\n<\/tr>\n<tr>\n<td rowspan=\"6\" width=\"76\">\n<p style=\"text-align: center;\">16:00<\/p>\n<\/td>\n<td width=\"792\"><strong><em>Se\u00e7\u00e3o T\u00e9cnica:\u00a0<\/em><\/strong>Instrumenta\u00e7\u00e3o e Controle de Sistema Rotativo com Mancal Adaptativo Fabricado com Molas Helicoidais de LMF<\/td>\n<\/tr>\n<tr>\n<td width=\"792\"><strong><em>Se\u00e7\u00e3o T\u00e9cnica:\u00a0<\/em><\/strong>Radia\u00e7\u00e3o T\u00e9rmica em Superf\u00edcies Seletivas<\/td>\n<\/tr>\n<tr>\n<td width=\"792\"><strong><em>Se\u00e7\u00e3o T\u00e9cnica:\u00a0<\/em><\/strong>Estudo do Processamento de Materiais Comp\u00f3sitos com Inserts Embebidos via RTM<\/td>\n<\/tr>\n<tr>\n<td width=\"792\">\n<p style=\"text-align: left;\"><strong><em>Se\u00e7\u00e3o T\u00e9cnica:\u00a0<\/em><\/strong>Controle Passivo de Vibra\u00e7\u00f5es em Estrutura do Tipo P\u00f3rtico Utilizando Absorvedor Din\u00e2mico Pseudoel\u00e1stico<\/p>\n<\/td>\n<\/tr>\n<tr>\n<td width=\"792\"><strong><em>Se\u00e7\u00e3o T\u00e9cnica:\u00a0<\/em><\/strong>Obten\u00e7\u00e3o do Fator de Intensidade de Tens\u00e3o para Trincas Superficiais em Modelo de Vaso de Press\u00e3o: Estudo de Estrutura\u00e7\u00e3o de Malha pelo M\u00e9todo dos Elementos Finitos Estendidos<\/td>\n<\/tr>\n<tr>\n<td width=\"792\">\n<p style=\"text-align: left;\"><strong><em>Se\u00e7\u00e3o T\u00e9cnica:<\/em><\/strong><em>\u00a0<\/em>Desenvolvimento de um Fixador para Procedimentos de Reconstru\u00e7\u00e3o Mandibular Utilizando Liga com Mem\u00f3ria de Forma Ni-Ti<\/p>\n<\/td>\n<\/tr>\n<tr>\n<td width=\"76\">\n<p style=\"text-align: center;\">17:00<\/p>\n<\/td>\n<td width=\"792\"><strong><em>Palestra:<\/em><\/strong>\u00a0Empreendedorismo e Incuba\u00e7\u00e3o<\/p>\n<p><strong><em>Ministrante:<\/em><\/strong>\u00a0Me. Jemerson Figueiredo Dam\u00e1sio\/CITTA<\/td>\n<\/tr>\n<\/tbody>\n<\/table>\n<hr \/>\n<table style=\"height: 1224px;\" width=\"1379\">\n<tbody>\n<tr>\n<td rowspan=\"16\" width=\"180\">\n<h1 style=\"text-align: center;\">14\/12\/2017<\/h1>\n<h1 style=\"text-align: center;\">(QUI)<\/h1>\n<\/td>\n<td width=\"76\">\n<p style=\"text-align: center;\">08:00<\/p>\n<\/td>\n<td width=\"792\"><strong><em>Palestra:<\/em><\/strong><strong>\u00a0<\/strong>P\u00f3s-Gradua\u00e7\u00e3o e a Carreira Acad\u00eamica<\/p>\n<p><strong><em>Ministrante:<\/em><\/strong><strong>\u00a0\u00a0<\/strong>Prof. Dr. Benemar Alencar de Souza\/UFCG<\/td>\n<\/tr>\n<tr>\n<td width=\"76\">\n<p style=\"text-align: center;\">09:00<\/p>\n<\/td>\n<td width=\"792\"><strong><em>Palestra:<\/em><\/strong><strong>\u00a0<\/strong>Escrita Cient\u00edfica e o Processo de Editora\u00e7\u00e3o<\/p>\n<p><strong><em>Ministrante:<\/em><\/strong><strong>\u00a0<\/strong>Prof. Dr. Ant\u00f4nio Gilson Barbosa de Lima\/UFCG<\/td>\n<\/tr>\n<tr>\n<td width=\"76\">\n<p style=\"text-align: center;\">10:00<\/p>\n<\/td>\n<td width=\"792\"><strong>Caf\u00e9<\/strong><\/td>\n<\/tr>\n<tr>\n<td rowspan=\"3\" width=\"76\">\n<p style=\"text-align: center;\">10:30<\/p>\n<\/td>\n<td width=\"792\"><strong><em>Se\u00e7\u00e3o T\u00e9cnica:\u00a0<\/em><\/strong>Avalia\u00e7\u00e3o da Resist\u00eancia \u00e0 Corros\u00e3o dos Revestimentos de Ni-Mo Eletrodepositados sobre A\u00e7o X65<\/td>\n<\/tr>\n<tr>\n<td width=\"792\"><strong><em>Se\u00e7\u00e3o T\u00e9cnica:\u00a0<\/em><\/strong>An\u00e1lise Experimental Quanto aos Efeitos da Dilata\u00e7\u00e3o T\u00e9rmica na Gasolina Automotiva e no Etanol Hidratado<\/td>\n<\/tr>\n<tr>\n<td width=\"792\"><strong><em>Se\u00e7\u00e3o T\u00e9cnica:\u00a0<\/em><\/strong>Estudo do Dano por Impacto via Termografia em Estruturas Comp\u00f3sitas Aplicadas a Ind\u00fastria Aeron\u00e1utica<\/td>\n<\/tr>\n<tr>\n<td width=\"76\">\n<p style=\"text-align: center;\">11:00<\/p>\n<\/td>\n<td width=\"792\"><strong><em>Palestra:\u00a0<\/em><\/strong>Prepara\u00e7\u00e3o e Apresenta\u00e7\u00e3o de Trabalhos Acad\u00eamicos<\/p>\n<p><strong><em>Ministrante:\u00a0<\/em><\/strong>Prof. Dr. Benedito Ant\u00f4nio Luciano\/UFCG<\/td>\n<\/tr>\n<tr>\n<td width=\"76\">\n<p style=\"text-align: center;\">12:00<\/p>\n<\/td>\n<td width=\"792\"><strong>Intervalo<\/strong><\/td>\n<\/tr>\n<tr>\n<td width=\"76\">\n<p style=\"text-align: center;\">14:00<\/p>\n<\/td>\n<td width=\"792\"><strong><em>Palestra:\u00a0<\/em><\/strong>Ferramentas no Aux\u00edlio da Escrita Cient\u00edfica: LaTeX<\/p>\n<p><strong><em>Ministrante:\u00a0<\/em><\/strong>Prof. Dr. Jos\u00e9 Lindomberg Possiano Barreiro\/UFCG<\/td>\n<\/tr>\n<tr>\n<td rowspan=\"4\" width=\"76\">\n<p style=\"text-align: center;\">15:00<\/p>\n<\/td>\n<td width=\"792\"><strong><em>Se\u00e7\u00e3o T\u00e9cnica:\u00a0<\/em><\/strong>Avalia\u00e7\u00e3o da Influ\u00eancia da Geometria do Pino da Ferramenta de Soldagem por Atrito na Resist\u00eancia \u00e0 Tra\u00e7\u00e3o de Juntas Soldadas de Liga de Alum\u00ednio pelo Processo FSW<\/td>\n<\/tr>\n<tr>\n<td width=\"792\"><strong><em>Se\u00e7\u00e3o T\u00e9cnica:\u00a0<\/em><\/strong>Caracteriza\u00e7\u00e3o Mec\u00e2nica e Microestrutural de Juntas Soldadas do A\u00e7o API 5L X80 Utilizando Processo SMAW.<\/td>\n<\/tr>\n<tr>\n<td width=\"792\"><strong><em>Se\u00e7\u00e3o T\u00e9cnica:\u00a0<\/em><\/strong>Efeito da Vibra\u00e7\u00e3o Mec\u00e2nica na Microestrutura do Metal de Solda pelo Processo SMAW<\/td>\n<\/tr>\n<tr>\n<td width=\"792\"><strong><em>Se\u00e7\u00e3o T\u00e9cnica:\u00a0<\/em><\/strong>Estudo Termogr\u00e1fico da Regi\u00e3o das M\u00e3os com Vistas a Auxiliar em Diagn\u00f3sticos de Les\u00f5es por Esfor\u00e7o Repetitivo ou Doen\u00e7as Osteomusculares Relacionadas ao Trabalho<\/td>\n<\/tr>\n<tr>\n<td width=\"76\">\n<p style=\"text-align: center;\">15:40<\/p>\n<\/td>\n<td width=\"792\"><strong>Caf\u00e9<\/strong><\/td>\n<\/tr>\n<tr>\n<td width=\"76\">\n<p style=\"text-align: center;\">16:00<\/p>\n<\/td>\n<td width=\"792\"><strong><em>Palestra:\u00a0<\/em><\/strong>Ind\u00fastria 4.0 e Programa InovaTec<\/p>\n<p><strong><em>Ministrantes:\u00a0<\/em><\/strong>Luis Telles Torres Junior e Euler de Souza Sales<\/td>\n<\/tr>\n<tr>\n<td width=\"76\">\n<p style=\"text-align: center;\">17:00<\/p>\n<\/td>\n<td width=\"792\"><strong><em>Palestra:\u00a0<\/em><\/strong>P\u00f3s-Gradua\u00e7\u00e3o e a Ind\u00fastria<\/p>\n<p><strong><em>Ministrante:\u00a0<\/em><\/strong>Prof. Dr. Ant\u00f4nio Marcus Nogueira Lima\/UFCG<\/td>\n<\/tr>\n<\/tbody>\n<\/table>\n<hr \/>\n<table style=\"height: 389px;\" width=\"1380\">\n<tbody>\n<tr>\n<td rowspan=\"5\" width=\"180\">\n<h1 style=\"text-align: center;\">15\/12\/2017<\/h1>\n<h1 style=\"text-align: center;\">(SEX)<\/h1>\n<\/td>\n<td width=\"76\">\n<p style=\"text-align: center;\">08:00<\/p>\n<\/td>\n<td width=\"792\">\n<p style=\"text-align: left;\"><strong><em>Palestra:<\/em><\/strong><strong>\u00a0<\/strong>Propriedade Intelectual<\/p>\n<p><strong><em>Ministrante:<\/em><\/strong><strong>\u00a0\u00a0<\/strong>Prof. Dr. Jos\u00e9 Nilton Silva\/UFCG<\/td>\n<\/tr>\n<tr>\n<td width=\"76\">\n<p style=\"text-align: center;\">09:00<\/p>\n<\/td>\n<td width=\"792\"><strong><em>Palestra:<\/em><\/strong><strong>\u00a0<\/strong>P\u00f3s-Gradua\u00e7\u00e3o no Exterior<\/p>\n<p><strong><em>Ministrante:<\/em><\/strong><strong>\u00a0<\/strong>Prof. Dr. Michel Fran\u00e7ois Fossy\/UFCG<\/td>\n<\/tr>\n<tr>\n<td width=\"76\">\n<p style=\"text-align: center;\">10:00<\/p>\n<\/td>\n<td width=\"792\"><strong>Caf\u00e9<\/strong><\/td>\n<\/tr>\n<tr>\n<td width=\"76\">\n<p style=\"text-align: center;\">10:30<\/p>\n<\/td>\n<td width=\"792\"><strong><em>Palestra:\u00a0<\/em><\/strong>Metodologia Cient\u00edfica<\/p>\n<p><strong><em>Ministrante:\u00a0<\/em><\/strong>Prof. Dr. Raimundo Nonato Calazans Duarte\/UFCG<\/td>\n<\/tr>\n<tr>\n<td width=\"76\">\n<p style=\"text-align: center;\">11:30<\/p>\n<\/td>\n<td width=\"792\">\n<p style=\"text-align: left;\"><strong>Encerramento<\/strong><\/p>\n<\/td>\n<\/tr>\n<\/tbody>\n<\/table>","protected":false},"excerpt":{"rendered":"<p>In\u00edcio Sobre Programa Autores Anais Contato 13\/12\/2017 (QUA) 08:00 Credenciamento 08:30 Abertura Oficial Prof. Dr. Ant\u00f4nio Almeida Silva\/UFCG 09:00 Palestra:\u00a0Sa\u00fade Mental dos P\u00f3s-Graduandos Ministrante:\u00a0Psic\u00f3loga Ana Clara Nascimento Cabral\/UEPB 10:00 Caf\u00e9 10:30 Se\u00e7\u00e3o T\u00e9cnica:\u00a0Sistema Complementar de Energia T\u00e9rmica (SCET) para o Secador Solar Se\u00e7\u00e3o T\u00e9cnica:\u00a0Identifica\u00e7\u00e3o da Difusividade T\u00e9rmica do A\u00e7o Inox AISI 304 Utilizando um Campo [&hellip;]<\/p>\n","protected":false},"author":1,"featured_media":0,"parent":285,"menu_order":0,"comment_status":"closed","ping_status":"closed","template":"template-fullwidth.php","meta":{"footnotes":""},"class_list":["post-361","page","type-page","status-publish","hentry"],"jetpack_sharing_enabled":true,"_links":{"self":[{"href":"https:\/\/ppgem.ufcg.edu.br\/en\/wp-json\/wp\/v2\/pages\/361","targetHints":{"allow":["GET"]}}],"collection":[{"href":"https:\/\/ppgem.ufcg.edu.br\/en\/wp-json\/wp\/v2\/pages"}],"about":[{"href":"https:\/\/ppgem.ufcg.edu.br\/en\/wp-json\/wp\/v2\/types\/page"}],"author":[{"embeddable":true,"href":"https:\/\/ppgem.ufcg.edu.br\/en\/wp-json\/wp\/v2\/users\/1"}],"replies":[{"embeddable":true,"href":"https:\/\/ppgem.ufcg.edu.br\/en\/wp-json\/wp\/v2\/comments?post=361"}],"version-history":[{"count":0,"href":"https:\/\/ppgem.ufcg.edu.br\/en\/wp-json\/wp\/v2\/pages\/361\/revisions"}],"up":[{"embeddable":true,"href":"https:\/\/ppgem.ufcg.edu.br\/en\/wp-json\/wp\/v2\/pages\/285"}],"wp:attachment":[{"href":"https:\/\/ppgem.ufcg.edu.br\/en\/wp-json\/wp\/v2\/media?parent=361"}],"curies":[{"name":"wp","href":"https:\/\/api.w.org\/{rel}","templated":true}]}}