{"id":386,"date":"2017-12-07T18:42:34","date_gmt":"2017-12-07T20:42:34","guid":{"rendered":"http:\/\/www.ppgem.ufcg.edu.br\/?page_id=386"},"modified":"2017-12-07T18:42:34","modified_gmt":"2017-12-07T20:42:34","slug":"autores","status":"publish","type":"page","link":"https:\/\/ppgem.ufcg.edu.br\/en\/sipgem2017\/autores\/","title":{"rendered":"Autores do SiPGEM 2017"},"content":{"rendered":"<table width=\"100%\">\n<tbody>\n<tr>\n<td width=\"155\">\n<p style=\"text-align: center;\"><strong><a href=\"https:\/\/ppgem.ufcg.edu.br\/en\/sipgem2017\/\">In\u00edcio<\/a><\/strong><\/p>\n<\/td>\n<td width=\"157\">\n<p style=\"text-align: center;\"><strong><a href=\"https:\/\/ppgem.ufcg.edu.br\/en\/sipgem2017sobre\/\">Sobre<\/a><\/strong><\/p>\n<\/td>\n<td width=\"237\">\n<p style=\"text-align: center;\"><strong><a href=\"https:\/\/ppgem.ufcg.edu.br\/en\/sipgem2017\/programa\/\">Programa<\/a><\/strong><\/p>\n<\/td>\n<td width=\"198\">\n<p style=\"text-align: center;\"><strong><a href=\"https:\/\/ppgem.ufcg.edu.br\/en\/sipgem2017\/autores\/\">Autores<\/a><\/strong><\/p>\n<\/td>\n<td width=\"155\">\n<p style=\"text-align: center;\"><strong><a href=\"https:\/\/ppgem.ufcg.edu.br\/en\/sipgem2017\/anais\/\">Anais<\/a><\/strong><\/p>\n<\/td>\n<td width=\"198\">\n<p style=\"text-align: center;\"><strong><a href=\"https:\/\/ppgem.ufcg.edu.br\/en\/sipgem2017\/contato\/\">Contact<\/a><\/strong><\/p>\n<\/td>\n<\/tr>\n<\/tbody>\n<\/table>\n<p>Para a\u00a0<strong>primeira etapa\u00a0da submiss\u00e3o do trabalho ao SiPGEM 2017<\/strong>\u00a0o resumo enviado deve ser estendido, que \u00e9 um arquivo PDF que contenha no m\u00ednino\u00a01000 palavras, que descreva o prop\u00f3sito e o escopo do trabalho, os m\u00e9todos usados, os principais resultados, as contribui\u00e7\u00f5es para o estado-da-arte na \u00e1rea e refer\u00eancias para publica\u00e7\u00f5es pertinentes na literatura.\u00a0Este resumo estendido tem necessariamente que incluir figuras e\/ou dados que apoiem os resultados e contribui\u00e7\u00f5es citados no texto. N\u00e3o deve haver restri\u00e7\u00f5es de formato para o resumo estendido, uma vez que a sua finalidade \u00e9 permitir uma avalia\u00e7\u00e3o da contribui\u00e7\u00e3o t\u00e9cnico-cient\u00edfica potencial do artigo proposto.\u00a0Em outras palavras, o resumo estendido deve ter formato livre. Todos os autores dever\u00e3o\u00a0apresentar\u00a0oralmente o trabalho, como tamb\u00e9m preparar um banner.<\/p>\n<hr \/>\n<p><strong>RESUMO ESTENDIDO:<\/strong><\/p>\n<p>As submiss\u00f5es do resumo estendido podem ser realizadas\u00a0at\u00e9\u00a0<strong>11 de\u00a0dezembro de 2017.<\/strong>\u00a0O\u00a0<em>download<\/em>\u00a0do <em>template<\/em> pode ser realizado\u00a0<a href=\"https:\/\/ppgem.ufcg.edu.br\/en\/sipgem2017\/autores\/attachment\/template_sipgem2017\/\">clicando aqui<\/a>.<\/p>\n<p><strong>PROCESSO DE SUBMISS\u00c3O DO RESUMO ESTENDIDO:<\/strong><\/p>\n<ol>\n<li>O envio \u00e9 realizado via email, para sipgemufcg@gmail.com.<\/li>\n<li>No campo de assunto,\u00a0insira o nome do autor &#8211; SiPGEM 2017.<\/li>\n<li>Em seguida, insira o arquivo PDF do seu Resumo Estendido (Limite de arquivo: 2 MB).<\/li>\n<\/ol>\n<hr \/>\n<p><strong>BANNER:<\/strong><\/p>\n<p>As submiss\u00f5es do\u00a0banner podem ser realizadas\u00a0at\u00e9\u00a0<strong>11 de\u00a0dezembro de 2017.<\/strong>\u00a0O\u00a0<em>download<\/em>\u00a0do\u00a0<em>template<\/em>\u00a0pode ser realizado\u00a0<a href=\"https:\/\/ppgem.ufcg.edu.br\/en\/sipgem2017\/autores\/attachment\/template_poster_sipgem-2017\/\">clicando aqui<\/a>.<\/p>\n<p><strong>PROCESSO DE SUBMISS\u00c3O DO\u00a0BANNER:<\/strong><\/p>\n<ol>\n<li>O envio \u00e9 realizado via email, para sipgemufcg@gmail.com.<\/li>\n<li>No campo de assunto,\u00a0insira o nome do autor &#8211; SiPGEM 2017.<\/li>\n<li>Em seguida, insira o arquivo\u00a0JPEG do seu\u00a0Banner.<\/li>\n<\/ol>","protected":false},"excerpt":{"rendered":"<p>In\u00edcio Sobre Programa Autores Anais Contato Para a\u00a0primeira etapa\u00a0da submiss\u00e3o do trabalho ao SiPGEM 2017\u00a0o resumo enviado deve ser estendido, que \u00e9 um arquivo PDF que contenha no m\u00ednino\u00a01000 palavras, que descreva o prop\u00f3sito e o escopo do trabalho, os m\u00e9todos usados, os principais resultados, as contribui\u00e7\u00f5es para o estado-da-arte na \u00e1rea e refer\u00eancias para [&hellip;]<\/p>\n","protected":false},"author":1,"featured_media":0,"parent":285,"menu_order":0,"comment_status":"closed","ping_status":"closed","template":"template-fullwidth.php","meta":{"footnotes":""},"class_list":["post-386","page","type-page","status-publish","hentry"],"jetpack_sharing_enabled":true,"_links":{"self":[{"href":"https:\/\/ppgem.ufcg.edu.br\/en\/wp-json\/wp\/v2\/pages\/386","targetHints":{"allow":["GET"]}}],"collection":[{"href":"https:\/\/ppgem.ufcg.edu.br\/en\/wp-json\/wp\/v2\/pages"}],"about":[{"href":"https:\/\/ppgem.ufcg.edu.br\/en\/wp-json\/wp\/v2\/types\/page"}],"author":[{"embeddable":true,"href":"https:\/\/ppgem.ufcg.edu.br\/en\/wp-json\/wp\/v2\/users\/1"}],"replies":[{"embeddable":true,"href":"https:\/\/ppgem.ufcg.edu.br\/en\/wp-json\/wp\/v2\/comments?post=386"}],"version-history":[{"count":0,"href":"https:\/\/ppgem.ufcg.edu.br\/en\/wp-json\/wp\/v2\/pages\/386\/revisions"}],"up":[{"embeddable":true,"href":"https:\/\/ppgem.ufcg.edu.br\/en\/wp-json\/wp\/v2\/pages\/285"}],"wp:attachment":[{"href":"https:\/\/ppgem.ufcg.edu.br\/en\/wp-json\/wp\/v2\/media?parent=386"}],"curies":[{"name":"wp","href":"https:\/\/api.w.org\/{rel}","templated":true}]}}