{"id":401,"date":"2017-12-07T19:46:55","date_gmt":"2017-12-07T21:46:55","guid":{"rendered":"http:\/\/www.ppgem.ufcg.edu.br\/?page_id=401"},"modified":"2017-12-07T19:46:55","modified_gmt":"2017-12-07T21:46:55","slug":"anais","status":"publish","type":"page","link":"https:\/\/ppgem.ufcg.edu.br\/en\/sipgem2017\/anais\/","title":{"rendered":"Anais do SiPGEM"},"content":{"rendered":"<table width=\"100%\">\n<tbody>\n<tr>\n<td width=\"155\">\n<p style=\"text-align: center;\"><strong><a href=\"https:\/\/ppgem.ufcg.edu.br\/en\/sipgem2017\/\">In\u00edcio<\/a><\/strong><\/p>\n<\/td>\n<td width=\"157\">\n<p style=\"text-align: center;\"><strong><a href=\"https:\/\/ppgem.ufcg.edu.br\/en\/sipgem2017sobre\/\">Sobre<\/a><\/strong><\/p>\n<\/td>\n<td width=\"237\">\n<p style=\"text-align: center;\"><strong><a href=\"https:\/\/ppgem.ufcg.edu.br\/en\/sipgem2017\/programa\/\">Programa<\/a><\/strong><\/p>\n<\/td>\n<td width=\"198\">\n<p style=\"text-align: center;\"><strong><a href=\"https:\/\/ppgem.ufcg.edu.br\/en\/sipgem2017\/autores\/\">Autores<\/a><\/strong><\/p>\n<\/td>\n<td width=\"155\">\n<p style=\"text-align: center;\"><strong><a href=\"https:\/\/ppgem.ufcg.edu.br\/en\/sipgem2017\/anais-do-sipgem\/\">Anais<\/a><\/strong><\/p>\n<\/td>\n<td width=\"198\">\n<p style=\"text-align: center;\"><strong><a href=\"https:\/\/ppgem.ufcg.edu.br\/en\/sipgem2017\/contato\/\">Contact<\/a><\/strong><\/p>\n<\/td>\n<\/tr>\n<\/tbody>\n<\/table>\n<p><strong>ANAIS 2017<\/strong><\/p>\n<ul>\n<li><a href=\"http:\/\/ppgem.ufcg.edu.br\/en\/arquivos\/Sipgem2017\/AnaisSipgem2017\/An\u00e1lise Experimental Quanto aos Efeitos da Dilata\u00e7\u00e3o T\u00e9rmica na Gasolina Automotiva e no Etanol Hidratado.pdf\/\" target=\"_blank\" rel=\"noopener\">An\u00e1lise Experimental Quanto aos Efeitos da Dilata\u00e7\u00e3o T\u00e9rmica na Gasolina Automotiva e no Etanol Hidratado<\/a><\/li>\n<li><a href=\"https:\/\/ppgem.ufcg.edu.br\/en\/arquivos\/Sipgem2017\/AnaisSipgem2017\/Aplica\u00e7\u00e3o da Termografia na Manuten\u00e7\u00e3o de Equipamentos (visto).pdf\/\" target=\"_blank\" rel=\"noopener\">Aplica\u00e7\u00e3o da Termografia na Manuten\u00e7\u00e3o de Equipamentos<\/a><\/li>\n<li><a href=\"https:\/\/ppgem.ufcg.edu.br\/en\/arquivos\/Sipgem2017\/AnaisSipgem2017\/Atenua\u00e7\u00e3o de Vibra\u00e7\u00e3o em Estrutura Predial com 2GDL Submetida \u00e0 Excita\u00e7\u00e3o de Base Utilizando Absorvedores LMF (visto).pdf&quot;\/\" target=\"_blank\" rel=\"noopener\">Atenua\u00e7\u00e3o de Vibra\u00e7\u00e3o em Estrutura Predial com 2GDL Submetida \u00e0 Excita\u00e7\u00e3o de Base Utilizando Absorvedores LMF<\/a><\/li>\n<li><a href=\"https:\/\/ppgem.ufcg.edu.br\/en\/arquivos\/Sipgem2017\/AnaisSipgem2017\/Avalia\u00e7\u00e3o da influ\u00eancia da geometria do pino da ferramenta de soldagem por atrito na resist\u00eancia \u00e0 tra\u00e7\u00e3o de juntas soldadas de liga de alum\u00ednio pelo processo FSW (visto).pdf\/\" target=\"_blank\" rel=\"noopener\">Avalia\u00e7\u00e3o da influ\u00eancia da geometria do pino da ferramenta de soldagem por atrito na resist\u00eancia \u00e0 tra\u00e7\u00e3o de juntas soldadas de liga de alum\u00ednio pelo processo FSW<\/a><\/li>\n<li><a href=\"https:\/\/ppgem.ufcg.edu.br\/en\/arquivos\/Sipgem2017\/AnaisSipgem2017\/Avalia\u00e7\u00e3o da Resist\u00eancia \u00e0 Corros\u00e3o dos Revestimentos de Ni-Mo Eletrodepositados sobre A\u00e7o X65 (visto).pdf\/\" target=\"_blank\" rel=\"noopener\">Avalia\u00e7\u00e3o da Resist\u00eancia \u00e0 Corros\u00e3o dos Revestimentos de Ni-Mo Eletrodepositados sobre A\u00e7o X65<\/a><\/li>\n<li><a href=\"https:\/\/ppgem.ufcg.edu.br\/en\/arquivos\/Sipgem2017\/AnaisSipgem2017\/Caracteriza\u00e7\u00e3o da Liga Cu-Zn-Ni Revestida no A\u00e7o A516 Utilizado na Ind\u00fastria do Petr\u00f3leo (visto).pdf\/\" target=\"_blank\" rel=\"noopener\">Caracteriza\u00e7\u00e3o da Liga Cu-Zn-Ni Revestida no A\u00e7o A516 Utilizado na Ind\u00fastria do Petr\u00f3leo<\/a><\/li>\n<li><a href=\"https:\/\/ppgem.ufcg.edu.br\/en\/arquivos\/Sipgem2017\/AnaisSipgem2017\/Caracteriza\u00e7\u00e3o Mec\u00e2nica e Microestrutural de Juntas Soldadas do A\u00e7o API 5L X80 Utilizando Processo SMAW (visto).pdf\/\" target=\"_blank\" rel=\"noopener\">Caracteriza\u00e7\u00e3o Mec\u00e2nica e Microestrutural de Juntas Soldadas do A\u00e7o API 5L X80 Utilizando Processo SMAW<\/a><\/li>\n<li><a href=\"https:\/\/ppgem.ufcg.edu.br\/en\/arquivos\/Sipgem2017\/AnaisSipgem2017\/Controle Passivo de Vibra\u00e7\u00f5es em Estrutura do Tipo P\u00f3rtico Utilizando Absorvedor Din\u00e2mico Pseudoel\u00e1stico (visto).pdf\/\" target=\"_blank\" rel=\"noopener\">Controle Passivo de Vibra\u00e7\u00f5es em Estrutura do Tipo P\u00f3rtico Utilizando Absorvedor Din\u00e2mico Pseudoel\u00e1stico<\/a><\/li>\n<li><a href=\"https:\/\/ppgem.ufcg.edu.br\/en\/arquivos\/Sipgem2017\/AnaisSipgem2017\/Desenvolvimento de um Fixador para Procedimentos de Reconstru\u00e7\u00e3o Mandibular Utilizando Liga com Mem\u00f3ria de Forma Ni-Ti(visto).pdf\/\" target=\"_blank\" rel=\"noopener\">Desenvolvimento de um Fixador para Procedimentos de Reconstru\u00e7\u00e3o Mandibular Utilizando Liga com Mem\u00f3ria de Forma Ni-Ti<\/a><\/li>\n<li><a href=\"https:\/\/ppgem.ufcg.edu.br\/en\/arquivos\/Sipgem2017\/AnaisSipgem2017\/Efeito da Vibra\u00e7\u00e3o Mec\u00e2nica na Microestrutura do Metal de Solda pelo Processo SMAW (visto).pdf\/\" target=\"_blank\" rel=\"noopener\">Efeito da Vibra\u00e7\u00e3o Mec\u00e2nica na Microestrutura do Metal de Solda pelo Processo SMAW<\/a><\/li>\n<li><a href=\"https:\/\/ppgem.ufcg.edu.br\/en\/arquivos\/Sipgem2017\/AnaisSipgem2017\/Estudo do Dano por Impacto via Termografia em Estruturas Comp\u00f3sitas Aplicadas a Ind\u00fastria Aeron\u00e1utica (visto).pdf\/\" target=\"_blank\" rel=\"noopener\">Estudo do Dano por Impacto via Termografia em Estruturas Comp\u00f3sitas Aplicadas a Ind\u00fastria Aeron\u00e1utica<\/a><\/li>\n<li><a href=\"https:\/\/ppgem.ufcg.edu.br\/en\/arquivos\/Sipgem2017\/AnaisSipgem2017\/Estudo do Processamento de Materiais Comp\u00f3sitos com Inserts Embebidos via RTM (visto).pdf\/\" target=\"_blank\" rel=\"noopener\">Estudo do Processamento de Materiais Comp\u00f3sitos com Inserts Embebidos via RTM<\/a><\/li>\n<li><a href=\"https:\/\/ppgem.ufcg.edu.br\/en\/arquivos\/Sipgem2017\/AnaisSipgem2017\/Estudo Termogr\u00e1fico da Regi\u00e3o das M\u00e3os com Vistas (visto).pdf\/\" target=\"_blank\" rel=\"noopener\">Estudo Termogr\u00e1fico da Regi\u00e3o das M\u00e3os com Vistas<\/a><\/li>\n<li><a href=\"https:\/\/ppgem.ufcg.edu.br\/en\/arquivos\/Sipgem2017\/AnaisSipgem2017\/Identifica\u00e7\u00e3o da difusividade t\u00e9rmica do a\u00e7o inox AISI 304 utilizando um campo de temperatura peri\u00f3dico.pdf\/\" target=\"_blank\" rel=\"noopener\">Identifica\u00e7\u00e3o da difusividade t\u00e9rmica do a\u00e7o inox AISI 304 utilizando um campo de temperatura peri\u00f3dico<\/a><\/li>\n<li><a href=\"https:\/\/ppgem.ufcg.edu.br\/en\/arquivos\/Sipgem2017\/AnaisSipgem2017\/INSTRUMENTA\u00c7\u00c3O E CONTROLE DE SISTEMA ROTATIVO COM MANCAL ADAPTATIVO FABRICADO COM MOLAS HELICOIDAIS DE LMF (visto).pdf\/\" target=\"_blank\" rel=\"noopener\">Instrumenta\u00e7\u00e3o e controle de sistema rotativo com mancal adaptativo fabricado com molas helicoidais de LMF<\/a><\/li>\n<li><a href=\"https:\/\/ppgem.ufcg.edu.br\/en\/arquivos\/Sipgem2017\/AnaisSipgem2017\/Obten\u00e7\u00e3o do Fator de Intensidade de Tens\u00e3o para Trincas Superficiais em Modelo de Vaso de Press\u00e3o (visto).pdf\/\" target=\"_blank\" rel=\"noopener\">Obten\u00e7\u00e3o do Fator de Intensidade de Tens\u00e3o para Trincas Superficiais em Modelo de Vaso de Press\u00e3o<\/a><\/li>\n<li><a href=\"https:\/\/ppgem.ufcg.edu.br\/en\/arquivos\/Sipgem2017\/AnaisSipgem2017\/Radia\u00e7\u00e3o T\u00e9rmica em Superf\u00edcies Seletivas (visto).pdf\/\" target=\"_blank\" rel=\"noopener\">Radia\u00e7\u00e3o T\u00e9rmica em Superf\u00edcies Seletivas<\/a><\/li>\n<li><a href=\"https:\/\/ppgem.ufcg.edu.br\/en\/arquivos\/Sipgem2017\/AnaisSipgem2017\/Sistema Complementar de Energia T\u00e9rmica (SCET) para o Secador Solar (visto).pdf\/\" target=\"_blank\" rel=\"noopener\">Sistema Complementar de Energia T\u00e9rmica (SCET) para o Secador Solar<\/a><\/li>\n<\/ul>\n<p>&nbsp;<\/p>\n<p>&nbsp;<\/p>\n<p>&nbsp;<\/p>\n<p>&nbsp;<\/p>\n<p>&nbsp;<\/p>\n<p>&nbsp;<\/p>\n<p>&nbsp;<\/p>","protected":false},"excerpt":{"rendered":"<p>In\u00edcio Sobre Programa Autores Anais Contato ANAIS 2017 An\u00e1lise Experimental Quanto aos Efeitos da Dilata\u00e7\u00e3o T\u00e9rmica na Gasolina Automotiva e no Etanol Hidratado Aplica\u00e7\u00e3o da Termografia na Manuten\u00e7\u00e3o de Equipamentos Atenua\u00e7\u00e3o de Vibra\u00e7\u00e3o em Estrutura Predial com 2GDL Submetida \u00e0 Excita\u00e7\u00e3o de Base Utilizando Absorvedores LMF Avalia\u00e7\u00e3o da influ\u00eancia da geometria do pino da ferramenta [&hellip;]<\/p>\n","protected":false},"author":1,"featured_media":0,"parent":285,"menu_order":0,"comment_status":"closed","ping_status":"closed","template":"template-fullwidth.php","meta":{"footnotes":""},"class_list":["post-401","page","type-page","status-publish","hentry"],"jetpack_sharing_enabled":true,"_links":{"self":[{"href":"https:\/\/ppgem.ufcg.edu.br\/en\/wp-json\/wp\/v2\/pages\/401","targetHints":{"allow":["GET"]}}],"collection":[{"href":"https:\/\/ppgem.ufcg.edu.br\/en\/wp-json\/wp\/v2\/pages"}],"about":[{"href":"https:\/\/ppgem.ufcg.edu.br\/en\/wp-json\/wp\/v2\/types\/page"}],"author":[{"embeddable":true,"href":"https:\/\/ppgem.ufcg.edu.br\/en\/wp-json\/wp\/v2\/users\/1"}],"replies":[{"embeddable":true,"href":"https:\/\/ppgem.ufcg.edu.br\/en\/wp-json\/wp\/v2\/comments?post=401"}],"version-history":[{"count":0,"href":"https:\/\/ppgem.ufcg.edu.br\/en\/wp-json\/wp\/v2\/pages\/401\/revisions"}],"up":[{"embeddable":true,"href":"https:\/\/ppgem.ufcg.edu.br\/en\/wp-json\/wp\/v2\/pages\/285"}],"wp:attachment":[{"href":"https:\/\/ppgem.ufcg.edu.br\/en\/wp-json\/wp\/v2\/media?parent=401"}],"curies":[{"name":"wp","href":"https:\/\/api.w.org\/{rel}","templated":true}]}}