{"id":46,"date":"2017-02-24T12:56:57","date_gmt":"2017-02-24T15:56:57","guid":{"rendered":"http:\/\/server2.cct.ufcg.edu.br\/ppgem\/?page_id=46"},"modified":"2023-05-03T11:40:03","modified_gmt":"2023-05-03T14:40:03","slug":"laboratorios","status":"publish","type":"page","link":"https:\/\/ppgem.ufcg.edu.br\/en\/pesquisa-e-extensao\/laboratorios\/","title":{"rendered":"Labs"},"content":{"rendered":"<h2 style=\"font-size: 20px;\"><\/h2>\n<p style=\"font-size: 20px;\">A infraestrutura laboratorial associada ao PPGEM vem contando com melhorias nos \u00faltimos anos tendo adquirido v\u00e1rios equipamentos multiusu\u00e1rios, em chamadas p\u00fablicas gerenciadas institucionalmente, a exemplo dos editais PROEQUIPAMENTOS (CAPES) e PRO-INFRA (FINEP), e da participa\u00e7\u00e3o de alguns docentes do programa em projetos de pesquisa de maior envergadura, como o projeto do INCT-EIE que vem proporcionando um consider\u00e1vel crescimento do Laborat\u00f3rio Multidisciplinar de Materiais e Estruturas Ativas (LaMMEA) e do Laborat\u00f3rio de Vibra\u00e7\u00f5es e Instrumenta\u00e7\u00e3o (LVI).<\/p>\n<hr \/>\n<h2 style=\"text-align: center;\">LABORAT\u00d3RIO DE SOLDAGEM &#8211; LabSol<\/h2>\n<p><img loading=\"lazy\" decoding=\"async\" class=\"size-medium wp-image-1848 alignleft\" src=\"https:\/\/ppgem.ufcg.edu.br\/wp-content\/uploads\/2023\/05\/1-300x135.jpeg\" alt=\"\" width=\"300\" height=\"135\" srcset=\"https:\/\/ppgem.ufcg.edu.br\/wp-content\/uploads\/2023\/05\/1-300x135.jpeg 300w, https:\/\/ppgem.ufcg.edu.br\/wp-content\/uploads\/2023\/05\/1-1024x461.jpeg 1024w, https:\/\/ppgem.ufcg.edu.br\/wp-content\/uploads\/2023\/05\/1-768x346.jpeg 768w, https:\/\/ppgem.ufcg.edu.br\/wp-content\/uploads\/2023\/05\/1-1536x691.jpeg 1536w, https:\/\/ppgem.ufcg.edu.br\/wp-content\/uploads\/2023\/05\/1-18x8.jpeg 18w, https:\/\/ppgem.ufcg.edu.br\/wp-content\/uploads\/2023\/05\/1.jpeg 1600w\" sizes=\"auto, (max-width: 300px) 100vw, 300px\" \/> <img loading=\"lazy\" decoding=\"async\" class=\"alignnone size-medium wp-image-1849\" src=\"https:\/\/ppgem.ufcg.edu.br\/wp-content\/uploads\/2023\/05\/4-300x135.jpeg\" alt=\"\" width=\"300\" height=\"135\" srcset=\"https:\/\/ppgem.ufcg.edu.br\/wp-content\/uploads\/2023\/05\/4-300x135.jpeg 300w, https:\/\/ppgem.ufcg.edu.br\/wp-content\/uploads\/2023\/05\/4-1024x461.jpeg 1024w, https:\/\/ppgem.ufcg.edu.br\/wp-content\/uploads\/2023\/05\/4-768x346.jpeg 768w, https:\/\/ppgem.ufcg.edu.br\/wp-content\/uploads\/2023\/05\/4-1536x691.jpeg 1536w, https:\/\/ppgem.ufcg.edu.br\/wp-content\/uploads\/2023\/05\/4-18x8.jpeg 18w, https:\/\/ppgem.ufcg.edu.br\/wp-content\/uploads\/2023\/05\/4.jpeg 1600w\" sizes=\"auto, (max-width: 300px) 100vw, 300px\" \/> <img loading=\"lazy\" decoding=\"async\" class=\"size-medium wp-image-1850 alignleft\" src=\"https:\/\/ppgem.ufcg.edu.br\/wp-content\/uploads\/2023\/05\/2-135x300.jpeg\" alt=\"\" width=\"135\" height=\"300\" srcset=\"https:\/\/ppgem.ufcg.edu.br\/wp-content\/uploads\/2023\/05\/2-135x300.jpeg 135w, https:\/\/ppgem.ufcg.edu.br\/wp-content\/uploads\/2023\/05\/2-461x1024.jpeg 461w, https:\/\/ppgem.ufcg.edu.br\/wp-content\/uploads\/2023\/05\/2-691x1536.jpeg 691w, https:\/\/ppgem.ufcg.edu.br\/wp-content\/uploads\/2023\/05\/2-5x12.jpeg 5w, https:\/\/ppgem.ufcg.edu.br\/wp-content\/uploads\/2023\/05\/2.jpeg 720w\" sizes=\"auto, (max-width: 135px) 100vw, 135px\" \/> <img loading=\"lazy\" decoding=\"async\" class=\"alignnone size-medium wp-image-1851\" src=\"https:\/\/ppgem.ufcg.edu.br\/wp-content\/uploads\/2023\/05\/3-300x135.jpeg\" alt=\"\" width=\"300\" height=\"135\" srcset=\"https:\/\/ppgem.ufcg.edu.br\/wp-content\/uploads\/2023\/05\/3-300x135.jpeg 300w, https:\/\/ppgem.ufcg.edu.br\/wp-content\/uploads\/2023\/05\/3-1024x461.jpeg 1024w, https:\/\/ppgem.ufcg.edu.br\/wp-content\/uploads\/2023\/05\/3-768x346.jpeg 768w, https:\/\/ppgem.ufcg.edu.br\/wp-content\/uploads\/2023\/05\/3-1536x691.jpeg 1536w, https:\/\/ppgem.ufcg.edu.br\/wp-content\/uploads\/2023\/05\/3-18x8.jpeg 18w, https:\/\/ppgem.ufcg.edu.br\/wp-content\/uploads\/2023\/05\/3.jpeg 1600w\" sizes=\"auto, (max-width: 300px) 100vw, 300px\" \/> <img loading=\"lazy\" decoding=\"async\" class=\"alignnone size-medium wp-image-1852\" src=\"https:\/\/ppgem.ufcg.edu.br\/wp-content\/uploads\/2023\/05\/5-300x135.jpeg\" alt=\"\" width=\"300\" height=\"135\" srcset=\"https:\/\/ppgem.ufcg.edu.br\/wp-content\/uploads\/2023\/05\/5-300x135.jpeg 300w, https:\/\/ppgem.ufcg.edu.br\/wp-content\/uploads\/2023\/05\/5-1024x461.jpeg 1024w, https:\/\/ppgem.ufcg.edu.br\/wp-content\/uploads\/2023\/05\/5-768x346.jpeg 768w, https:\/\/ppgem.ufcg.edu.br\/wp-content\/uploads\/2023\/05\/5-1536x691.jpeg 1536w, https:\/\/ppgem.ufcg.edu.br\/wp-content\/uploads\/2023\/05\/5-18x8.jpeg 18w, https:\/\/ppgem.ufcg.edu.br\/wp-content\/uploads\/2023\/05\/5.jpeg 1600w\" sizes=\"auto, (max-width: 300px) 100vw, 300px\" \/><\/p>\n<h2><\/h2>\n<p style=\"text-align: left;\">O Laborat\u00f3rio de Soldagem (LabSol) da Unidade Acad\u00eamica de Engenharia Mec\u00e2nica (UAEM- UFCG) ao longo de sua exist\u00eancia tem possibilitado o desenvolvimento de diversos trabalhos acad\u00eamicos na \u00e1rea de metalurgia da soldagem, especificamente em estudos de soldagem ao arco el\u00e9trico. A infraestrutura do laborat\u00f3rio conta com equipamentos para os execu\u00e7\u00e3o de diferentes processos de soldagem ao arco, podendo-se citar: SMAW &#8211; Soldagem Eletrodo Revestido; SAW &#8211; Soldagem Arco Submerso; GMAW &#8211; Soldagem MIG\/MAG; e GTAW &#8211; Soldagem TIG. O laborat\u00f3rio conta ainda com diversas m\u00e1quinas e equipamentos para apoio na realiza\u00e7\u00e3o da prepara\u00e7\u00e3o de amostras, armazenamento e conserva\u00e7\u00e3o de consum\u00edveis, como fornos el\u00e9tricos de indu\u00e7\u00e3o, estufas de secagem e entre outros equipamentos de<br \/>\nusinagem (serra, furadeira e fresadora). Recentemente, o grupo de pesquisa LabSol tem se destacado na regi\u00e3o Nordeste do Brasil devido ao trabalho com desenvolvimento de tecnologias de automatiza\u00e7\u00e3o da soldagem, empregando t\u00e9cnicas de controle e circuitos microprocessados para monitoramento e otimiza\u00e7\u00e3o dos par\u00e2metros de soldagem. Al\u00e9m do desenvolvimento de equipamentos e t\u00e9cnicas de intelig\u00eancia artificial (IA) e manufatura aditiva por soldagem a arco, mais conhecida por impress\u00e3o 3D de metais. Favorecendo, desta forma, o desenvolvimento de temas atuais de pesquisa e inova\u00e7\u00e3o com foque as demandas da Industria 4.0. O que tem sido motivo para a atual capita\u00e7\u00e3o e aprova\u00e7\u00e3o de recursos em chamadas nacionais de apoio ao desenvolvimento da pesquisa cient\u00edfica e tecnol\u00f3gica.<\/p>\n<p style=\"text-align: left;\">Tendo como principais \u00e1reas em desenvolvimento atualmente no LabSol:<br \/>\n\uf0b7 \u00c1rea: Engenharia de Materiais e Metal\u00fargica \/ Sub\u00e1rea: Metalurgia de Transforma\u00e7\u00e3o\/Especialidade: Soldagem.<br \/>\n\uf0b7 \u00c1rea: Rob\u00f3tica, Mecatr\u00f4nica e Automa\u00e7\u00e3o<\/p>\n<h3 style=\"text-align: center;\"><strong><u>Linha de Pesquisa:\u00a0<\/u>An\u00e1lise e Projeto de Sistemas Termomec\u00e2nico<\/strong>s<\/h3>\n<h2 style=\"text-align: center;\">LABORAT\u00d3RIO DE PESQUISA E SIMULA\u00c7\u00c3O EM ENHENHARIA DE PETR\u00d3LEO &#8211; SimPetro<\/h2>\n<p><img loading=\"lazy\" decoding=\"async\" class=\"alignnone size-medium wp-image-1805\" src=\"https:\/\/ppgem.ufcg.edu.br\/wp-content\/uploads\/2023\/04\/image-5-300x225.png\" alt=\"\" width=\"300\" height=\"225\" srcset=\"https:\/\/ppgem.ufcg.edu.br\/wp-content\/uploads\/2023\/04\/image-5-300x225.png 300w, https:\/\/ppgem.ufcg.edu.br\/wp-content\/uploads\/2023\/04\/image-5-16x12.png 16w, https:\/\/ppgem.ufcg.edu.br\/wp-content\/uploads\/2023\/04\/image-5.png 519w\" sizes=\"auto, (max-width: 300px) 100vw, 300px\" \/> <img loading=\"lazy\" decoding=\"async\" class=\"alignnone size-medium wp-image-1806\" src=\"https:\/\/ppgem.ufcg.edu.br\/wp-content\/uploads\/2023\/04\/image-4-216x300.png\" alt=\"\" width=\"216\" height=\"300\" srcset=\"https:\/\/ppgem.ufcg.edu.br\/wp-content\/uploads\/2023\/04\/image-4-216x300.png 216w, https:\/\/ppgem.ufcg.edu.br\/wp-content\/uploads\/2023\/04\/image-4-9x12.png 9w, https:\/\/ppgem.ufcg.edu.br\/wp-content\/uploads\/2023\/04\/image-4.png 307w\" sizes=\"auto, (max-width: 216px) 100vw, 216px\" \/> <img loading=\"lazy\" decoding=\"async\" class=\"alignnone size-medium wp-image-1807\" src=\"https:\/\/ppgem.ufcg.edu.br\/wp-content\/uploads\/2023\/04\/image-3-300x225.png\" alt=\"\" width=\"300\" height=\"225\" srcset=\"https:\/\/ppgem.ufcg.edu.br\/wp-content\/uploads\/2023\/04\/image-3-300x225.png 300w, https:\/\/ppgem.ufcg.edu.br\/wp-content\/uploads\/2023\/04\/image-3-16x12.png 16w, https:\/\/ppgem.ufcg.edu.br\/wp-content\/uploads\/2023\/04\/image-3.png 760w\" sizes=\"auto, (max-width: 300px) 100vw, 300px\" \/> <img loading=\"lazy\" decoding=\"async\" class=\"alignnone size-medium wp-image-1808\" src=\"https:\/\/ppgem.ufcg.edu.br\/wp-content\/uploads\/2023\/04\/image-2-300x225.png\" alt=\"\" width=\"300\" height=\"225\" srcset=\"https:\/\/ppgem.ufcg.edu.br\/wp-content\/uploads\/2023\/04\/image-2-300x225.png 300w, https:\/\/ppgem.ufcg.edu.br\/wp-content\/uploads\/2023\/04\/image-2-16x12.png 16w, https:\/\/ppgem.ufcg.edu.br\/wp-content\/uploads\/2023\/04\/image-2.png 619w\" sizes=\"auto, (max-width: 300px) 100vw, 300px\" \/> <img loading=\"lazy\" decoding=\"async\" class=\"alignnone size-medium wp-image-1809\" src=\"https:\/\/ppgem.ufcg.edu.br\/wp-content\/uploads\/2023\/04\/image-1-225x300.png\" alt=\"\" width=\"225\" height=\"300\" srcset=\"https:\/\/ppgem.ufcg.edu.br\/wp-content\/uploads\/2023\/04\/image-1-225x300.png 225w, https:\/\/ppgem.ufcg.edu.br\/wp-content\/uploads\/2023\/04\/image-1-9x12.png 9w, https:\/\/ppgem.ufcg.edu.br\/wp-content\/uploads\/2023\/04\/image-1.png 594w\" sizes=\"auto, (max-width: 225px) 100vw, 225px\" \/> <img loading=\"lazy\" decoding=\"async\" class=\"alignnone size-medium wp-image-1810\" src=\"https:\/\/ppgem.ufcg.edu.br\/wp-content\/uploads\/2023\/04\/image-225x300.png\" alt=\"\" width=\"225\" height=\"300\" srcset=\"https:\/\/ppgem.ufcg.edu.br\/wp-content\/uploads\/2023\/04\/image-225x300.png 225w, https:\/\/ppgem.ufcg.edu.br\/wp-content\/uploads\/2023\/04\/image-9x12.png 9w, https:\/\/ppgem.ufcg.edu.br\/wp-content\/uploads\/2023\/04\/image.png 391w\" sizes=\"auto, (max-width: 225px) 100vw, 225px\" \/><\/p>\n<p><span style=\"font-size: large;\">O Laborat\u00f3rio de Pesquisa e Simula\u00e7\u00e3o em Engenharia de Petr\u00f3leo \u2013\u00a0SimPetro, nasceu atrav\u00e9s da Superintend\u00eancia de Pesquisa de Desenvolvimento Tecnol\u00f3gico da Ag\u00eancia Nacional do Petr\u00f3leo, G\u00e1s e Biocombust\u00edveis &#8211; ANP, no uso das atribui\u00e7\u00f5es que lhe foram conferidas pela Portaria ANP n\u00ba 254, de 08 de julho de 2014, considerando a Resolu\u00e7\u00e3o ANP n\u00ba 47\/2012 e o Regulamento T\u00e9cnico ANP n\u00ba 07\/2012, que disp\u00f5em sobre os crit\u00e9rios e procedimentos para credenciamento de Institui\u00e7\u00f5es de Pesquisa e Desenvolvimento, no \u00e2mbito dos Contratos para Explora\u00e7\u00e3o, Desenvolvimento e Produ\u00e7\u00e3o de Petr\u00f3leo e G\u00e1s Natural, tornou p\u00fablico em:<\/span><\/p>\n<p><span style=\"font-size: large;\">DESPACHO N\u00ba 1.397, DE 17.12.2018 &#8211; DOU 18.12.2018 o seguinte ato:\u00a0<\/span><span style=\"font-size: large;\">Fica CREDENCIADA N\u00ba 0846\/2018 a Unidade de Pesquisa abaixo qualificada, habilitando-a a realizar atividades de pesquisa e desenvolvimento com recursos provenientes da Cl\u00e1usula de Investimento em Pesquisa e Desenvolvimento, em conformidade com as normas t\u00e9cnicas pertinentes, devendo estar relacionadas \u00e0 linha de pesquisa abaixo:<\/span><\/p>\n<p><span style=\"font-size: large;\">\u00c1rea: EXPLORA\u00c7\u00c3O E PRODU\u00c7\u00c3O DE PETR\u00d3LEO E G\u00c1S NATURAL &#8211; ONSHORE E OFFSHORE (Engenharia de Po\u00e7o, Eleva\u00e7\u00e3o Artificial e Escoamento Multif\u00e1sico, Modelagem e Simula\u00e7\u00e3o, Interface Forma\u00e7\u00e3o \u2013 Po\u00e7o, modelagem computacional do Fluxo de Fluidos em Meios Porosos\u00a0<\/span><\/p>\n<div>\n<p><span style=\"font-size: large;\">O\u00a0SimPetro\u00a0firmou uma parceria com a PETROBRAS em 2018 atrav\u00e9s do termo de coopera\u00e7\u00e3o N\u00ba 4600597859 onde foi poss\u00edvel capitar recursos para aquisi\u00e7\u00e3o de uma infraestrutura moderna com computadores (esta\u00e7\u00f5es de trabalho) modernos capacidade de realizar processamento em paralelo\u00a0in cloud\u00a0gerenciada pelo VMware possibilitando a cria\u00e7\u00e3o de m\u00e1quinas virtuais, essa solu\u00e7\u00e3o oferece \u00e0s organiza\u00e7\u00f5es maior controle de suas cargas de trabalho, implantando uma infraestrutura\u00a0hiperconvergente\u00a0moderna em datacenters locais,\u00a0edge\u00a0e\u00a0co-loca\u00e7\u00f5es.<\/span><\/p>\n<\/div>\n<h3 style=\"text-align: center;\"><strong><u>Linha de Pesquisa:\u00a0<\/u>Fen\u00f4menos de Transporte e Energia<\/strong><\/h3>\n<h2><\/h2>\n<h2 style=\"text-align: center;\">LABORAT\u00d3RIO DE VIBRA\u00c7\u00d5ES E INSTRUMENTA\u00c7\u00c3O (LVI)<\/h2>\n<p class=\"Corpo\" style=\"margin-right: 0cm; text-align: center;\" align=\"center\"><strong><u>Linha de Pesquisa:\u00a0\u00a0<\/u>An\u00e1lise e Projeto de Sistemas Termomec\u00e2nico<\/strong>s<\/p>\n<p style=\"font-size: 20px;\"><img loading=\"lazy\" decoding=\"async\" class=\"wp-image-172 aligncenter\" src=\"https:\/\/test.cct.ufcg.edu.br\/wp-content\/uploads\/2017\/02\/LVI-300x224.jpg\" alt=\"\" width=\"554\" height=\"414\" srcset=\"https:\/\/ppgem.ufcg.edu.br\/wp-content\/uploads\/2017\/02\/LVI-300x224.jpg 300w, https:\/\/ppgem.ufcg.edu.br\/wp-content\/uploads\/2017\/02\/LVI-768x575.jpg 768w, https:\/\/ppgem.ufcg.edu.br\/wp-content\/uploads\/2017\/02\/LVI.jpg 778w\" sizes=\"auto, (max-width: 554px) 100vw, 554px\" \/><\/p>\n<hr \/>\n<h2 style=\"text-align: center;\" align=\"center\">LABORAT\u00d3RIO MULTIDISCIPLINAR DE MATERIAIS E ESTRUTURAS ATIVAS<\/h2>\n<p class=\"Corpo\" style=\"text-indent: 0cm; text-align: center;\" align=\"center\"><strong>\u00a0<u>Linha de Pesquisa:\u00a0<\/u>An\u00e1lise e Projeto de Sistemas Termomec\u00e2nicos<\/strong><\/p>\n<p class=\"Corpo\" style=\"text-indent: 0cm;\" align=\"center\"><img loading=\"lazy\" decoding=\"async\" class=\"wp-image-173 aligncenter\" src=\"https:\/\/test.cct.ufcg.edu.br\/wp-content\/uploads\/2017\/02\/LAMMEA-300x203.jpg\" alt=\"\" width=\"544\" height=\"368\" srcset=\"https:\/\/ppgem.ufcg.edu.br\/wp-content\/uploads\/2017\/02\/LAMMEA-300x203.jpg 300w, https:\/\/ppgem.ufcg.edu.br\/wp-content\/uploads\/2017\/02\/LAMMEA.jpg 647w\" sizes=\"auto, (max-width: 544px) 100vw, 544px\" \/><\/p>\n<hr \/>\n<h2 style=\"text-align: center;\" align=\"center\">LABORAT\u00d3RIO DE TERMOGERA\u00c7\u00c3O<\/h2>\n<p class=\"Corpo\" style=\"text-indent: 0cm; text-align: center;\" align=\"center\"><strong>\u00a0<u>Linha de Pesquisa:\u00a0<\/u>Fen\u00f4menos de Transporte e Energia<\/strong><\/p>\n<hr \/>\n<h2 style=\"margin-left: 12.25pt; text-align: center;\" align=\"center\">LABORAT\u00d3RIO DE VISUALIZA\u00c7\u00c3O 3-D<\/h2>\n<p style=\"margin-left: 12.25pt; text-align: center;\" align=\"center\"><strong>\u00a0<u>Linha de Pesquisa:<\/u>Fen\u00f4menos de Transporte e Energia<\/strong><\/p>\n<hr \/>\n<h2 style=\"text-align: center;\" align=\"center\">LABORAT\u00d3RIO COMPUTACIONAL DE T\u00c9RMICA E FLUIDOS<\/h2>\n<p class=\"Corpo\" style=\"text-align: center;\" align=\"center\">\u00a0<strong><u>Linha de Pesquisa:\u00a0<\/u>Fen\u00f4menos de Transporte e Energia<\/strong><\/p>\n<hr \/>\n<h2 style=\"text-align: center;\" align=\"center\">LABORAT\u00d3RIO DE PROJETOS DE INSTRUMENTOS (LPI)<\/h2>\n<p class=\"Corpo\" style=\"text-indent: 0cm; text-align: center;\" align=\"center\"><strong>\u00a0<u>Linha de Pesquisa:\u00a0<\/u>An\u00e1lise e Projeto de Sistemas Termomec\u00e2nicos<\/strong><\/p>\n<hr \/>\n<h2 style=\"text-align: center;\" align=\"center\">LABORAT\u00d3RIO DE DESENVOLVIMENTO E APLICA\u00c7\u00c3O DE METODOLOGIAS DE PROJETO (LabDAMP)<\/h2>\n<p class=\"Corpo\" style=\"margin-left: 12.25pt; text-indent: 0cm; text-align: center;\" align=\"center\"><strong><span style=\"font-family: 'Arial Rounded MT Bold','sans-serif';\">\u00a0<\/span><u>Linha de Pesquisa:\u00a0<\/u>An\u00e1lise e Projeto de Sistemas Termomec\u00e2nicos<\/strong><\/p>\n<hr \/>\n<h2 style=\"text-align: center;\" align=\"center\">LABORAT\u00d3RIO DE MODELAGEM E SIMULA\u00c7\u00c3O<\/h2>\n<p class=\"Corpo\" style=\"text-indent: 0cm; text-align: center;\" align=\"center\"><strong><u>Linha de Pesquisa:\u00a0<\/u>An\u00e1lise e Projeto de Sistemas Termomec\u00e2nicos<\/strong><\/p>\n<hr \/>\n<h2 style=\"margin-left: 12.25pt; text-align: center;\" align=\"center\">LABORAT\u00d3RIO COMPUTACIONAL DE ALTO DESEMPENHO<\/h2>\n<p class=\"Corpo\" style=\"margin-left: 12.25pt; text-indent: 0cm; text-align: center;\" align=\"center\"><strong>\u00a0<u>Linha de Pesquisa:\u00a0<\/u>Fen\u00f4menos de Transporte e Energia<\/strong><\/p>\n<hr \/>\n<h2 style=\"text-align: center;\" align=\"center\">LABORAT\u00d3RIO EXPERIMENTAL DE T\u00c9RMICA E FLUIDOS<\/h2>\n<p class=\"Corpo\" style=\"text-align: center;\" align=\"center\"><strong>\u00a0<u>Linha de Pesquisa:\u00a0<\/u>Fen\u00f4menos de Transporte e Energia<\/strong><\/p>","protected":false},"excerpt":{"rendered":"<p>A infraestrutura laboratorial associada ao PPGEM vem contando com melhorias nos \u00faltimos anos tendo adquirido v\u00e1rios equipamentos multiusu\u00e1rios, em chamadas p\u00fablicas gerenciadas institucionalmente, a exemplo dos editais PROEQUIPAMENTOS (CAPES) e PRO-INFRA (FINEP), e da participa\u00e7\u00e3o de alguns docentes do programa em projetos de pesquisa de maior envergadura, como o projeto do INCT-EIE que vem proporcionando [&hellip;]<\/p>\n","protected":false},"author":1,"featured_media":0,"parent":35,"menu_order":0,"comment_status":"closed","ping_status":"closed","template":"","meta":{"footnotes":""},"class_list":["post-46","page","type-page","status-publish","hentry"],"jetpack_sharing_enabled":true,"_links":{"self":[{"href":"https:\/\/ppgem.ufcg.edu.br\/en\/wp-json\/wp\/v2\/pages\/46","targetHints":{"allow":["GET"]}}],"collection":[{"href":"https:\/\/ppgem.ufcg.edu.br\/en\/wp-json\/wp\/v2\/pages"}],"about":[{"href":"https:\/\/ppgem.ufcg.edu.br\/en\/wp-json\/wp\/v2\/types\/page"}],"author":[{"embeddable":true,"href":"https:\/\/ppgem.ufcg.edu.br\/en\/wp-json\/wp\/v2\/users\/1"}],"replies":[{"embeddable":true,"href":"https:\/\/ppgem.ufcg.edu.br\/en\/wp-json\/wp\/v2\/comments?post=46"}],"version-history":[{"count":3,"href":"https:\/\/ppgem.ufcg.edu.br\/en\/wp-json\/wp\/v2\/pages\/46\/revisions"}],"predecessor-version":[{"id":1854,"href":"https:\/\/ppgem.ufcg.edu.br\/en\/wp-json\/wp\/v2\/pages\/46\/revisions\/1854"}],"up":[{"embeddable":true,"href":"https:\/\/ppgem.ufcg.edu.br\/en\/wp-json\/wp\/v2\/pages\/35"}],"wp:attachment":[{"href":"https:\/\/ppgem.ufcg.edu.br\/en\/wp-json\/wp\/v2\/media?parent=46"}],"curies":[{"name":"wp","href":"https:\/\/api.w.org\/{rel}","templated":true}]}}