{"id":48,"date":"2017-02-24T12:57:16","date_gmt":"2017-02-24T15:57:16","guid":{"rendered":"http:\/\/server2.cct.ufcg.edu.br\/ppgem\/?page_id=48"},"modified":"2017-02-24T12:57:16","modified_gmt":"2017-02-24T15:57:16","slug":"grupos-de-pesquisa","status":"publish","type":"page","link":"https:\/\/ppgem.ufcg.edu.br\/en\/pesquisa-e-extensao\/grupos-de-pesquisa\/","title":{"rendered":"Research groups"},"content":{"rendered":"<p>&nbsp;<\/p>\n<h2>Grupos de Pesquisa (DPG)<\/h2>\n<p>&nbsp;<\/p>\n<table width=\"100%\">\n<tbody>\n<tr>\n<td width=\"50%\">1.\u00a0\u00a0\u00a0\u00a0 <strong>An\u00e1lise e Projeto de Sistemas Mec\u00e2nicos (GAPSM) <\/strong><\/p>\n<p>L\u00edderes<\/p>\n<ul>\n<li><strong>\u00a0Antonio Almeida de Silva \u2013 N\u00edvel 2;<\/strong><\/li>\n<li><strong>Carlos Jos\u00e9 de Ara\u00fajo \u2013 N\u00edvel 1d.<\/strong><\/li>\n<\/ul>\n<p>Trata-se de um grupo Interdisciplinar formado em 2003, que desenvolve atividades de pesquisas voltadas a solu\u00e7\u00e3o de problemas e aplica\u00e7\u00f5es tais como: Comportamento termomec\u00e2nico e aplica\u00e7\u00f5es de atuadores de ligas com Mem\u00f3ria de Forma em estruturas; Desenvolvimento de produtos industriais e Projeto de m\u00e1quinas de pequeno porte.<\/td>\n<td width=\"45%\">\n<p style=\"padding-left: 30px;\">2. <strong>Laborat\u00f3rio Computacional de T\u00e9rmica e Fluidos (LCTF)<\/strong> \u2013<\/p>\n<p style=\"padding-left: 30px;\">L\u00edderes<\/p>\n<ul>\n<li style=\"padding-left: 30px;\"><strong>Antonio Gilson B. de Lima \u2013 N\u00edvel 1b;<\/strong><\/li>\n<li style=\"padding-left: 30px;\"><strong>Celso Rosendo Bezerra Filho.<\/strong><\/li>\n<\/ul>\n<p style=\"padding-left: 30px;\">As atividades de pesquisa est\u00e3o voltadas a solu\u00e7\u00e3o de problemas de transfer\u00eancia de calor e massa, com \u00eanfase a refrigera\u00e7\u00e3o, polui\u00e7\u00e3o ambiental, escoamento multif\u00e1sico, meios porosos, secagem e desenvolvimento de secadores.<\/p>\n<p>&nbsp;<\/td>\n<\/tr>\n<tr>\n<td width=\"45%\">3. <strong>Energia e Desenvolvimento Sustent\u00e1vel (GEDS)<\/strong><\/p>\n<p>L\u00edderes<\/p>\n<ul>\n<li><strong>Marcelo Bezerra Grilo;<\/strong><\/li>\n<li><strong>Raimundo Nonato Calazans Duarte.<\/strong><\/li>\n<\/ul>\n<p>Trata-se de um grupo Interdisciplinar que desenvolve pesquisa na \u00e1rea de Energia e tem como foco promover o Desenvolvimento sustent\u00e1vel. Com a cria\u00e7\u00e3o do Curso de Engenharia de Petr\u00f3leo novos laborat\u00f3rios foram implantados e novos pesquisadores e alunos incorporados. Varias pesquisas est\u00e3o em curso principalmente sobre uso de biodiesel em motores e desenvolvimento de secadores solares aplicados na fruticultura da regi\u00e3o.<\/td>\n<td width=\"50%\">4. <strong>Materiais e Processos de Fabrica\u00e7\u00e3o (GMPF)<\/strong><\/p>\n<p style=\"padding-left: 30px;\">L\u00edderes<\/p>\n<ul>\n<li style=\"padding-left: 30px;\"><strong>Marco Antonio dos Santos;<\/strong><\/li>\n<li style=\"padding-left: 30px;\"><strong>Theophilo Moura Maciel.<\/strong><\/li>\n<\/ul>\n<p style=\"padding-left: 30px;\">Tem como objetivos a consolida\u00e7\u00e3o da \u00e1rea de materiais e processos de fabrica\u00e7\u00e3o no PPGEM da UFCG. O grupo desenvolve pesquisas em engenharia e ci\u00eancias dos materiais em parceria com os departamentos de engenharia de materiais e qu\u00edmica. Participam tamb\u00e9m da consolida\u00e7\u00e3o das linhas de pesquisa em materiais comp\u00f3sitos, mec\u00e2nica da fratura, processos de soldagem e metalurgia da soldagem.<\/p>\n<\/td>\n<\/tr>\n<\/tbody>\n<\/table>","protected":false},"excerpt":{"rendered":"<p>&nbsp; Grupos de Pesquisa (DPG) &nbsp; 1.\u00a0\u00a0\u00a0\u00a0 An\u00e1lise e Projeto de Sistemas Mec\u00e2nicos (GAPSM) L\u00edderes \u00a0Antonio Almeida de Silva \u2013 N\u00edvel 2; Carlos Jos\u00e9 de Ara\u00fajo \u2013 N\u00edvel 1d. Trata-se de um grupo Interdisciplinar formado em 2003, que desenvolve atividades de pesquisas voltadas a solu\u00e7\u00e3o de problemas e aplica\u00e7\u00f5es tais como: Comportamento termomec\u00e2nico e aplica\u00e7\u00f5es [&hellip;]<\/p>\n","protected":false},"author":1,"featured_media":0,"parent":35,"menu_order":0,"comment_status":"closed","ping_status":"closed","template":"template-fullwidth.php","meta":{"footnotes":""},"class_list":["post-48","page","type-page","status-publish","hentry"],"jetpack_sharing_enabled":true,"_links":{"self":[{"href":"https:\/\/ppgem.ufcg.edu.br\/en\/wp-json\/wp\/v2\/pages\/48","targetHints":{"allow":["GET"]}}],"collection":[{"href":"https:\/\/ppgem.ufcg.edu.br\/en\/wp-json\/wp\/v2\/pages"}],"about":[{"href":"https:\/\/ppgem.ufcg.edu.br\/en\/wp-json\/wp\/v2\/types\/page"}],"author":[{"embeddable":true,"href":"https:\/\/ppgem.ufcg.edu.br\/en\/wp-json\/wp\/v2\/users\/1"}],"replies":[{"embeddable":true,"href":"https:\/\/ppgem.ufcg.edu.br\/en\/wp-json\/wp\/v2\/comments?post=48"}],"version-history":[{"count":0,"href":"https:\/\/ppgem.ufcg.edu.br\/en\/wp-json\/wp\/v2\/pages\/48\/revisions"}],"up":[{"embeddable":true,"href":"https:\/\/ppgem.ufcg.edu.br\/en\/wp-json\/wp\/v2\/pages\/35"}],"wp:attachment":[{"href":"https:\/\/ppgem.ufcg.edu.br\/en\/wp-json\/wp\/v2\/media?parent=48"}],"curies":[{"name":"wp","href":"https:\/\/api.w.org\/{rel}","templated":true}]}}