{"id":59,"date":"2017-02-24T12:58:48","date_gmt":"2017-02-24T15:58:48","guid":{"rendered":"http:\/\/server2.cct.ufcg.edu.br\/ppgem\/?page_id=59"},"modified":"2017-02-24T12:58:48","modified_gmt":"2017-02-24T15:58:48","slug":"administracao","status":"publish","type":"page","link":"https:\/\/ppgem.ufcg.edu.br\/en\/administracao\/","title":{"rendered":"Administration"},"content":{"rendered":"<h2><a href=\"https:\/\/ppgem.ufcg.edu.br\/en\/administracao\/pessoal\/\">PESSOAL<\/a><\/h2>\n<h2><a href=\"https:\/\/ppgem.ufcg.edu.br\/en\/administracao\/gestao-atual\/\">GEST\u00c3O<\/a><\/h2>\n<h2><a href=\"https:\/\/ppgem.ufcg.edu.br\/en\/administracao\/nomas-e-resolucoes\/\">NORMAS E RESOLU\u00c7\u00d5ES<\/a><\/h2>","protected":false},"excerpt":{"rendered":"<p>PESSOAL GEST\u00c3O NORMAS E RESOLU\u00c7\u00d5ES<\/p>","protected":false},"author":1,"featured_media":0,"parent":0,"menu_order":0,"comment_status":"closed","ping_status":"closed","template":"template-fullwidth.php","meta":{"footnotes":""},"class_list":["post-59","page","type-page","status-publish","hentry"],"jetpack_sharing_enabled":true,"_links":{"self":[{"href":"https:\/\/ppgem.ufcg.edu.br\/en\/wp-json\/wp\/v2\/pages\/59","targetHints":{"allow":["GET"]}}],"collection":[{"href":"https:\/\/ppgem.ufcg.edu.br\/en\/wp-json\/wp\/v2\/pages"}],"about":[{"href":"https:\/\/ppgem.ufcg.edu.br\/en\/wp-json\/wp\/v2\/types\/page"}],"author":[{"embeddable":true,"href":"https:\/\/ppgem.ufcg.edu.br\/en\/wp-json\/wp\/v2\/users\/1"}],"replies":[{"embeddable":true,"href":"https:\/\/ppgem.ufcg.edu.br\/en\/wp-json\/wp\/v2\/comments?post=59"}],"version-history":[{"count":0,"href":"https:\/\/ppgem.ufcg.edu.br\/en\/wp-json\/wp\/v2\/pages\/59\/revisions"}],"wp:attachment":[{"href":"https:\/\/ppgem.ufcg.edu.br\/en\/wp-json\/wp\/v2\/media?parent=59"}],"curies":[{"name":"wp","href":"https:\/\/api.w.org\/{rel}","templated":true}]}}