{"id":61,"date":"2017-02-24T12:59:07","date_gmt":"2017-02-24T15:59:07","guid":{"rendered":"http:\/\/server2.cct.ufcg.edu.br\/ppgem\/?page_id=61"},"modified":"2017-02-24T12:59:07","modified_gmt":"2017-02-24T15:59:07","slug":"pessoal","status":"publish","type":"page","link":"https:\/\/ppgem.ufcg.edu.br\/en\/administracao\/pessoal\/","title":{"rendered":"People"},"content":{"rendered":"<hr \/>\n<h2 style=\"text-align: center;\">Thiago Pereira Fernandes<\/h2>\n<p style=\"text-align: center;\">Secret\u00e1rio da Coordena\u00e7\u00e3o do PPGEM<\/p>\n<hr \/>\n<p style=\"text-align: center;\">Fone: +55 (83) 2101-1272<\/p>\n<p style=\"text-align: center;\">Whats: 83 998114722<\/p>\n<p style=\"text-align: center;\"><strong>E-mail:\u00a0<a href=\"mailto:ppgem.ufcg@gmail.com\">ppgem.ufcg@gmail.com<\/a><\/strong><\/p>","protected":false},"excerpt":{"rendered":"<p>Thiago Pereira Fernandes Secret\u00e1rio da Coordena\u00e7\u00e3o do PPGEM Fone: +55 (83) 2101-1272 Whats: 83 998114722 E-mail:\u00a0ppgem.ufcg@gmail.com<\/p>","protected":false},"author":1,"featured_media":0,"parent":59,"menu_order":0,"comment_status":"closed","ping_status":"closed","template":"template-fullwidth.php","meta":{"footnotes":""},"class_list":["post-61","page","type-page","status-publish","hentry"],"jetpack_sharing_enabled":true,"_links":{"self":[{"href":"https:\/\/ppgem.ufcg.edu.br\/en\/wp-json\/wp\/v2\/pages\/61","targetHints":{"allow":["GET"]}}],"collection":[{"href":"https:\/\/ppgem.ufcg.edu.br\/en\/wp-json\/wp\/v2\/pages"}],"about":[{"href":"https:\/\/ppgem.ufcg.edu.br\/en\/wp-json\/wp\/v2\/types\/page"}],"author":[{"embeddable":true,"href":"https:\/\/ppgem.ufcg.edu.br\/en\/wp-json\/wp\/v2\/users\/1"}],"replies":[{"embeddable":true,"href":"https:\/\/ppgem.ufcg.edu.br\/en\/wp-json\/wp\/v2\/comments?post=61"}],"version-history":[{"count":1,"href":"https:\/\/ppgem.ufcg.edu.br\/en\/wp-json\/wp\/v2\/pages\/61\/revisions"}],"predecessor-version":[{"id":2032,"href":"https:\/\/ppgem.ufcg.edu.br\/en\/wp-json\/wp\/v2\/pages\/61\/revisions\/2032"}],"up":[{"embeddable":true,"href":"https:\/\/ppgem.ufcg.edu.br\/en\/wp-json\/wp\/v2\/pages\/59"}],"wp:attachment":[{"href":"https:\/\/ppgem.ufcg.edu.br\/en\/wp-json\/wp\/v2\/media?parent=61"}],"curies":[{"name":"wp","href":"https:\/\/api.w.org\/{rel}","templated":true}]}}