{"id":618,"date":"2018-07-31T09:08:33","date_gmt":"2018-07-31T12:08:33","guid":{"rendered":"http:\/\/www.ppgem.ufcg.edu.br\/?page_id=618"},"modified":"2025-12-05T08:32:16","modified_gmt":"2025-12-05T11:32:16","slug":"downloads","status":"publish","type":"page","link":"https:\/\/ppgem.ufcg.edu.br\/en\/downloads\/","title":{"rendered":"Downloads"},"content":{"rendered":"<p><strong>GERAL:<\/strong><\/p>\n<p>Formul\u00e1rio de Inscri\u00e7\u00e3o para sele\u00e7\u00e3o &#8211; <a href=\"https:\/\/docs.google.com\/document\/d\/1Jg8iPy2aZHm7Bii1DZ5GEnQsCleQmpy9\/edit?usp=sharing&amp;ouid=113484315824518274375&amp;rtpof=true&amp;sd=true\">Download<\/a><\/p>\n<p>Requerimento PROTOCOLO &#8211; <a href=\"http:\/\/ppgem.ufcg.edu.br\/en\/arquivos\/downloads\/REQUERIMENTO%20-Protocolo.pdf\/\" target=\"_blank\" rel=\"noopener\">Download<\/a><\/p>\n<p>Resolu\u00e7\u00e3o de bolsa &#8211; <a href=\"https:\/\/ppgem.ufcg.edu.br\/en\/arquivos\/downloads\/Res_Bolsas_PRPG_14062016.pdf\/\" target=\"_blank\" rel=\"noopener\">Download<\/a><\/p>\n<p>Formul\u00e1rio de Solicita\u00e7\u00e3o de Diploma &#8211; <a href=\"https:\/\/docs.google.com\/document\/d\/1FpEBTJV8NiQPFuA7KIkIbUrx0LFFFEl0\/edit?usp=sharing&amp;ouid=113484315824518274375&amp;rtpof=true&amp;sd=true\">Download<\/a><\/p>\n<p>Documenta\u00e7\u00e3o Necess\u00e1ria para Aux\u00edlio Financeiro para Participa\u00e7\u00e3o em Evento &#8211; <a href=\"https:\/\/drive.google.com\/file\/d\/1_sf-PNLEIPhh2MS1_iBoO3WQZDpSOWYT\/view?usp=sharing\">Download<\/a><\/p>\n<p>Pagamento de Taxa de Inscri\u00e7\u00e3o (Servidor) &#8211; <a href=\"https:\/\/drive.google.com\/file\/d\/15DfwNFL6_tiNFWQcxsiwlpu-iUJtxNLx\/view?usp=sharing\">Donwload<\/a><\/p>\n<p><strong>MATR\u00cdCULA:<\/strong><\/p>\n<p>Formul\u00e1rio de Matr\u00edcula &#8211; Alunos Regulares (2025.2) &#8211; <a href=\"https:\/\/docs.google.com\/document\/d\/1IxcP_hDGkYSCtmPptLY4q1bL3A6tUPbF\/edit?usp=sharing&amp;ouid=113484315824518274375&amp;rtpof=true&amp;sd=true\">Download<\/a><\/p>\n<p>Folha Complementar de Matr\u00edcula (Para alunos bolsistas) &#8211; <a href=\"https:\/\/docs.google.com\/document\/d\/1K7KTAJNv6ltnCCweUZEw3e48HZbsJnFt\/edit?usp=sharing&amp;ouid=113484315824518274375&amp;rtpof=true&amp;sd=true\">Download<\/a><\/p>\n<p><strong>ALUNO ESPECIAL:<\/strong><\/p>\n<p>Formul\u00e1rio para inscri\u00e7\u00e3o como ALUNO ESPECIAL &#8211; <a href=\"https:\/\/ppgem.ufcg.edu.br\/en\/arquivos\/downloads\/Formul%C3%A1rio%20(ALUNO%20ESPECIAL).pdf\/\">Download<\/a><\/p>\n<p><strong>EST\u00c1GIO DOC\u00caNCIA:\u00a0<\/strong><\/p>\n<p>Modelo de Plano de Atividades de Est\u00e1gio Doc\u00eancia do PPGEM &#8211; <a href=\"https:\/\/ppgem.ufcg.edu.br\/en\/arquivos\/downloads\/MODELO%20DE%20PLANO%20DE%20ATIVIDADES%20DE%20ESTAGIO%20DOCENCIA%20DO%20PPGEM.docx\/\">Download<\/a><\/p>\n<p>Modelo de Relat\u00f3rio de Atividades de Est\u00e1gio Doc\u00eancia do PPGEM &#8211; <a href=\"https:\/\/ppgem.ufcg.edu.br\/en\/arquivos\/downloads\/MODELO%20DE%20RELAT%C3%93RIO%20DE%20ATIVIDADES%20DE%20ESTAGIO%20DOCENCIA%20DO%20PPGEM.docx\/\">Download<\/a><\/p>\n<p><strong>DEFESA:<\/strong><\/p>\n<p>Formul\u00e1rio de defesas de Semin\u00e1rio PPGEM &#8211;\u00a0<a href=\"https:\/\/docs.google.com\/document\/d\/18zwu7eYjHa_e6fkotsuq9ed7oHKUhFeX\/edit?usp=sharing&amp;ouid=113484315824518274375&amp;rtpof=true&amp;sd=true\">Download<\/a><\/p>\n<p>Solicita\u00e7\u00e3o de defesa de Semin\u00e1rios PPGEM &#8211; <a href=\"https:\/\/docs.google.com\/document\/d\/1jC_WbP9NTW82i7V_pMmfxOuOWwAYbbcv\/edit?usp=sharing&amp;ouid=113484315824518274375&amp;rtpof=true&amp;sd=true\">Download<\/a><\/p>\n<p>Solicita\u00e7\u00e3o para Defesa de Disserta\u00e7\u00e3o &#8211; <a href=\"https:\/\/docs.google.com\/document\/d\/1AG8m_j_6MMXfjQqDMT54VsmL7RWcIKqz\/edit?usp=sharing&amp;ouid=113484315824518274375&amp;rtpof=true&amp;sd=true\">Download<\/a><\/p>\n<p>R\u00f3tulo DVD Modelo PPGEM &#8211; <a href=\"https:\/\/docs.google.com\/document\/d\/10IerOoxcsV75-ZprZ54G4z1wVdK1qmG7\/edit?usp=sharing&amp;ouid=117414237509507478793&amp;rtpof=true&amp;sd=true\">Download<\/a><\/p>\n<p>R\u00f3tulo capa do DVD Modelo PPGEM &#8211; <a href=\"https:\/\/ppgem.ufcg.edu.br\/en\/arquivos\/downloads\/CAPA%20-%20DVD%20MODELO%20PPGEM%20(1).doc\/\">Download<\/a><\/p>\n<p><strong>\u00a0<\/strong><\/p>","protected":false},"excerpt":{"rendered":"<p>GERAL: Formul\u00e1rio de Inscri\u00e7\u00e3o para sele\u00e7\u00e3o &#8211; Download Requerimento PROTOCOLO &#8211; Download Resolu\u00e7\u00e3o de bolsa &#8211; Download Formul\u00e1rio de Solicita\u00e7\u00e3o de Diploma &#8211; Download Documenta\u00e7\u00e3o Necess\u00e1ria para Aux\u00edlio Financeiro para Participa\u00e7\u00e3o em Evento &#8211; Download Pagamento de Taxa de Inscri\u00e7\u00e3o (Servidor) &#8211; Donwload MATR\u00cdCULA: Formul\u00e1rio de Matr\u00edcula &#8211; Alunos Regulares (2025.2) &#8211; Download Folha Complementar [&hellip;]<\/p>\n","protected":false},"author":1,"featured_media":0,"parent":0,"menu_order":0,"comment_status":"closed","ping_status":"closed","template":"","meta":{"footnotes":""},"class_list":["post-618","page","type-page","status-publish","hentry"],"jetpack_sharing_enabled":true,"_links":{"self":[{"href":"https:\/\/ppgem.ufcg.edu.br\/en\/wp-json\/wp\/v2\/pages\/618","targetHints":{"allow":["GET"]}}],"collection":[{"href":"https:\/\/ppgem.ufcg.edu.br\/en\/wp-json\/wp\/v2\/pages"}],"about":[{"href":"https:\/\/ppgem.ufcg.edu.br\/en\/wp-json\/wp\/v2\/types\/page"}],"author":[{"embeddable":true,"href":"https:\/\/ppgem.ufcg.edu.br\/en\/wp-json\/wp\/v2\/users\/1"}],"replies":[{"embeddable":true,"href":"https:\/\/ppgem.ufcg.edu.br\/en\/wp-json\/wp\/v2\/comments?post=618"}],"version-history":[{"count":8,"href":"https:\/\/ppgem.ufcg.edu.br\/en\/wp-json\/wp\/v2\/pages\/618\/revisions"}],"predecessor-version":[{"id":2135,"href":"https:\/\/ppgem.ufcg.edu.br\/en\/wp-json\/wp\/v2\/pages\/618\/revisions\/2135"}],"wp:attachment":[{"href":"https:\/\/ppgem.ufcg.edu.br\/en\/wp-json\/wp\/v2\/media?parent=618"}],"curies":[{"name":"wp","href":"https:\/\/api.w.org\/{rel}","templated":true}]}}