{"id":63,"date":"2017-02-24T12:59:33","date_gmt":"2017-02-24T15:59:33","guid":{"rendered":"http:\/\/server2.cct.ufcg.edu.br\/ppgem\/?page_id=63"},"modified":"2023-09-21T11:06:53","modified_gmt":"2023-09-21T14:06:53","slug":"gestao-atual","status":"publish","type":"page","link":"https:\/\/ppgem.ufcg.edu.br\/en\/administracao\/gestao-atual\/","title":{"rendered":"Present Management"},"content":{"rendered":"<table width=\"100%\">\n<tbody>\n<tr>\n<td width=\"15%\">\u00a0<\/td>\n<td width=\"70%\">\n<p style=\"text-align: center;\">\u00a0<\/p>\n<\/td>\n<td width=\"15%\">\u00a0<\/td>\n<\/tr>\n<\/tbody>\n<\/table>\n\n\n<h2 class=\"wp-block-heading\">Coordena\u00e7\u00e3o de P\u00f3s-Gradua\u00e7\u00e3o<\/h2>\n\n\n\n<figure class=\"wp-block-table\"><table><thead><tr><th>CARGO<\/th><th>NOME<\/th><th>EMAIL<\/th><th>TELEFONE<\/th><th>LATTES<\/th><\/tr><\/thead><tbody><tr><td>Coordenador de P\u00f3s-Gradua\u00e7\u00e3o<\/td><td>Prof. Dr. Renato Alexandre Costa de Santana<\/td><td>renatoacs1@gmail.com<\/td><td>2101-1272<\/td><td><a href=\"https:\/\/buscatextual.cnpq.br\/buscatextual\/visualizacv.do;jsessionid=6E63E19BF91B6637D1687AE2E419625A.buscatextual_0\">https:\/\/buscatextual.cnpq.br\/buscatextual\/visualizacv.do;jsessionid=6E63E19BF91B6637D1687AE2E419625A.buscatextual_0<\/a><\/td><\/tr><tr><td>Secret\u00e1rio de P\u00f3s-Gradua\u00e7\u00e3o<\/td><td>Thiago Pereira Fernandes<\/td><td>thiagopf@ufcg.edu.br<\/td><td>2101-1272<\/td><td>\u2013<\/td><\/tr><\/tbody><\/table><\/figure>\n\n\n\n<p><\/p>\n\n\n\n<h2 class=\"wp-block-heading\">Colegiado do Programa de P\u00f3s-Gradua\u00e7\u00e3o em Engenharia Mec\u00e2nica<\/h2>\n\n\n\n<figure class=\"wp-block-table\"><table><thead><tr><th>CARGO<\/th><th>NOME<\/th><\/tr><\/thead><tbody><tr><td>Presidente<\/td><td>Prof. Dr. Renato Alexandre Costa de Santana<\/td><\/tr><tr><td>Representante Docente<\/td><td>Prof. Dr. Ant\u00f4nio Gilson Barbosa de Lima<\/td><\/tr><tr><td>Representante Docente<\/td><td>Prof. Dr. Carlos Jose de Araujo<\/td><\/tr><tr><td>Representante Docente<\/td><td>Prof. Dr. Severino Rodrigues <\/td><\/tr><tr><td>Representante Docente<\/td><td>Prof. Dr. Walman Ben\u00edcio de Castro<\/td><\/tr><tr><td>Representante Discente<\/td><td><\/td><\/tr><tr><td>Representante T\u00e9cnico-Administrativo<\/td><td>Thiago Pereira Fernandes<\/td><\/tr><\/tbody><\/table><\/figure>","protected":false},"excerpt":{"rendered":"<p>\u00a0 \u00a0 \u00a0 Coordena\u00e7\u00e3o de P\u00f3s-Gradua\u00e7\u00e3o CARGO NOME EMAIL TELEFONE LATTES Coordenador de P\u00f3s-Gradua\u00e7\u00e3o Prof. Dr. Renato Alexandre Costa de Santana renatoacs1@gmail.com 2101-1272 https:\/\/buscatextual.cnpq.br\/buscatextual\/visualizacv.do;jsessionid=6E63E19BF91B6637D1687AE2E419625A.buscatextual_0 Secret\u00e1rio de P\u00f3s-Gradua\u00e7\u00e3o Thiago Pereira Fernandes thiagopf@ufcg.edu.br 2101-1272 \u2013 Colegiado do Programa de P\u00f3s-Gradua\u00e7\u00e3o em Engenharia Mec\u00e2nica CARGO NOME Presidente Prof. Dr. Renato Alexandre Costa de Santana Representante Docente Prof. Dr. [&hellip;]<\/p>\n","protected":false},"author":1,"featured_media":0,"parent":59,"menu_order":0,"comment_status":"closed","ping_status":"closed","template":"template-fullwidth.php","meta":{"footnotes":""},"class_list":["post-63","page","type-page","status-publish","hentry"],"jetpack_sharing_enabled":true,"_links":{"self":[{"href":"https:\/\/ppgem.ufcg.edu.br\/en\/wp-json\/wp\/v2\/pages\/63","targetHints":{"allow":["GET"]}}],"collection":[{"href":"https:\/\/ppgem.ufcg.edu.br\/en\/wp-json\/wp\/v2\/pages"}],"about":[{"href":"https:\/\/ppgem.ufcg.edu.br\/en\/wp-json\/wp\/v2\/types\/page"}],"author":[{"embeddable":true,"href":"https:\/\/ppgem.ufcg.edu.br\/en\/wp-json\/wp\/v2\/users\/1"}],"replies":[{"embeddable":true,"href":"https:\/\/ppgem.ufcg.edu.br\/en\/wp-json\/wp\/v2\/comments?post=63"}],"version-history":[{"count":2,"href":"https:\/\/ppgem.ufcg.edu.br\/en\/wp-json\/wp\/v2\/pages\/63\/revisions"}],"predecessor-version":[{"id":1902,"href":"https:\/\/ppgem.ufcg.edu.br\/en\/wp-json\/wp\/v2\/pages\/63\/revisions\/1902"}],"up":[{"embeddable":true,"href":"https:\/\/ppgem.ufcg.edu.br\/en\/wp-json\/wp\/v2\/pages\/59"}],"wp:attachment":[{"href":"https:\/\/ppgem.ufcg.edu.br\/en\/wp-json\/wp\/v2\/media?parent=63"}],"curies":[{"name":"wp","href":"https:\/\/api.w.org\/{rel}","templated":true}]}}