{"id":65,"date":"2017-02-24T12:59:51","date_gmt":"2017-02-24T15:59:51","guid":{"rendered":"http:\/\/server2.cct.ufcg.edu.br\/ppgem\/?page_id=65"},"modified":"2025-11-18T15:23:45","modified_gmt":"2025-11-18T18:23:45","slug":"nomas-e-resolucoes","status":"publish","type":"page","link":"https:\/\/ppgem.ufcg.edu.br\/en\/administracao\/nomas-e-resolucoes\/","title":{"rendered":"Rules and Resolutions"},"content":{"rendered":"<h2><\/h2>\n<h2><a href=\"https:\/\/ppgem.ufcg.edu.br\/en\/arquivos\/downloads\/Relat%C3%B3rio%20Auto-avalia%C3%A7%C3%A3o%20PPGEM_UFCG.pdf\/\">RELAT\u00d3RIO DE AUTOAVALIA\u00c7\u00c3O DO PPGEM\/UFCG &#8211; 2020<\/a><\/h2>\n<p>Considerando as novas exig\u00eancias da CAPES para adequa\u00e7\u00f5es no formato de avalia\u00e7\u00e3o multidimensional dos\u00a0 programas de p\u00f3s-gradua\u00e7\u00e3o, e visando contribuir com a formata\u00e7\u00e3o de um Plano geral de autoavalia\u00e7\u00e3o dos\u00a0 programas da UFCG, foi criada uma Comiss\u00e3o de elabora\u00e7\u00e3o pelo Colegiado do PPGEM, que ap\u00f3s v\u00e1rias reuni\u00f5es de trabalho aprovou a RESOLU\u00c7\u00c3O N\u00ba 01\/2019 (PPGEM\/UFCG), que orienta a autoavalia\u00e7\u00e3o do Programa de P\u00f3s-Gradua\u00e7\u00e3o em Engenharia Mec\u00e2nica, em n\u00edvel de Mestrado, da Universidade Federal de Campina Grande.<\/p>\n<h2><a href=\"https:\/\/ppgem.ufcg.edu.br\/en\/arquivos\/downloads\/Plano%20estrat%C3%A9gico%20-%20PPGEM%20UFCG%20-%202021-2024.pdf\/\"><span class=\"fontstyle0\">PLANO ESTRAT\u00c9GICO DO PROGRAMA DE P\u00d3S-GRADUA\u00c7\u00c3O EM ENGENHARIA MEC\u00c2NICA (2021-2024)<\/span><\/a><\/h2>\n<p>O plano estrat\u00e9gico do PPGEM\/UFCG foi elaborado visando a sistematiza\u00e7\u00e3o de mecanismos que permitam estabelecer, alcan\u00e7ar e monitorar metas para a melhoria cont\u00ednua do desempenho do programa, estando estas metas alinhadas com os objetivos e vis\u00e3o do Plano de Desenvolvimento Institucional (PDI) da UFCG.<\/p>\n<h2><a href=\"https:\/\/drive.google.com\/file\/d\/1HNQKwDVW9XbfF-6c3W343IE8MXYl_GU6\/view?usp=sharing\">RESOLU\u00c7\u00c3O N\u00ba 01\/2019<\/a><\/h2>\n<p>Orienta a autoavalia\u00e7\u00e3o do Programa de P\u00f3s-Gradua\u00e7\u00e3o em Engenharia Mec\u00e2nica-PPGEM, em n\u00edvel de Mestrado, do Centro de Ci\u00eancias e Tecnologia da Universidade Federal de Campina Grande.<\/p>\n<h2><\/h2>\n<h2><a href=\"https:\/\/drive.google.com\/file\/d\/1uOBlHuvB8fgCytR0l6AbE8IxYQFFazRO\/view?usp=sharing\">RESOLU\u00c7\u00c3O \u00ba 10\/2017<\/a><\/h2>\n<p>Aprova a nova reda\u00e7\u00e3o do Regulamento do Programa de P\u00f3s-Gradua\u00e7\u00e3o Stricto Sensu em Engenharia Mec\u00e2nica\u2013PPGEM, em n\u00edvel de Mestrado, do Centro de Ci\u00eancias e Tecnologia da Universidade Federal de Campina Grande, e d\u00e1 outras provid\u00eancias.<\/p>\n<h2><a href=\"https:\/\/test.cct.ufcg.edu.br\/wp-content\/uploads\/2017\/12\/Res_Bolsas_PRPG_14062016.pdf\">RESOLU\u00c7\u00c3O\u00a0 N\u00ba 06\/2016<\/a><\/h2>\n<p>Aprova os crit\u00e9rios de concess\u00e3o e suspens\u00e3o de bolsas de estudo concedidas pela CAPES e CNPq, para os programas de p\u00f3s-gradua\u00e7\u00e3o da Universidade Federal de Campina Grande, e d\u00e1 outras provid\u00eancias.<\/p>\n<h2><a href=\"https:\/\/ppgem.ufcg.edu.br\/en\/arquivos\/downloads\/Resolu\u00e7\u00e3o 14 2008 (Est\u00e1gio Doc\u00eancia).pdf\/\" target=\"_blank\" rel=\"noopener\">RESOLU\u00c7\u00c3O N\u00ba 14\/2018<\/a><\/h2>\n<p>Regulamenta o Est\u00e1gio Doc\u00eancia para alunos dos Cursos e Programas de P\u00f3s-Gradua\u00e7\u00e3o Stricto Sensu<br \/>\nda UFCG.<\/p>","protected":false},"excerpt":{"rendered":"<p>RELAT\u00d3RIO DE AUTOAVALIA\u00c7\u00c3O DO PPGEM\/UFCG &#8211; 2020 Considerando as novas exig\u00eancias da CAPES para adequa\u00e7\u00f5es no formato de avalia\u00e7\u00e3o multidimensional dos\u00a0 programas de p\u00f3s-gradua\u00e7\u00e3o, e visando contribuir com a formata\u00e7\u00e3o de um Plano geral de autoavalia\u00e7\u00e3o dos\u00a0 programas da UFCG, foi criada uma Comiss\u00e3o de elabora\u00e7\u00e3o pelo Colegiado do PPGEM, que ap\u00f3s v\u00e1rias reuni\u00f5es de [&hellip;]<\/p>\n","protected":false},"author":1,"featured_media":0,"parent":59,"menu_order":0,"comment_status":"closed","ping_status":"closed","template":"template-fullwidth.php","meta":{"footnotes":""},"class_list":["post-65","page","type-page","status-publish","hentry"],"jetpack_sharing_enabled":true,"_links":{"self":[{"href":"https:\/\/ppgem.ufcg.edu.br\/en\/wp-json\/wp\/v2\/pages\/65","targetHints":{"allow":["GET"]}}],"collection":[{"href":"https:\/\/ppgem.ufcg.edu.br\/en\/wp-json\/wp\/v2\/pages"}],"about":[{"href":"https:\/\/ppgem.ufcg.edu.br\/en\/wp-json\/wp\/v2\/types\/page"}],"author":[{"embeddable":true,"href":"https:\/\/ppgem.ufcg.edu.br\/en\/wp-json\/wp\/v2\/users\/1"}],"replies":[{"embeddable":true,"href":"https:\/\/ppgem.ufcg.edu.br\/en\/wp-json\/wp\/v2\/comments?post=65"}],"version-history":[{"count":3,"href":"https:\/\/ppgem.ufcg.edu.br\/en\/wp-json\/wp\/v2\/pages\/65\/revisions"}],"predecessor-version":[{"id":2132,"href":"https:\/\/ppgem.ufcg.edu.br\/en\/wp-json\/wp\/v2\/pages\/65\/revisions\/2132"}],"up":[{"embeddable":true,"href":"https:\/\/ppgem.ufcg.edu.br\/en\/wp-json\/wp\/v2\/pages\/59"}],"wp:attachment":[{"href":"https:\/\/ppgem.ufcg.edu.br\/en\/wp-json\/wp\/v2\/media?parent=65"}],"curies":[{"name":"wp","href":"https:\/\/api.w.org\/{rel}","templated":true}]}}