{"id":665,"date":"2018-09-26T11:22:19","date_gmt":"2018-09-26T14:22:19","guid":{"rendered":"http:\/\/www.ppgem.ufcg.edu.br\/?page_id=665"},"modified":"2018-09-26T11:22:19","modified_gmt":"2018-09-26T14:22:19","slug":"sipgem2018","status":"publish","type":"page","link":"https:\/\/ppgem.ufcg.edu.br\/en\/sipgem2018\/","title":{"rendered":"SiPGEM 2018 &#8211; II Simp\u00f3sio de P\u00f3s-Gradua\u00e7\u00e3o em Engenharia Mec\u00e2nica"},"content":{"rendered":"<h4><span style=\"color: #000080;\"><strong>Expandindo o Horizonte do Jovem Engenheiro<\/strong><\/span><\/h4>\n<h4><span style=\"color: #800000;\"><strong>Campina Grande, Para\u00edba, Brasil &#8211;\u00a0<\/strong><\/span><strong><span style=\"color: #800000;\">12 a 14 de novembro de 2018<\/span><\/strong><\/h4>\n<hr \/>\n<table width=\"100%\">\n<tbody>\n<tr>\n<td>\n<h4 style=\"text-align: center;\"><span style=\"color: #000080;\"><strong><a style=\"color: #000080;\" href=\"https:\/\/ppgem.ufcg.edu.br\/en\/sipgem2018\/sobre\/\">Sobre<\/a><\/strong><\/span><\/h4>\n<\/td>\n<td style=\"text-align: center;\">\n<h4><span style=\"color: #000080;\"><strong><a style=\"color: #000080;\" href=\"https:\/\/ppgem.ufcg.edu.br\/en\/sipgem2018\/programacao\/\">Programa\u00e7\u00e3o<\/a><\/strong><\/span><\/h4>\n<\/td>\n<td style=\"text-align: center;\">\n<h4><span style=\"color: #000080;\"><strong><a style=\"color: #000080;\" href=\"https:\/\/ppgem.ufcg.edu.br\/en\/sipgem2018\/programacao\/minicursos\/\">Minicursos<\/a><\/strong><\/span><\/h4>\n<\/td>\n<td style=\"text-align: center;\">\n<h4><span style=\"color: #000080;\"><strong><a style=\"color: #000080;\" href=\"https:\/\/ppgem.ufcg.edu.br\/en\/sipgem2018\/inscricoes\/\">Inscri\u00e7\u00f5es<\/a><\/strong><\/span><\/h4>\n<\/td>\n<td style=\"text-align: center;\">\n<h4><span style=\"color: #000080;\"><strong><a style=\"color: #000080;\" href=\"https:\/\/ppgem.ufcg.edu.br\/en\/sipgem2018\/contato\/\">Contact<\/a><\/strong><\/span><\/h4>\n<\/td>\n<td width=\"99\">\n<h4 style=\"text-align: center;\"><span style=\"color: #000080;\"><strong><a style=\"color: #000080;\" href=\"https:\/\/ppgem.ufcg.edu.br\/en\/sipgem2018\/sipgem2018-autores\/\">Autores<\/a><\/strong><\/span><\/h4>\n<\/td>\n<td>\n<h4 style=\"text-align: center;\"><span style=\"color: #000080;\"><strong><a style=\"color: #000080;\" href=\"https:\/\/ppgem.ufcg.edu.br\/en\/sipgem2018\/anais-sipgem2018\/\">Anais<\/a><\/strong><\/span><\/h4>\n<\/td>\n<\/tr>\n<\/tbody>\n<\/table>\n<hr \/>\n<p>Download do livro<strong>\u00a0<a href=\"https:\/\/www.poisson.com.br\/livros\/individuais\/Simpgen\/2018\/Simpgen_2018.pdf\">II Simp\u00f3sio de P\u00f3s-Gradua\u00e7\u00e3o em Engenharia Mec\u00e2nica da Universidade Federal de Campina Grande: Colet\u00e2nea de artigos<\/a>.<\/strong><\/p>\n<h4 class=\"product_title entry-title\"><a href=\"https:\/\/ppgem.ufcg.edu.br\/en\/sipgem2018\/\"><img loading=\"lazy\" decoding=\"async\" class=\"wp-image-691 aligncenter\" src=\"https:\/\/test.cct.ufcg.edu.br\/wp-content\/uploads\/2018\/09\/capa-site-300x100.jpg\" alt=\"\" width=\"831\" height=\"277\" srcset=\"https:\/\/ppgem.ufcg.edu.br\/wp-content\/uploads\/2018\/09\/capa-site-300x100.jpg 300w, https:\/\/ppgem.ufcg.edu.br\/wp-content\/uploads\/2018\/09\/capa-site-1024x341.jpg 1024w, https:\/\/ppgem.ufcg.edu.br\/wp-content\/uploads\/2018\/09\/capa-site-768x256.jpg 768w, https:\/\/ppgem.ufcg.edu.br\/wp-content\/uploads\/2018\/09\/capa-site-1536x512.jpg 1536w, https:\/\/ppgem.ufcg.edu.br\/wp-content\/uploads\/2018\/09\/capa-site.jpg 1701w\" sizes=\"auto, (max-width: 831px) 100vw, 831px\" \/><\/a><\/h4>","protected":false},"excerpt":{"rendered":"<p>Expandindo o Horizonte do Jovem Engenheiro Campina Grande, Para\u00edba, Brasil &#8211;\u00a012 a 14 de novembro de 2018 Sobre Programa\u00e7\u00e3o Minicursos Inscri\u00e7\u00f5es Contato Autores Anais Download do livro\u00a0II Simp\u00f3sio de P\u00f3s-Gradua\u00e7\u00e3o em Engenharia Mec\u00e2nica da Universidade Federal de Campina Grande: Colet\u00e2nea de artigos.<\/p>","protected":false},"author":1,"featured_media":0,"parent":0,"menu_order":0,"comment_status":"closed","ping_status":"closed","template":"template-fullwidth.php","meta":{"footnotes":""},"class_list":["post-665","page","type-page","status-publish","hentry"],"jetpack_sharing_enabled":true,"_links":{"self":[{"href":"https:\/\/ppgem.ufcg.edu.br\/en\/wp-json\/wp\/v2\/pages\/665","targetHints":{"allow":["GET"]}}],"collection":[{"href":"https:\/\/ppgem.ufcg.edu.br\/en\/wp-json\/wp\/v2\/pages"}],"about":[{"href":"https:\/\/ppgem.ufcg.edu.br\/en\/wp-json\/wp\/v2\/types\/page"}],"author":[{"embeddable":true,"href":"https:\/\/ppgem.ufcg.edu.br\/en\/wp-json\/wp\/v2\/users\/1"}],"replies":[{"embeddable":true,"href":"https:\/\/ppgem.ufcg.edu.br\/en\/wp-json\/wp\/v2\/comments?post=665"}],"version-history":[{"count":0,"href":"https:\/\/ppgem.ufcg.edu.br\/en\/wp-json\/wp\/v2\/pages\/665\/revisions"}],"wp:attachment":[{"href":"https:\/\/ppgem.ufcg.edu.br\/en\/wp-json\/wp\/v2\/media?parent=665"}],"curies":[{"name":"wp","href":"https:\/\/api.w.org\/{rel}","templated":true}]}}