{"id":668,"date":"2018-09-26T11:27:08","date_gmt":"2018-09-26T14:27:08","guid":{"rendered":"http:\/\/www.ppgem.ufcg.edu.br\/?page_id=668"},"modified":"2018-09-26T11:27:08","modified_gmt":"2018-09-26T14:27:08","slug":"sobre","status":"publish","type":"page","link":"https:\/\/ppgem.ufcg.edu.br\/en\/sipgem2018\/sobre\/","title":{"rendered":"Sobre o SiPGEM 2018"},"content":{"rendered":"<header class=\"entry-header\">\n<h1 class=\"entry-title\"><span style=\"color: #000080;\">II Simp\u00f3sio de P\u00f3s-Gradua\u00e7\u00e3o em Engenharia Mec\u00e2nica<\/span><\/h1>\n<p><span style=\"color: #000080;\"><strong>Expandindo o Horizonte do Jovem Engenheiro<\/strong><\/span><\/p>\n<p><strong style=\"color: #800000;\">Campina Grande, Para\u00edba, Brasil \u2013\u00a0<\/strong><strong style=\"color: #800000;\">12 a 14 de novembro de 2018<\/strong><\/p>\n<\/header>\n<div class=\"entry-content\">\n<hr \/>\n<table width=\"100%\">\n<tbody>\n<tr>\n<td width=\"101\">\n<h4 style=\"text-align: center;\"><strong><span style=\"color: #000080;\"><a style=\"color: #000080;\" href=\"https:\/\/ppgem.ufcg.edu.br\/en\/sipgem2018\/\">In\u00edcio<\/a><\/span><\/strong><\/h4>\n<\/td>\n<td style=\"text-align: center;\" width=\"154\">\n<h4><span style=\"color: #000080;\"><strong><a style=\"color: #000080;\" href=\"https:\/\/ppgem.ufcg.edu.br\/en\/sipgem2018\/programacao\/\">Programa\u00e7\u00e3o<\/a><\/strong><\/span><\/h4>\n<\/td>\n<td style=\"text-align: center;\" width=\"128\">\n<h4><span style=\"color: #000080;\"><strong><a style=\"color: #000080;\" href=\"https:\/\/ppgem.ufcg.edu.br\/en\/sipgem2018\/programacao\/minicursos\/\">Minicursos<\/a><\/strong><\/span><\/h4>\n<\/td>\n<td style=\"text-align: center;\" width=\"98\">\n<h4><span style=\"color: #000080;\"><strong><a style=\"color: #000080;\" href=\"https:\/\/ppgem.ufcg.edu.br\/en\/sipgem2018\/inscricoes\/\">Inscri\u00e7\u00f5es<\/a><\/strong><\/span><\/h4>\n<\/td>\n<td style=\"text-align: center;\" width=\"128\">\n<h4><span style=\"color: #000080;\"><strong><a style=\"color: #000080;\" href=\"https:\/\/ppgem.ufcg.edu.br\/en\/sipgem2018\/contato\/\">Contact<\/a><\/strong><\/span><\/h4>\n<\/td>\n<td width=\"99\">\n<h4 style=\"text-align: center;\"><span style=\"color: #000080;\"><strong><a style=\"color: #000080;\" href=\"https:\/\/ppgem.ufcg.edu.br\/en\/sipgem2018\/sipgem2018-autores\/\">Autores<\/a><\/strong><\/span><\/h4>\n<\/td>\n<\/tr>\n<\/tbody>\n<\/table>\n<hr \/>\n<table width=\"100%\">\n<tbody>\n<tr>\n<td width=\"30%\">\u00a0<img loading=\"lazy\" decoding=\"async\" class=\"wp-image-699 aligncenter\" src=\"https:\/\/ppgem.ufcg.edu.br\/wp-content\/uploads\/2018\/09\/logosipgem18-259x300.jpg\" alt=\"\" width=\"334\" height=\"387\" \/><\/td>\n<td width=\"70%\">\n<p style=\"text-align: left;\">\u00a0O SiPGEM 2018 \u2013 <strong>II Simp\u00f3sio de P\u00f3s-Gradua\u00e7\u00e3o em Engenharia Mec\u00e2nica ocorrer\u00e1 em Campina Grande, Para\u00edba, de 12 a 14 de novembro de 2018, no Centro de Extens\u00e3o Jos\u00e9 Farias N\u00f3brega, na Universidade Federal de Campina Grande.<\/strong> O SiPGEM \u00e9 um simp\u00f3sio anual \u2013 promovido pelo Programa de P\u00f3s-Gradua\u00e7\u00e3o em Engenharia Mec\u00e2nica (PPGEM) da Universidade Federal de Campina Grande (UFCG) \u2013 destinado a ser um evento cient\u00edfico local para a comunica\u00e7\u00e3o e divulga\u00e7\u00e3o da pesquisa cient\u00edfica na comunidade acad\u00eamica.<\/p>\n<p style=\"text-align: left;\">\u00a0Em seu segundo ano, o SiPGEM 2018 torna-se a principal oportunidade para graduandos, p\u00f3s-graduandos e docentes de engenharia discutirem e explorarem temas relevantes no \u00e2mbito acad\u00eamico.<\/p>\n<p style=\"text-align: left;\">\u00a0O SiPGEM \u00e9 um evento multidisciplinar: pesquisadores e p\u00f3s-graduandos s\u00e3o encorajados a palestrarem no simp\u00f3sio. Al\u00e9m da\u00a0 abertura \u00e0 participa\u00e7\u00e3o de estudantes da gradua\u00e7\u00e3o e de programas de p\u00f3s-gradua\u00e7\u00e3o em engenharia. O programa t\u00e9cnico incluir\u00e1 palestrantes convidados, se\u00e7\u00f5es t\u00e9cnicas com artigos cient\u00edficos e minicursos.<\/p>\n<p>\u00a0Estamos ansiosos para receb\u00ea-lo no SiPGEM 2018.<\/p>\n<p><strong>Ra\u00edssa Alves Queiroga<\/strong><\/p>\n<p><strong>Presidente do Comit\u00ea Organizador do SiPGEM 2018<\/strong><\/td>\n<\/tr>\n<tr>\n<td colspan=\"2\" width=\"100%\">\n<hr \/>\n<p style=\"text-align: center;\"><strong>\u00a0<\/strong><strong>Comit\u00ea Organizador SiPGEM 2018<\/strong><\/p>\n<p style=\"text-align: center;\">Eng. Petrol. Ra\u00edssa Alves Queiroga \u2013 (Presidente)<\/p>\n<p style=\"text-align: center;\">Eng. Mec. Kaline Ventura Batista \u2013 (Vice-Presidente)<\/p>\n<p style=\"text-align: center;\">Eng. Mec. Marc\u00e9lio Ronnie Dantas de S\u00e1 \u2013 (Secret\u00e1rio)<\/p>\n<p style=\"text-align: center;\">Eng. Mec. Jo\u00e3o Manoel de Oliveira Neto \u2013 (Secret\u00e1rio)<\/p>\n<p style=\"text-align: center;\">Eng. Mec. Aline Michelly do Nascimento \u2013 (Tesoureira)<\/p>\n<p style=\"text-align: center;\">Eng. Mec. Armando Wilmans Nunes da Fonseca JR \u2013 (Colaborador)<\/p>\n<p style=\"text-align: center;\">Eng. Mec. Felipe Silva Lima \u2013 (Colaborador)<\/p>\n<p style=\"text-align: center;\">Eng. Mec. Renan Di Pace Arruda \u2013 (Colaborador)<\/p>\n<hr \/>\n<p style=\"text-align: center;\"><strong>Comit\u00ea Cient\u00edfico SiPGEM 2018<\/strong><\/p>\n<p style=\"text-align: center;\">Prof. Dr. Ant\u00f4nio Almeida Silva \u2013 UAEM<\/p>\n<p style=\"text-align: center;\">Prof. Dr. Celso Rosendo Bezerra Filho \u2013 UAEM<\/p>\n<p style=\"text-align: center;\">Prof. Dr. Renato Alexandre Costa de Santana &#8211;\u00a0UABQ<\/p>\n<p style=\"text-align: center;\">Prof. Dr. Walman Ben\u00edcio de Castro \u2013 UAEM<\/p>\n<p style=\"text-align: center;\">Prof. Dr. Wanderley Ferreira de Amorim J\u00fanior &#8211; UAEM<\/p>\n<p style=\"text-align: center;\">Eng. Mec. Me.\u00a0 Armando Wilmans Nunes da Fonseca J\u00fanior<\/p>\n<p style=\"text-align: center;\">Eng. Mec. Me. Carlos Eduardo da Silva Albuquerque<\/p>\n<p style=\"text-align: center;\">Eng. Mec. Me.\u00a0 Jos\u00e9 Jorge da Silva J\u00fanior<\/p>\n<p style=\"text-align: center;\">Eng. Mec. Me.\u00a0 Jos\u00e9 Ricardo Ferreira Oliveira<\/p>\n<p style=\"text-align: center;\">Eng. Mec. Me.\u00a0 Paulo C\u00e9sar Sales da Silva<\/p>\n<hr \/>\n<hr \/>\n<p style=\"text-align: center;\"><b>Patrocinadores e Parceiros<\/b><\/p>\n<table>\n<tbody>\n<tr>\n<td width=\"566\">\n<p style=\"text-align: center;\"><strong>Organiza\u00e7\u00e3o<\/strong><\/p>\n<\/td>\n<\/tr>\n<tr>\n<td width=\"566\"><img loading=\"lazy\" decoding=\"async\" class=\"size-full wp-image-354 aligncenter\" src=\"https:\/\/test.cct.ufcg.edu.br\/wp-content\/uploads\/2017\/12\/Foto_PPGEM.png\" alt=\"\" width=\"247\" height=\"282\" \/><\/td>\n<\/tr>\n<tr>\n<td width=\"566\">\n<p style=\"text-align: center;\"><strong>Apoio Institucional<\/strong><\/p>\n<\/td>\n<\/tr>\n<tr>\n<td width=\"566\"><img loading=\"lazy\" decoding=\"async\" class=\"wp-image-355 aligncenter\" src=\"https:\/\/test.cct.ufcg.edu.br\/wp-content\/uploads\/2017\/12\/Foto_UFCG-300x94.png\" alt=\"\" width=\"414\" height=\"130\" srcset=\"https:\/\/ppgem.ufcg.edu.br\/wp-content\/uploads\/2017\/12\/Foto_UFCG-300x94.png 300w, https:\/\/ppgem.ufcg.edu.br\/wp-content\/uploads\/2017\/12\/Foto_UFCG.png 401w\" sizes=\"auto, (max-width: 414px) 100vw, 414px\" \/><img loading=\"lazy\" decoding=\"async\" class=\"wp-image-356 aligncenter\" src=\"https:\/\/test.cct.ufcg.edu.br\/wp-content\/uploads\/2017\/12\/Foto_CCT.jpg\" alt=\"\" width=\"165\" height=\"165\" srcset=\"https:\/\/ppgem.ufcg.edu.br\/wp-content\/uploads\/2017\/12\/Foto_CCT.jpg 250w, https:\/\/ppgem.ufcg.edu.br\/wp-content\/uploads\/2017\/12\/Foto_CCT-150x150.jpg 150w\" sizes=\"auto, (max-width: 165px) 100vw, 165px\" \/><\/td>\n<\/tr>\n<tr>\n<td width=\"566\">\n<p style=\"text-align: center;\"><strong>Support<\/strong><\/p>\n<\/td>\n<\/tr>\n<tr>\n<td width=\"566\"><img loading=\"lazy\" decoding=\"async\" class=\"wp-image-358 aligncenter\" src=\"https:\/\/test.cct.ufcg.edu.br\/wp-content\/uploads\/2017\/12\/Cadersil-300x120.png\" alt=\"\" width=\"437\" height=\"174\" srcset=\"https:\/\/ppgem.ufcg.edu.br\/wp-content\/uploads\/2017\/12\/Cadersil-300x120.png 300w, https:\/\/ppgem.ufcg.edu.br\/wp-content\/uploads\/2017\/12\/Cadersil-1024x408.png 1024w, https:\/\/ppgem.ufcg.edu.br\/wp-content\/uploads\/2017\/12\/Cadersil-768x306.png 768w, https:\/\/ppgem.ufcg.edu.br\/wp-content\/uploads\/2017\/12\/Cadersil-1536x612.png 1536w, https:\/\/ppgem.ufcg.edu.br\/wp-content\/uploads\/2017\/12\/Cadersil-2048x816.png 2048w\" sizes=\"auto, (max-width: 437px) 100vw, 437px\" \/><\/td>\n<\/tr>\n<tr>\n<td width=\"566\"><img loading=\"lazy\" decoding=\"async\" class=\"size-full wp-image-700 aligncenter\" src=\"https:\/\/test.cct.ufcg.edu.br\/wp-content\/uploads\/2018\/09\/Pos-Fip.jpeg\" alt=\"\" width=\"291\" height=\"122\" \/><\/td>\n<\/tr>\n<tr>\n<td width=\"566\"><img loading=\"lazy\" decoding=\"async\" class=\"size-medium wp-image-701 aligncenter\" src=\"https:\/\/test.cct.ufcg.edu.br\/wp-content\/uploads\/2018\/09\/LUAR-LOGO-300x121.jpg\" alt=\"\" width=\"300\" height=\"121\" srcset=\"https:\/\/ppgem.ufcg.edu.br\/wp-content\/uploads\/2018\/09\/LUAR-LOGO-300x121.jpg 300w, https:\/\/ppgem.ufcg.edu.br\/wp-content\/uploads\/2018\/09\/LUAR-LOGO-768x310.jpg 768w, https:\/\/ppgem.ufcg.edu.br\/wp-content\/uploads\/2018\/09\/LUAR-LOGO.jpg 785w\" sizes=\"auto, (max-width: 300px) 100vw, 300px\" \/><\/td>\n<\/tr>\n<tr>\n<td width=\"566\"><img loading=\"lazy\" decoding=\"async\" class=\"size-medium wp-image-797 aligncenter\" src=\"https:\/\/test.cct.ufcg.edu.br\/wp-content\/uploads\/2018\/10\/James-Watt-300x148.jpeg\" alt=\"\" width=\"300\" height=\"148\" srcset=\"https:\/\/ppgem.ufcg.edu.br\/wp-content\/uploads\/2018\/10\/James-Watt-300x148.jpeg 300w, https:\/\/ppgem.ufcg.edu.br\/wp-content\/uploads\/2018\/10\/James-Watt.jpeg 514w\" sizes=\"auto, (max-width: 300px) 100vw, 300px\" \/><\/td>\n<\/tr>\n<tr>\n<td width=\"566\"><img loading=\"lazy\" decoding=\"async\" class=\"wp-image-706 aligncenter\" src=\"https:\/\/test.cct.ufcg.edu.br\/wp-content\/uploads\/2018\/09\/Focus-300x300.jpeg\" alt=\"\" width=\"240\" height=\"240\" srcset=\"https:\/\/ppgem.ufcg.edu.br\/wp-content\/uploads\/2018\/09\/Focus-300x300.jpeg 300w, https:\/\/ppgem.ufcg.edu.br\/wp-content\/uploads\/2018\/09\/Focus-1024x1024.jpeg 1024w, https:\/\/ppgem.ufcg.edu.br\/wp-content\/uploads\/2018\/09\/Focus-150x150.jpeg 150w, https:\/\/ppgem.ufcg.edu.br\/wp-content\/uploads\/2018\/09\/Focus-768x767.jpeg 768w, https:\/\/ppgem.ufcg.edu.br\/wp-content\/uploads\/2018\/09\/Focus.jpeg 1280w\" sizes=\"auto, (max-width: 240px) 100vw, 240px\" \/><\/td>\n<\/tr>\n<tr>\n<td width=\"566\"><img loading=\"lazy\" decoding=\"async\" class=\"wp-image-798 aligncenter\" src=\"https:\/\/test.cct.ufcg.edu.br\/wp-content\/uploads\/2018\/10\/logo-patrocinio-300x295.jpeg\" alt=\"\" width=\"176\" height=\"172\" srcset=\"https:\/\/ppgem.ufcg.edu.br\/wp-content\/uploads\/2018\/10\/logo-patrocinio-300x295.jpeg 300w, https:\/\/ppgem.ufcg.edu.br\/wp-content\/uploads\/2018\/10\/logo-patrocinio-1024x1008.jpeg 1024w, https:\/\/ppgem.ufcg.edu.br\/wp-content\/uploads\/2018\/10\/logo-patrocinio-768x756.jpeg 768w, https:\/\/ppgem.ufcg.edu.br\/wp-content\/uploads\/2018\/10\/logo-patrocinio.jpeg 1078w\" sizes=\"auto, (max-width: 176px) 100vw, 176px\" \/><\/td>\n<\/tr>\n<tr>\n<td width=\"566\"><img loading=\"lazy\" decoding=\"async\" class=\"size-medium wp-image-799 aligncenter\" src=\"https:\/\/test.cct.ufcg.edu.br\/wp-content\/uploads\/2018\/10\/logo-candy-300x228.jpg\" alt=\"\" width=\"300\" height=\"228\" srcset=\"https:\/\/ppgem.ufcg.edu.br\/wp-content\/uploads\/2018\/10\/logo-candy-300x228.jpg 300w, https:\/\/ppgem.ufcg.edu.br\/wp-content\/uploads\/2018\/10\/logo-candy-768x584.jpg 768w, https:\/\/ppgem.ufcg.edu.br\/wp-content\/uploads\/2018\/10\/logo-candy.jpg 915w\" sizes=\"auto, (max-width: 300px) 100vw, 300px\" \/><\/td>\n<\/tr>\n<\/tbody>\n<\/table>\n<p style=\"text-align: center;\"><strong>\u00a0<\/strong><\/p>\n<p>&nbsp;<\/td>\n<\/tr>\n<\/tbody>\n<\/table>\n<\/div>","protected":false},"excerpt":{"rendered":"<p>II Simp\u00f3sio de P\u00f3s-Gradua\u00e7\u00e3o em Engenharia Mec\u00e2nica Expandindo o Horizonte do Jovem Engenheiro Campina Grande, Para\u00edba, Brasil \u2013\u00a012 a 14 de novembro de 2018 In\u00edcio Programa\u00e7\u00e3o Minicursos Inscri\u00e7\u00f5es Contato Autores \u00a0 \u00a0O SiPGEM 2018 \u2013 II Simp\u00f3sio de P\u00f3s-Gradua\u00e7\u00e3o em Engenharia Mec\u00e2nica ocorrer\u00e1 em Campina Grande, Para\u00edba, de 12 a 14 de novembro de 2018, [&hellip;]<\/p>\n","protected":false},"author":1,"featured_media":0,"parent":665,"menu_order":0,"comment_status":"closed","ping_status":"closed","template":"template-fullwidth.php","meta":{"footnotes":""},"class_list":["post-668","page","type-page","status-publish","hentry"],"jetpack_sharing_enabled":true,"_links":{"self":[{"href":"https:\/\/ppgem.ufcg.edu.br\/en\/wp-json\/wp\/v2\/pages\/668","targetHints":{"allow":["GET"]}}],"collection":[{"href":"https:\/\/ppgem.ufcg.edu.br\/en\/wp-json\/wp\/v2\/pages"}],"about":[{"href":"https:\/\/ppgem.ufcg.edu.br\/en\/wp-json\/wp\/v2\/types\/page"}],"author":[{"embeddable":true,"href":"https:\/\/ppgem.ufcg.edu.br\/en\/wp-json\/wp\/v2\/users\/1"}],"replies":[{"embeddable":true,"href":"https:\/\/ppgem.ufcg.edu.br\/en\/wp-json\/wp\/v2\/comments?post=668"}],"version-history":[{"count":0,"href":"https:\/\/ppgem.ufcg.edu.br\/en\/wp-json\/wp\/v2\/pages\/668\/revisions"}],"up":[{"embeddable":true,"href":"https:\/\/ppgem.ufcg.edu.br\/en\/wp-json\/wp\/v2\/pages\/665"}],"wp:attachment":[{"href":"https:\/\/ppgem.ufcg.edu.br\/en\/wp-json\/wp\/v2\/media?parent=668"}],"curies":[{"name":"wp","href":"https:\/\/api.w.org\/{rel}","templated":true}]}}