{"id":670,"date":"2018-09-26T11:29:19","date_gmt":"2018-09-26T14:29:19","guid":{"rendered":"http:\/\/www.ppgem.ufcg.edu.br\/?page_id=670"},"modified":"2018-09-26T11:29:19","modified_gmt":"2018-09-26T14:29:19","slug":"programacao","status":"publish","type":"page","link":"https:\/\/ppgem.ufcg.edu.br\/en\/sipgem2018\/programacao\/","title":{"rendered":"Programa\u00e7\u00e3o SiPGEM 2018"},"content":{"rendered":"<header class=\"entry-header\">\n<h1 class=\"entry-title\"><span style=\"color: #000080;\">II Simp\u00f3sio de P\u00f3s-Gradua\u00e7\u00e3o em Engenharia Mec\u00e2nica<\/span><\/h1>\n<p><span style=\"color: #000080;\"><strong>Expandindo o Horizonte do Jovem Engenheiro<\/strong><\/span><\/p>\n<p><strong style=\"color: #800000;\">Campina Grande, Para\u00edba, Brasil \u2013\u00a0<\/strong><strong style=\"color: #800000;\">12 a 14 de novembro de 2018<\/strong><\/p>\n<\/header>\n<div class=\"entry-content\">\n<hr \/>\n<table width=\"100%\">\n<tbody>\n<tr>\n<td width=\"101\">\n<h4 style=\"text-align: center;\"><strong><span style=\"color: #000080;\"><a style=\"color: #000080;\" href=\"https:\/\/ppgem.ufcg.edu.br\/en\/sipgem2018\/\">In\u00edcio<\/a><\/span><\/strong><\/h4>\n<\/td>\n<td style=\"text-align: center;\" width=\"154\">\n<h4><span style=\"color: #000080;\"><strong><a style=\"color: #000080;\" href=\"https:\/\/ppgem.ufcg.edu.br\/en\/sipgem2018\/sobre\/\">Sobre<\/a><\/strong><\/span><\/h4>\n<\/td>\n<td style=\"text-align: center;\" width=\"128\">\n<h4><span style=\"color: #000080;\"><strong><a style=\"color: #000080;\" href=\"https:\/\/ppgem.ufcg.edu.br\/en\/sipgem2018\/programacao\/minicursos\/\">Minicursos<\/a><\/strong><\/span><\/h4>\n<\/td>\n<td style=\"text-align: center;\" width=\"98\">\n<h4><span style=\"color: #000080;\"><strong><a style=\"color: #000080;\" href=\"https:\/\/ppgem.ufcg.edu.br\/en\/sipgem2018\/inscricoes\/\">Inscri\u00e7\u00f5es<\/a><\/strong><\/span><\/h4>\n<\/td>\n<td style=\"text-align: center;\" width=\"128\">\n<h4><span style=\"color: #000080;\"><strong><a style=\"color: #000080;\" href=\"https:\/\/ppgem.ufcg.edu.br\/en\/sipgem2018\/contato\/\">Contact<\/a><\/strong><\/span><\/h4>\n<\/td>\n<td width=\"99\">\n<h4 style=\"text-align: center;\"><span style=\"color: #000080;\"><strong><a style=\"color: #000080;\" href=\"https:\/\/ppgem.ufcg.edu.br\/en\/sipgem2018\/sipgem2018-autores\/\">Autores<\/a><\/strong><\/span><\/h4>\n<\/td>\n<\/tr>\n<\/tbody>\n<\/table>\n<\/div>\n<hr \/>\n<h1 style=\"text-align: center;\"><a href=\"https:\/\/ppgem.ufcg.edu.br\/en\/sipgem2018\/programacao\/\"><span style=\"color: #000080;\"><strong>Programa\u00e7\u00e3o<\/strong><\/span><\/a><\/h1>\n<hr \/>\n<table>\n<tbody>\n<tr>\n<td rowspan=\"12\" width=\"189\">\n<h1 style=\"text-align: center;\"><strong>12\/11\/2018<\/strong><\/h1>\n<h1 style=\"text-align: center;\"><strong>Segunda-Feira<\/strong><\/h1>\n<\/td>\n<td style=\"text-align: center;\" width=\"123\">\n<p style=\"text-align: center;\"><strong>08:00<\/strong><\/p>\n<\/td>\n<td style=\"text-align: center;\" width=\"255\">Credenciamento<\/td>\n<\/tr>\n<tr>\n<td width=\"123\">\n<p style=\"text-align: center;\"><strong>08:30<\/strong><\/p>\n<\/td>\n<td width=\"255\">\n<p style=\"text-align: center;\"><strong>Abertura Oficial<\/strong><\/p>\n<p style=\"text-align: center;\">Prof. Dr. Ant\u00f4nio Almeida (UFCG)<\/p>\n<\/td>\n<\/tr>\n<tr>\n<td width=\"123\">\n<p style=\"text-align: center;\"><strong>09:00<\/strong><\/p>\n<\/td>\n<td width=\"255\">\n<p style=\"text-align: center;\"><strong>Palestra:<\/strong> Sa\u00fade Mental no Meio Acad\u00eamico<\/p>\n<p style=\"text-align: center;\"><strong>Ministrante:<\/strong> Psic\u00f3loga Ana Clara Cabral<\/p>\n<\/td>\n<\/tr>\n<tr>\n<td width=\"123\">\n<p style=\"text-align: center;\"><strong>10:00<\/strong><\/p>\n<\/td>\n<td width=\"255\">\n<p style=\"text-align: center;\"><strong>Caf\u00e9<\/strong><\/p>\n<\/td>\n<\/tr>\n<tr>\n<td width=\"123\">\n<p style=\"text-align: center;\"><strong>10:30<\/strong><\/p>\n<\/td>\n<td width=\"255\">\n<p style=\"text-align: center;\"><strong>Palestra:<\/strong> Um Bom Professor faz Toda Diferen\u00e7a<\/p>\n<p style=\"text-align: center;\"><strong>Ministrante:<\/strong> Prof. Dr. Jalberth Fernandes de Ara\u00fajo (UFCG)<\/p>\n<\/td>\n<\/tr>\n<tr>\n<td width=\"123\">\n<p style=\"text-align: center;\"><strong>11:30<\/strong><\/p>\n<\/td>\n<td width=\"255\">\n<p style=\"text-align: center;\"><strong>Sess\u00f5es T\u00e9cnicas<\/strong><\/p>\n<\/td>\n<\/tr>\n<tr>\n<td width=\"123\">\n<p style=\"text-align: center;\"><strong>12:00<\/strong><\/p>\n<\/td>\n<td width=\"255\">\n<p style=\"text-align: center;\"><strong>Intervalo<\/strong><\/p>\n<\/td>\n<\/tr>\n<tr>\n<td width=\"123\">\n<p style=\"text-align: center;\"><strong>14:00<\/strong><\/p>\n<\/td>\n<td width=\"255\">\n<p style=\"text-align: center;\"><strong>Palestra:<\/strong> Escrita Cient\u00edfica para Artigos de Alto Impacto<\/p>\n<p style=\"text-align: center;\"><strong>Ministrante:<\/strong> Prof. Dr. Benedito Ant\u00f4nio Luciano (UFCG)<\/p>\n<\/td>\n<\/tr>\n<tr>\n<td width=\"123\">\n<p style=\"text-align: center;\"><strong>15:00<\/strong><\/p>\n<\/td>\n<td width=\"255\">\n<p style=\"text-align: center;\"><strong>Sess\u00f5es T\u00e9cnicas<\/strong><\/p>\n<\/td>\n<\/tr>\n<tr>\n<td width=\"123\">\n<p style=\"text-align: center;\"><strong>15:30<\/strong><\/p>\n<\/td>\n<td width=\"255\">\n<p style=\"text-align: center;\"><strong>Caf\u00e9<\/strong><\/p>\n<\/td>\n<\/tr>\n<tr>\n<td width=\"123\">\n<p style=\"text-align: center;\"><strong>16:00<\/strong><\/p>\n<\/td>\n<td width=\"255\">\n<p style=\"text-align: center;\"><strong>Sess\u00f5es T\u00e9cnicas<\/strong><\/p>\n<\/td>\n<\/tr>\n<tr>\n<td width=\"123\">\n<p style=\"text-align: center;\"><strong>17:00<\/strong><\/p>\n<\/td>\n<td width=\"255\">\n<p style=\"text-align: center;\"><strong>Encerramento<\/strong><\/p>\n<\/td>\n<\/tr>\n<\/tbody>\n<\/table>\n<hr \/>\n<table>\n<tbody>\n<tr>\n<td rowspan=\"11\" width=\"189\">\n<h1 style=\"text-align: center;\"><strong>13\/11\/2018<\/strong><\/h1>\n<h1 style=\"text-align: center;\"><strong>Ter\u00e7a-Feira<\/strong><\/h1>\n<\/td>\n<td width=\"123\">\n<p style=\"text-align: center;\"><strong>08:00<\/strong><\/p>\n<\/td>\n<td width=\"255\">\n<p style=\"text-align: center;\"><strong>Palestra:<\/strong> Empreendedorismo e Incuba\u00e7\u00e3o<\/p>\n<p style=\"text-align: center;\"><strong>Ministrante:<\/strong> Juan Pinheiro (Propriet\u00e1rio da Strattus)<\/p>\n<\/td>\n<\/tr>\n<tr>\n<td width=\"123\">\n<p style=\"text-align: center;\"><strong>09:00<\/strong><\/p>\n<\/td>\n<td width=\"255\">\n<p style=\"text-align: center;\"><strong>Palestra:<\/strong> Engenharia de Seguran\u00e7a e o Mercado de Trabalho<\/p>\n<p style=\"text-align: center;\"><strong>Ministrante:<\/strong> Msc. Leandro Arruda (Propriet\u00e1rio da Luar Engenharia)<\/p>\n<\/td>\n<\/tr>\n<tr>\n<td width=\"123\">\n<p style=\"text-align: center;\"><strong>10:00<\/strong><\/p>\n<\/td>\n<td width=\"255\">\n<p style=\"text-align: center;\"><strong>Caf\u00e9<\/strong><\/p>\n<\/td>\n<\/tr>\n<tr>\n<td width=\"123\">\n<p style=\"text-align: center;\"><strong>10:30<\/strong><\/p>\n<\/td>\n<td width=\"255\">\n<p style=\"text-align: center;\"><strong>Palestra:<\/strong> Tend\u00eancias e Desafios na Ind\u00fastria<\/p>\n<p style=\"text-align: center;\"><strong>Ministrante:<\/strong> Gladstone Lacerda (Gerente de Engenharia em Empresa Global do Setor Cal\u00e7adista)<\/p>\n<\/td>\n<\/tr>\n<tr>\n<td width=\"123\">\n<p style=\"text-align: center;\"><strong>11:30<\/strong><\/p>\n<\/td>\n<td width=\"255\">\n<p style=\"text-align: center;\"><strong>Sess\u00f5es T\u00e9cnicas<\/strong><\/p>\n<\/td>\n<\/tr>\n<tr>\n<td width=\"123\">\n<p style=\"text-align: center;\"><strong>12:00<\/strong><\/p>\n<\/td>\n<td width=\"255\">\n<p style=\"text-align: center;\"><strong>Intervalo<\/strong><\/p>\n<\/td>\n<\/tr>\n<tr>\n<td width=\"123\">\n<p style=\"text-align: center;\"><strong>14:00<\/strong><\/p>\n<\/td>\n<td width=\"255\">\n<p style=\"text-align: center;\"><strong>Palestra:<\/strong> Propriedade Intelectual<\/p>\n<p style=\"text-align: center;\"><strong>Ministrante:<\/strong> Prof. Dr. Jos\u00e9 Nilton Silva (UFCG)<\/p>\n<\/td>\n<\/tr>\n<tr>\n<td width=\"123\">\n<p style=\"text-align: center;\"><strong>15:00<\/strong><\/p>\n<\/td>\n<td width=\"255\">\n<p style=\"text-align: center;\"><strong>Sess\u00f5es T\u00e9cnicas<\/strong><\/p>\n<\/td>\n<\/tr>\n<tr>\n<td width=\"123\">\n<p style=\"text-align: center;\"><strong>15:30<\/strong><\/p>\n<\/td>\n<td width=\"255\">\n<p style=\"text-align: center;\"><strong>Caf\u00e9<\/strong><\/p>\n<\/td>\n<\/tr>\n<tr>\n<td width=\"123\">\n<p style=\"text-align: center;\"><strong>16:00<\/strong><\/p>\n<\/td>\n<td width=\"255\">\n<p style=\"text-align: center;\"><strong>Apresenta\u00e7\u00e3o dos Projetos de Extens\u00e3o: <\/strong>Labem e Scuderia<\/p>\n<\/td>\n<\/tr>\n<tr>\n<td width=\"123\">\n<p style=\"text-align: center;\"><strong>17:00<\/strong><\/p>\n<\/td>\n<td width=\"255\">\n<p style=\"text-align: center;\"><strong>Encerramento<\/strong><\/p>\n<\/td>\n<\/tr>\n<\/tbody>\n<\/table>\n<hr \/>\n<table>\n<tbody>\n<tr>\n<td rowspan=\"11\" width=\"189\">\n<h1 style=\"text-align: center;\"><strong>14\/11\/2018<\/strong><\/h1>\n<h1 style=\"text-align: center;\"><strong>Quarta-Feira<\/strong><\/h1>\n<\/td>\n<td width=\"123\">\n<p style=\"text-align: center;\"><strong>08:00<\/strong><\/p>\n<\/td>\n<td width=\"255\">\n<p style=\"text-align: center;\"><strong>Palestra:<\/strong> Parceria P\u00fablico-Privado<\/p>\n<p style=\"text-align: center;\"><strong>Ministrante:<\/strong> Manass\u00e9s Agra (UFCG)<\/p>\n<\/td>\n<\/tr>\n<tr>\n<td width=\"123\">\n<p style=\"text-align: center;\"><strong>09:00<\/strong><\/p>\n<\/td>\n<td width=\"255\">\n<p style=\"text-align: center;\"><strong>Palestra:<\/strong> A Evolu\u00e7\u00e3o das M\u00e1quinas e Equipamentos no Brasil<\/p>\n<p style=\"text-align: center;\"><strong>Ministrante:<\/strong> Gustavo Coutinho (Gerente de Projetos na James Watt Engenharia)<\/p>\n<\/td>\n<\/tr>\n<tr>\n<td width=\"123\">\n<p style=\"text-align: center;\"><strong>10:00<\/strong><\/p>\n<\/td>\n<td width=\"255\">\n<p style=\"text-align: center;\"><strong>Caf\u00e9<\/strong><\/p>\n<\/td>\n<\/tr>\n<tr>\n<td width=\"123\">\n<p style=\"text-align: center;\"><strong>10:30<\/strong><\/p>\n<\/td>\n<td width=\"255\">\n<p style=\"text-align: center;\"><strong>Palestra:<\/strong> P\u00f3s-gradua\u00e7\u00e3o no Exterior<\/p>\n<p style=\"text-align: center;\"><strong>Ministrante:<\/strong> Prof. Dr. Carlos Jos\u00e9 de Ara\u00fajo (UFCG)<\/p>\n<\/td>\n<\/tr>\n<tr>\n<td width=\"123\">\n<p style=\"text-align: center;\"><strong>11:30<\/strong><\/p>\n<\/td>\n<td width=\"255\">\n<p style=\"text-align: center;\"><strong>Apresenta\u00e7\u00e3o dos Projetos de Extens\u00e3o: <\/strong>Parahybaja e Parahyasas<\/p>\n<\/td>\n<\/tr>\n<tr>\n<td width=\"123\">\n<p style=\"text-align: center;\"><strong>12:00<\/strong><\/p>\n<\/td>\n<td width=\"255\">\n<p style=\"text-align: center;\"><strong>Intervalo<\/strong><\/p>\n<\/td>\n<\/tr>\n<tr>\n<td width=\"123\">\n<p style=\"text-align: center;\"><strong>14:00<\/strong><\/p>\n<\/td>\n<td width=\"255\">\n<p style=\"text-align: center;\"><strong>Palestra:<\/strong> Para Que Voc\u00ea Quer Seu T\u00edtulo?<\/p>\n<p style=\"text-align: center;\"><strong>Ministrante:<\/strong> Prof. Dr. Juscelino Maribondo (UFCG)<\/p>\n<\/td>\n<\/tr>\n<tr>\n<td width=\"123\">\n<p style=\"text-align: center;\"><strong>15:00<\/strong><\/p>\n<\/td>\n<td width=\"255\">\n<p style=\"text-align: center;\"><strong>Sess\u00f5es T\u00e9cnicas<\/strong><\/p>\n<\/td>\n<\/tr>\n<tr>\n<td width=\"123\">\n<p style=\"text-align: center;\"><strong>15:30<\/strong><\/p>\n<\/td>\n<td width=\"255\">\n<p style=\"text-align: center;\"><strong>Caf\u00e9<\/strong><\/p>\n<\/td>\n<\/tr>\n<tr>\n<td width=\"123\">\n<p style=\"text-align: center;\"><strong>16:00<\/strong><\/p>\n<\/td>\n<td width=\"255\">\n<p style=\"text-align: center;\"><strong>Sess\u00f5es T\u00e9cnicas<\/strong><\/p>\n<\/td>\n<\/tr>\n<tr>\n<td width=\"123\">\n<p style=\"text-align: center;\"><strong>17:00<\/strong><\/p>\n<\/td>\n<td width=\"255\">\n<p style=\"text-align: center;\"><strong>Encerramento do Evento<\/strong><\/p>\n<\/td>\n<\/tr>\n<\/tbody>\n<\/table>\n<hr \/>\n<p>&nbsp;<\/p>\n<p>&nbsp;<\/p>","protected":false},"excerpt":{"rendered":"<p>II Simp\u00f3sio de P\u00f3s-Gradua\u00e7\u00e3o em Engenharia Mec\u00e2nica Expandindo o Horizonte do Jovem Engenheiro Campina Grande, Para\u00edba, Brasil \u2013\u00a012 a 14 de novembro de 2018 In\u00edcio Sobre Minicursos Inscri\u00e7\u00f5es Contato Autores Programa\u00e7\u00e3o 12\/11\/2018 Segunda-Feira 08:00 Credenciamento 08:30 Abertura Oficial Prof. Dr. Ant\u00f4nio Almeida (UFCG) 09:00 Palestra: Sa\u00fade Mental no Meio Acad\u00eamico Ministrante: Psic\u00f3loga Ana Clara Cabral [&hellip;]<\/p>\n","protected":false},"author":1,"featured_media":0,"parent":665,"menu_order":0,"comment_status":"closed","ping_status":"closed","template":"template-fullwidth.php","meta":{"footnotes":""},"class_list":["post-670","page","type-page","status-publish","hentry"],"jetpack_sharing_enabled":true,"_links":{"self":[{"href":"https:\/\/ppgem.ufcg.edu.br\/en\/wp-json\/wp\/v2\/pages\/670","targetHints":{"allow":["GET"]}}],"collection":[{"href":"https:\/\/ppgem.ufcg.edu.br\/en\/wp-json\/wp\/v2\/pages"}],"about":[{"href":"https:\/\/ppgem.ufcg.edu.br\/en\/wp-json\/wp\/v2\/types\/page"}],"author":[{"embeddable":true,"href":"https:\/\/ppgem.ufcg.edu.br\/en\/wp-json\/wp\/v2\/users\/1"}],"replies":[{"embeddable":true,"href":"https:\/\/ppgem.ufcg.edu.br\/en\/wp-json\/wp\/v2\/comments?post=670"}],"version-history":[{"count":0,"href":"https:\/\/ppgem.ufcg.edu.br\/en\/wp-json\/wp\/v2\/pages\/670\/revisions"}],"up":[{"embeddable":true,"href":"https:\/\/ppgem.ufcg.edu.br\/en\/wp-json\/wp\/v2\/pages\/665"}],"wp:attachment":[{"href":"https:\/\/ppgem.ufcg.edu.br\/en\/wp-json\/wp\/v2\/media?parent=670"}],"curies":[{"name":"wp","href":"https:\/\/api.w.org\/{rel}","templated":true}]}}