{"id":672,"date":"2018-09-26T11:35:43","date_gmt":"2018-09-26T14:35:43","guid":{"rendered":"http:\/\/www.ppgem.ufcg.edu.br\/?page_id=672"},"modified":"2018-09-26T11:35:43","modified_gmt":"2018-09-26T14:35:43","slug":"sipgem2018-autores","status":"publish","type":"page","link":"https:\/\/ppgem.ufcg.edu.br\/en\/sipgem2018\/sipgem2018-autores\/","title":{"rendered":"Autores"},"content":{"rendered":"<header class=\"entry-header\">\n<h1 class=\"entry-title\"><span style=\"color: #000080;\">II Simp\u00f3sio de P\u00f3s-Gradua\u00e7\u00e3o em Engenharia Mec\u00e2nica<\/span><\/h1>\n<p><span style=\"color: #000080;\"><strong>Expandindo o Horizonte do Jovem Engenheiro<\/strong><\/span><\/p>\n<p><strong style=\"color: #800000;\">Campina Grande, Para\u00edba, Brasil \u2013\u00a0<\/strong><strong style=\"color: #800000;\">12 a 14 de novembro de 2018<\/strong><\/p>\n<\/header>\n<div class=\"entry-content\">\n<hr \/>\n<table width=\"100%\">\n<tbody>\n<tr>\n<td width=\"101\">\n<h4 style=\"text-align: center;\"><strong><span style=\"color: #000080;\"><a style=\"color: #000080;\" href=\"https:\/\/ppgem.ufcg.edu.br\/en\/sipgem2018\/\">In\u00edcio<\/a><\/span><\/strong><\/h4>\n<\/td>\n<td style=\"text-align: center;\" width=\"154\">\n<h4><span style=\"color: #000080;\"><strong><a style=\"color: #000080;\" href=\"https:\/\/ppgem.ufcg.edu.br\/en\/sipgem2018\/programacao\/\">Programa\u00e7\u00e3o<\/a><\/strong><\/span><\/h4>\n<\/td>\n<td style=\"text-align: center;\" width=\"128\">\n<h4><span style=\"color: #000080;\"><strong><a style=\"color: #000080;\" href=\"https:\/\/ppgem.ufcg.edu.br\/en\/sipgem2018\/programacao\/minicursos\/\">Minicursos<\/a><\/strong><\/span><\/h4>\n<\/td>\n<td style=\"text-align: center;\" width=\"98\">\n<h4><span style=\"color: #000080;\"><strong><a style=\"color: #000080;\" href=\"https:\/\/ppgem.ufcg.edu.br\/en\/sipgem2018\/inscricoes\/\">Inscri\u00e7\u00f5es<\/a><\/strong><\/span><\/h4>\n<\/td>\n<td style=\"text-align: center;\" width=\"128\">\n<h4><span style=\"color: #000080;\"><strong><a style=\"color: #000080;\" href=\"https:\/\/ppgem.ufcg.edu.br\/en\/sipgem2018\/contato\/\">Contact<\/a><\/strong><\/span><\/h4>\n<\/td>\n<td width=\"99\">\n<h4 style=\"text-align: center;\"><strong><span style=\"color: #000080;\"><a style=\"color: #000080;\" href=\"https:\/\/ppgem.ufcg.edu.br\/en\/sipgem2018\/sobre\/\">Sobre<\/a><\/span><\/strong><\/h4>\n<\/td>\n<\/tr>\n<\/tbody>\n<\/table>\n<\/div>\n<hr \/>\n<h1 style=\"text-align: center;\"><a href=\"https:\/\/ppgem.ufcg.edu.br\/en\/sipgem2018\/sipgem2018-autores\/\"><span style=\"color: #000080;\"><strong>AUTORES<\/strong><\/span><\/a><\/h1>\n<hr \/>\n<p>Para a\u00a0<strong>primeira etapa\u00a0da submiss\u00e3o do trabalho ao SiPGEM 2018<\/strong>\u00a0o resumo enviado deve ser estendido, que \u00e9 um arquivo PDF que contenha no m\u00ednimo\u00a01000 palavras, que descreva o prop\u00f3sito e o escopo do trabalho, os m\u00e9todos usados, os principais resultados, as contribui\u00e7\u00f5es para o estado-da-arte na \u00e1rea e refer\u00eancias para publica\u00e7\u00f5es pertinentes na literatura.\u00a0Este resumo estendido tem necessariamente que incluir figuras e\/ou dados que apoiem os resultados e contribui\u00e7\u00f5es citados no texto. <strong>Alunos de gradua\u00e7\u00e3o dever\u00e3o submeter o Resumo Estendido de no m\u00e1ximo 5 p\u00e1ginas e alunos de p\u00f3s-gradua\u00e7\u00e3o dever\u00e3o submeter o Trabalho Completo com no m\u00e1ximo 8 p\u00e1ginas. <\/strong>Os autores de p\u00f3s-graduandos dever\u00e3o especificar a modalidade de trabalho, se oral ou banner.<\/p>\n<hr \/>\n<p><strong>RESUMO ESTENDIDO E TRABALHO COMPLETO<\/strong><\/p>\n<p>As submiss\u00f5es do resumo estendido e do trabalho completo podem ser realizadas\u00a0at\u00e9 <strong>7 de novembro\u00a0de 2018.<\/strong>\u00a0<strong>Os alunos que submeterem o trabalho completo devem acrescentar o resumo ao seu trabalho, antes da introdu\u00e7\u00e3o, devendo o mesmo estar centralizado<\/strong>. O\u00a0<em>download<\/em>\u00a0do <em>template<\/em> pode ser realizado\u00a0<strong><a href=\"https:\/\/test.cct.ufcg.edu.br\/wp-content\/uploads\/2018\/11\/Template_SiPGEM_2018_resumo_expandido.docx\" target=\"_blank\" rel=\"noopener\">clicando aqui<\/a><\/strong>.<\/p>\n<p><strong>PROCESSO DE SUBMISS\u00c3O DO RESUMO ESTENDIDO:<\/strong><\/p>\n<ol>\n<li>O envio \u00e9 realizado via email, para sipgemufcg@gmail.com.<\/li>\n<li>No campo de assunto,\u00a0insira o nome do autor &#8211; SiPGEM 2018.<\/li>\n<li>Em seguida, insira o arquivo PDF do seu Resumo Estendido ou Trabalho Completo (Limite de arquivo: 2 MB).<\/li>\n<\/ol>\n<hr \/>\n<p><strong>BANNER<\/strong><\/p>\n<p>Ap\u00f3s a confec\u00e7\u00e3o do banner o autor deve envi\u00e1-lo para o e-mail: sipgemufcg@gmail.com. O autor deve confeccionar seu p\u00f4ster atentando para os seguintes crit\u00e9rios:<\/p>\n<p><strong>TAMANHO:<\/strong>\u00a0As dimens\u00f5es do p\u00f4ster n\u00e3o devem ultrapassar o limite de<strong> 90 cm de largura por 120 cm de comprimento.<\/strong> P\u00f4steres maiores poder\u00e3o exceder o painel de fixa\u00e7\u00e3o; por isso \u00e9 necess\u00e1rio que o autor atenda as especifica\u00e7\u00f5es das dimens\u00f5es do p\u00f4ster.<\/p>\n<p><strong>LETRAS:<\/strong>\u00a0Os tamanhos das letras utilizadas nos p\u00f4steres devem permitir uma leitura f\u00e1cil a dist\u00e2ncia de dois metros. Devem-se usar LETRAS MAI\u00daSCULAS E MIN\u00daSCULAS para o conte\u00fado geral, pois o uso de letras de um mesmo tamanho pode dificultar a leitura. Deve-se evitar misturar diferentes tipos de fontes e diferentes estilos no mesmo texto.<\/p>\n<p>O\u00a0<em>download<\/em>\u00a0do\u00a0<em>template<\/em>\u00a0pode ser realizado\u00a0<strong><a href=\"https:\/\/test.cct.ufcg.edu.br\/wp-content\/uploads\/2018\/11\/Template_SIPGEM_2018_banner.pptx\" target=\"_blank\" rel=\"noopener\">clicando aqui<\/a><\/strong>.<\/p>\n<hr \/>\n<p><strong>APRESENTA\u00c7\u00c3O ORAL<\/strong><\/p>\n<p>A apresenta\u00e7\u00e3o de slides deve seguir o modelo de Power Point do evento. <em>O download do template pode ser realizado <strong><a href=\"https:\/\/test.cct.ufcg.edu.br\/wp-content\/uploads\/2018\/09\/Template-IISiPGEM.pptx\">clicando aqui<\/a><\/strong><\/em>. O arquivo com a apresenta\u00e7\u00e3o deve ser levado, com anteced\u00eancia m\u00ednima de 2 horas ao evento, antes da respectiva se\u00e7\u00e3o t\u00e9cnica.<\/p>","protected":false},"excerpt":{"rendered":"<p>II Simp\u00f3sio de P\u00f3s-Gradua\u00e7\u00e3o em Engenharia Mec\u00e2nica Expandindo o Horizonte do Jovem Engenheiro Campina Grande, Para\u00edba, Brasil \u2013\u00a012 a 14 de novembro de 2018 In\u00edcio Programa\u00e7\u00e3o Minicursos Inscri\u00e7\u00f5es Contato Sobre AUTORES Para a\u00a0primeira etapa\u00a0da submiss\u00e3o do trabalho ao SiPGEM 2018\u00a0o resumo enviado deve ser estendido, que \u00e9 um arquivo PDF que contenha no m\u00ednimo\u00a01000 palavras, [&hellip;]<\/p>\n","protected":false},"author":1,"featured_media":0,"parent":665,"menu_order":0,"comment_status":"closed","ping_status":"closed","template":"template-fullwidth.php","meta":{"footnotes":""},"class_list":["post-672","page","type-page","status-publish","hentry"],"jetpack_sharing_enabled":true,"_links":{"self":[{"href":"https:\/\/ppgem.ufcg.edu.br\/en\/wp-json\/wp\/v2\/pages\/672","targetHints":{"allow":["GET"]}}],"collection":[{"href":"https:\/\/ppgem.ufcg.edu.br\/en\/wp-json\/wp\/v2\/pages"}],"about":[{"href":"https:\/\/ppgem.ufcg.edu.br\/en\/wp-json\/wp\/v2\/types\/page"}],"author":[{"embeddable":true,"href":"https:\/\/ppgem.ufcg.edu.br\/en\/wp-json\/wp\/v2\/users\/1"}],"replies":[{"embeddable":true,"href":"https:\/\/ppgem.ufcg.edu.br\/en\/wp-json\/wp\/v2\/comments?post=672"}],"version-history":[{"count":0,"href":"https:\/\/ppgem.ufcg.edu.br\/en\/wp-json\/wp\/v2\/pages\/672\/revisions"}],"up":[{"embeddable":true,"href":"https:\/\/ppgem.ufcg.edu.br\/en\/wp-json\/wp\/v2\/pages\/665"}],"wp:attachment":[{"href":"https:\/\/ppgem.ufcg.edu.br\/en\/wp-json\/wp\/v2\/media?parent=672"}],"curies":[{"name":"wp","href":"https:\/\/api.w.org\/{rel}","templated":true}]}}