{"id":676,"date":"2018-09-26T11:37:59","date_gmt":"2018-09-26T14:37:59","guid":{"rendered":"http:\/\/www.ppgem.ufcg.edu.br\/?page_id=676"},"modified":"2018-09-26T11:37:59","modified_gmt":"2018-09-26T14:37:59","slug":"contato","status":"publish","type":"page","link":"https:\/\/ppgem.ufcg.edu.br\/en\/sipgem2018\/contato\/","title":{"rendered":"Contact"},"content":{"rendered":"<header class=\"entry-header\">\n<h1 class=\"entry-title\"><span style=\"color: #000080;\">II Simp\u00f3sio de P\u00f3s-Gradua\u00e7\u00e3o em Engenharia Mec\u00e2nica<\/span><\/h1>\n<p><span style=\"color: #000080;\"><strong>Expandindo o Horizonte do Jovem Engenheiro<\/strong><\/span><\/p>\n<p><strong style=\"color: #800000;\">Campina Grande, Para\u00edba, Brasil \u2013\u00a0<\/strong><strong style=\"color: #800000;\">12 a 14 de novembro de 2018<\/strong><\/p>\n<\/header>\n<div class=\"entry-content\">\n<hr \/>\n<table width=\"100%\">\n<tbody>\n<tr>\n<td width=\"101\">\n<h4 style=\"text-align: center;\"><strong><span style=\"color: #000080;\"><a style=\"color: #000080;\" href=\"https:\/\/ppgem.ufcg.edu.br\/en\/sipgem2018\/\">In\u00edcio<\/a><\/span><\/strong><\/h4>\n<\/td>\n<td style=\"text-align: center;\" width=\"154\">\n<h4><span style=\"color: #000080;\"><strong><a style=\"color: #000080;\" href=\"https:\/\/ppgem.ufcg.edu.br\/en\/sipgem2018\/sobre\/\">Sobre<\/a><\/strong><\/span><\/h4>\n<\/td>\n<td style=\"text-align: center;\" width=\"128\">\n<h4><span style=\"color: #000080;\"><strong><a style=\"color: #000080;\" href=\"https:\/\/ppgem.ufcg.edu.br\/en\/sipgem2018\/programacao\/minicursos\/\">Minicursos<\/a><\/strong><\/span><\/h4>\n<\/td>\n<td style=\"text-align: center;\" width=\"98\">\n<h4><span style=\"color: #000080;\"><strong><a style=\"color: #000080;\" href=\"https:\/\/ppgem.ufcg.edu.br\/en\/sipgem2018\/inscricoes\/\">Inscri\u00e7\u00f5es<\/a><\/strong><\/span><\/h4>\n<\/td>\n<td style=\"text-align: center;\" width=\"128\">\n<h4><a href=\"https:\/\/ppgem.ufcg.edu.br\/en\/sipgem2018\/programacao\/\"><span style=\"color: #000080;\"><strong>Programa\u00e7\u00e3o<\/strong><\/span><\/a><\/h4>\n<\/td>\n<td width=\"99\">\n<h4 style=\"text-align: center;\"><span style=\"color: #000080;\"><strong><a style=\"color: #000080;\" href=\"https:\/\/ppgem.ufcg.edu.br\/en\/sipgem2018\/sipgem2018-autores\/\">Autores<\/a><\/strong><\/span><\/h4>\n<\/td>\n<\/tr>\n<\/tbody>\n<\/table>\n<\/div>\n<hr \/>\n<h1 style=\"text-align: center;\"><a href=\"https:\/\/ppgem.ufcg.edu.br\/en\/sipgem2018\/contato\/\"><span style=\"color: #000080;\"><strong>Informa\u00e7\u00f5es<\/strong><\/span><\/a><\/h1>\n<hr \/>\n<h1><span style=\"color: #800000;\">Contact<\/span><\/h1>\n<p>II Simp\u00f3sio de P\u00f3s-Gradua\u00e7\u00e3o em Engenharia Mec\u00e2nica<\/p>\n<p>Comit\u00ea Organizador SiPGEM 2018 &#8211;\u00a0<em>email:<\/em> sipgemufcg@gmail.com<\/p>\n<hr \/>\n<h1 style=\"text-align: left;\"><span style=\"color: #800000;\"><strong>Social<\/strong><\/span><\/h1>\n<p><span style=\"color: #000080;\"><a style=\"color: #000080;\" href=\"http:\/\/instagram.com\/sipgem\" target=\"_blank\" rel=\"noopener\"><strong>Instagram<\/strong><\/a><\/span><\/p>\n<p><span style=\"color: #000080;\"><a style=\"color: #000080;\" href=\"https:\/\/www.facebook.com\/SimposioPosGraduacaoEngenhariaMecanica\/\" target=\"_blank\" rel=\"noopener\"><strong>Facebook<\/strong><\/a><\/span><\/p>","protected":false},"excerpt":{"rendered":"<p>II Simp\u00f3sio de P\u00f3s-Gradua\u00e7\u00e3o em Engenharia Mec\u00e2nica Expandindo o Horizonte do Jovem Engenheiro Campina Grande, Para\u00edba, Brasil \u2013\u00a012 a 14 de novembro de 2018 In\u00edcio Sobre Minicursos Inscri\u00e7\u00f5es Programa\u00e7\u00e3o Autores Informa\u00e7\u00f5es Contato II Simp\u00f3sio de P\u00f3s-Gradua\u00e7\u00e3o em Engenharia Mec\u00e2nica Comit\u00ea Organizador SiPGEM 2018 &#8211;\u00a0email: sipgemufcg@gmail.com Redes Sociais Instagram Facebook<\/p>","protected":false},"author":1,"featured_media":0,"parent":665,"menu_order":0,"comment_status":"closed","ping_status":"closed","template":"template-fullwidth.php","meta":{"footnotes":""},"class_list":["post-676","page","type-page","status-publish","hentry"],"jetpack_sharing_enabled":true,"_links":{"self":[{"href":"https:\/\/ppgem.ufcg.edu.br\/en\/wp-json\/wp\/v2\/pages\/676","targetHints":{"allow":["GET"]}}],"collection":[{"href":"https:\/\/ppgem.ufcg.edu.br\/en\/wp-json\/wp\/v2\/pages"}],"about":[{"href":"https:\/\/ppgem.ufcg.edu.br\/en\/wp-json\/wp\/v2\/types\/page"}],"author":[{"embeddable":true,"href":"https:\/\/ppgem.ufcg.edu.br\/en\/wp-json\/wp\/v2\/users\/1"}],"replies":[{"embeddable":true,"href":"https:\/\/ppgem.ufcg.edu.br\/en\/wp-json\/wp\/v2\/comments?post=676"}],"version-history":[{"count":0,"href":"https:\/\/ppgem.ufcg.edu.br\/en\/wp-json\/wp\/v2\/pages\/676\/revisions"}],"up":[{"embeddable":true,"href":"https:\/\/ppgem.ufcg.edu.br\/en\/wp-json\/wp\/v2\/pages\/665"}],"wp:attachment":[{"href":"https:\/\/ppgem.ufcg.edu.br\/en\/wp-json\/wp\/v2\/media?parent=676"}],"curies":[{"name":"wp","href":"https:\/\/api.w.org\/{rel}","templated":true}]}}