{"id":679,"date":"2018-09-26T11:41:37","date_gmt":"2018-09-26T14:41:37","guid":{"rendered":"http:\/\/www.ppgem.ufcg.edu.br\/?page_id=679"},"modified":"2018-09-26T11:41:37","modified_gmt":"2018-09-26T14:41:37","slug":"minicursos","status":"publish","type":"page","link":"https:\/\/ppgem.ufcg.edu.br\/en\/sipgem2018\/programacao\/minicursos\/","title":{"rendered":"Minicursos"},"content":{"rendered":"<header class=\"entry-header\">\n<h1 class=\"entry-title\"><span style=\"color: #000080;\">II Simp\u00f3sio de P\u00f3s-Gradua\u00e7\u00e3o em Engenharia Mec\u00e2nica<\/span><\/h1>\n<p><span style=\"color: #000080;\"><strong>Expandindo o Horizonte do Jovem Engenheiro<\/strong><\/span><\/p>\n<p><strong style=\"color: #800000;\">Campina Grande, Para\u00edba, Brasil \u2013\u00a0<\/strong><strong style=\"color: #800000;\">12 a 14 de novembro de 2018<\/strong><\/p>\n<\/header>\n<div class=\"entry-content\">\n<hr \/>\n<table width=\"100%\">\n<tbody>\n<tr>\n<td width=\"101\">\n<h4 style=\"text-align: center;\"><strong><span style=\"color: #000080;\"><a style=\"color: #000080;\" href=\"https:\/\/ppgem.ufcg.edu.br\/en\/sipgem2018\/\">In\u00edcio<\/a><\/span><\/strong><\/h4>\n<\/td>\n<td style=\"text-align: center;\" width=\"154\">\n<h4><span style=\"color: #000080;\"><strong><a style=\"color: #000080;\" href=\"https:\/\/ppgem.ufcg.edu.br\/en\/sipgem2018\/sobre\/\">Sobre<\/a><\/strong><\/span><\/h4>\n<\/td>\n<td style=\"text-align: center;\" width=\"128\">\n<h4><a href=\"https:\/\/ppgem.ufcg.edu.br\/en\/sipgem2018\/programacao\/\"><span style=\"color: #000080;\"><strong>Programa\u00e7\u00e3o<\/strong><\/span><\/a><\/h4>\n<\/td>\n<td style=\"text-align: center;\" width=\"98\">\n<h4><span style=\"color: #000080;\"><strong><a style=\"color: #000080;\" href=\"https:\/\/ppgem.ufcg.edu.br\/en\/sipgem2018\/inscricoes\/\">Inscri\u00e7\u00f5es<\/a><\/strong><\/span><\/h4>\n<\/td>\n<td style=\"text-align: center;\" width=\"128\">\n<h4><span style=\"color: #000080;\"><strong><a style=\"color: #000080;\" href=\"https:\/\/ppgem.ufcg.edu.br\/en\/sipgem2018\/contato\/\">Contact<\/a><\/strong><\/span><\/h4>\n<\/td>\n<td width=\"99\">\n<h4 style=\"text-align: center;\"><span style=\"color: #000080;\"><strong><a style=\"color: #000080;\" href=\"https:\/\/ppgem.ufcg.edu.br\/en\/sipgem2018\/sipgem2018-autores\/\">Autores<\/a><\/strong><\/span><\/h4>\n<\/td>\n<\/tr>\n<\/tbody>\n<\/table>\n<\/div>\n<hr \/>\n<h2 style=\"text-align: center;\"><a href=\"https:\/\/ppgem.ufcg.edu.br\/en\/sipgem2018\/programacao\/minicursos\/\"><span style=\"color: #000080;\"><strong>Minicursos<\/strong><\/span><\/a><\/h2>\n<hr \/>\n<p><span style=\"color: #ff0000;\"><strong>As vagas dos minicursos ser\u00e3o limitadas aos primeiros inscritos no evento.<\/strong><\/span><\/p>\n<hr \/>\n<h2><strong>Corros\u00e3o: A\u00e7\u00e3o, Preven\u00e7\u00e3o e Controle<\/strong><\/h2>\n<p>Introdu\u00e7\u00e3o aos fundamentos da corros\u00e3o em materiais met\u00e1licos e utilizados na ind\u00fastria metal-mec\u00e2nica, rea\u00e7\u00f5es oxida\u00e7\u00e3o-redu\u00e7\u00e3o, eletroqu\u00edmica, ambientes e meios corrosivos,\u00a0mecanismos de preven\u00e7\u00e3o, controle e mitiga\u00e7\u00e3o do processo corrosivo e revestimentos met\u00e1licos.<\/p>\n<h3 class=\"nome\" tabindex=\"0\"><strong>Josiane Dantas Costa<\/strong><\/h3>\n<p>Possui gradua\u00e7\u00e3o em engenharia qu\u00edmica pela Universidade Federal de Campina Grande (2013), mestrado em Engenharia Qu\u00edmica pela Universidade Federal de Campina Grande (2015) e atualmente encontra-se vinculada ao programa de P\u00f3s-Gradua\u00e7\u00e3o em Engenharia Qu\u00edmica (Doutorado) pela Universidade Federal de Campina Grande. Tem experi\u00eancia na \u00e1rea de Engenharia Qu\u00edmica, com \u00eanfase em tecnologia de petr\u00f3leo e g\u00e1s, atuando principalmente nos seguintes temas: eletrodeposi\u00e7\u00e3o, corros\u00e3o de biomateriais e planejamento experimental.<\/p>\n<hr \/>\n<h2><strong>Termografia Aplicada \u00e0 Engenharia<\/strong><\/h2>\n<p>Este minicurso tem por objetivo abordar os preceitos b\u00e1sicos da radia\u00e7\u00e3o t\u00e9rmica, mais precisamente radia\u00e7\u00e3o infravermelha e a aplica\u00e7\u00e3o da Termografia em Prol da engenharia. Ser\u00e3o expostos os princ\u00edpios de funcionamento do termovisor (com demonstra\u00e7\u00f5es pr\u00e1ticas de utiliza\u00e7\u00e3o dos equipamentos pertinentes), apresenta\u00e7\u00e3o de aplica\u00e7\u00f5es em ambientes industriais, constru\u00e7\u00e3o civil, instala\u00e7\u00f5es el\u00e9tricas, pesquisas acad\u00eamicas e mais algumas formas de emprego desta t\u00e9cnica dentro do vasto campo das engenharias.<\/p>\n<h3><strong>Jo\u00e3o Manoel de Oliveira Neto<\/strong><\/h3>\n<p>Engenheiro Mec\u00e2nico graduado pela Universidade Federal de Campina Grande (UFCG), com \u00eanfase na \u00e1rea de efici\u00eancia energ\u00e9tica no setor de petr\u00f3leo, g\u00e1s natural e biocombust\u00edveis pelo Programa de Recursos Humanos (PRH-42), financiado pela Ag\u00eancia Nacional do Petr\u00f3leo, G\u00e1s Natural e Biocombust\u00edveis (ANP) e pela Petrobr\u00e1s. P\u00f3s-graduando pelo Programa de P\u00f3s-gradua\u00e7\u00e3o em Engenharia Mec\u00e2nica (PPGEM) da UFCG, a n\u00edvel de mestrado, na linha de pesquisa referente a Projeto e An\u00e1lise de Sistemas Termomec\u00e2nicos. P\u00f3s-graduando pela Faculdade Integrada de Patos nos cursos de Engenharia de Seguran\u00e7a do trabalho e Gest\u00e3o da Manuten\u00e7\u00e3o e Produ\u00e7\u00e3o. Atuou no setor metal\u00fargico nas \u00e1reas de Seguran\u00e7a do Trabalho, Projeto e Desenvolvimento de Produto e Engenharia de Processos.<\/p>\n<hr \/>\n<h2><strong>Introdu\u00e7\u00e3o aos Materiais Comp\u00f3sitos<\/strong><\/h2>\n<h3><strong>Felipe Silva Lima<\/strong><\/h3>\n<p>Aluno do programa de p\u00f3s-gradua\u00e7\u00e3o em Engenharia Mec\u00e2nica da Universidade Federal de Campina Grande, em n\u00edvel de mestrado. Obteve o t\u00edtulo de Engenheiro Mec\u00e2nico pela Universidade Federal de Campina Grande (2017). Entrementes no per\u00edodo de 3 anos (2013-2016) participou como membro efetivo do PET (Programa de Educa\u00e7\u00e3o Tutorial), programa sob encargo da Secretaria de Educa\u00e7\u00e3o Superior (SESu\/MEC), no qual comprometeu-se com a melhoria do ensino de gradua\u00e7\u00e3o, a interdisciplinaridade, a atua\u00e7\u00e3o coletiva, planejamento e a execu\u00e7\u00e3o de atividades visando a gera\u00e7\u00e3o de conhecimento para a solu\u00e7\u00e3o dos mais diversos problemas em Engenharia. Adicionalmente, em 2016 fez est\u00e1gio profissional na Ind\u00fastria de Artefatos de Pl\u00e1sticos Nogueira (Plasnog), atuando na gest\u00e3o da manuten\u00e7\u00e3o da referida empresa. Atualmente tem se dedicado ao estudo de \u00e1reas como projeto mec\u00e2nico e materiais comp\u00f3sitos, singularmente: otimiza\u00e7\u00e3o e an\u00e1lise estrutural.<\/p>\n<hr \/>","protected":false},"excerpt":{"rendered":"<p>II Simp\u00f3sio de P\u00f3s-Gradua\u00e7\u00e3o em Engenharia Mec\u00e2nica Expandindo o Horizonte do Jovem Engenheiro Campina Grande, Para\u00edba, Brasil \u2013\u00a012 a 14 de novembro de 2018 In\u00edcio Sobre Programa\u00e7\u00e3o Inscri\u00e7\u00f5es Contato Autores Minicursos As vagas dos minicursos ser\u00e3o limitadas aos primeiros inscritos no evento. Corros\u00e3o: A\u00e7\u00e3o, Preven\u00e7\u00e3o e Controle Introdu\u00e7\u00e3o aos fundamentos da corros\u00e3o em materiais met\u00e1licos [&hellip;]<\/p>\n","protected":false},"author":1,"featured_media":0,"parent":670,"menu_order":0,"comment_status":"closed","ping_status":"closed","template":"template-fullwidth.php","meta":{"footnotes":""},"class_list":["post-679","page","type-page","status-publish","hentry"],"jetpack_sharing_enabled":true,"_links":{"self":[{"href":"https:\/\/ppgem.ufcg.edu.br\/en\/wp-json\/wp\/v2\/pages\/679","targetHints":{"allow":["GET"]}}],"collection":[{"href":"https:\/\/ppgem.ufcg.edu.br\/en\/wp-json\/wp\/v2\/pages"}],"about":[{"href":"https:\/\/ppgem.ufcg.edu.br\/en\/wp-json\/wp\/v2\/types\/page"}],"author":[{"embeddable":true,"href":"https:\/\/ppgem.ufcg.edu.br\/en\/wp-json\/wp\/v2\/users\/1"}],"replies":[{"embeddable":true,"href":"https:\/\/ppgem.ufcg.edu.br\/en\/wp-json\/wp\/v2\/comments?post=679"}],"version-history":[{"count":0,"href":"https:\/\/ppgem.ufcg.edu.br\/en\/wp-json\/wp\/v2\/pages\/679\/revisions"}],"up":[{"embeddable":true,"href":"https:\/\/ppgem.ufcg.edu.br\/en\/wp-json\/wp\/v2\/pages\/670"}],"wp:attachment":[{"href":"https:\/\/ppgem.ufcg.edu.br\/en\/wp-json\/wp\/v2\/media?parent=679"}],"curies":[{"name":"wp","href":"https:\/\/api.w.org\/{rel}","templated":true}]}}