{"id":683,"date":"2018-09-26T11:46:03","date_gmt":"2018-09-26T14:46:03","guid":{"rendered":"http:\/\/www.ppgem.ufcg.edu.br\/?page_id=683"},"modified":"2018-09-26T11:46:03","modified_gmt":"2018-09-26T14:46:03","slug":"inscricoes","status":"publish","type":"page","link":"https:\/\/ppgem.ufcg.edu.br\/en\/sipgem2018\/inscricoes\/","title":{"rendered":"Inscri\u00e7\u00f5es"},"content":{"rendered":"<header class=\"entry-header\">\n<h1 class=\"entry-title\"><span style=\"color: #000080;\">II Simp\u00f3sio de P\u00f3s-Gradua\u00e7\u00e3o em Engenharia Mec\u00e2nica<\/span><\/h1>\n<p><span style=\"color: #000080;\"><strong>Expandindo o Horizonte do Jovem Engenheiro<\/strong><\/span><\/p>\n<p><strong style=\"color: #800000;\">Campina Grande, Para\u00edba, Brasil \u2013\u00a0<\/strong><strong style=\"color: #800000;\">12 a 14 de novembro de 2018<\/strong><\/p>\n<\/header>\n<div class=\"entry-content\">\n<hr \/>\n<table width=\"100%\">\n<tbody>\n<tr>\n<td width=\"101\">\n<h4 style=\"text-align: center;\"><strong><span style=\"color: #000080;\"><a style=\"color: #000080;\" href=\"https:\/\/ppgem.ufcg.edu.br\/en\/sipgem2018\/\">In\u00edcio<\/a><\/span><\/strong><\/h4>\n<\/td>\n<td style=\"text-align: center;\" width=\"154\">\n<h4><span style=\"color: #000080;\"><strong><a style=\"color: #000080;\" href=\"https:\/\/ppgem.ufcg.edu.br\/en\/sipgem2018\/sobre\/\">Sobre<\/a><\/strong><\/span><\/h4>\n<\/td>\n<td style=\"text-align: center;\" width=\"128\">\n<h4><span style=\"color: #000080;\"><strong><a style=\"color: #000080;\" href=\"https:\/\/ppgem.ufcg.edu.br\/en\/sipgem2018\/programacao\/minicursos\/\">Minicursos<\/a><\/strong><\/span><\/h4>\n<\/td>\n<td style=\"text-align: center;\" width=\"98\">\n<h4><a href=\"https:\/\/ppgem.ufcg.edu.br\/en\/sipgem2018\/programacao\/\"><span style=\"color: #000080;\"><strong>Programa\u00e7\u00e3o<\/strong><\/span><\/a><\/h4>\n<\/td>\n<td style=\"text-align: center;\" width=\"128\">\n<h4><span style=\"color: #000080;\"><strong><a style=\"color: #000080;\" href=\"https:\/\/ppgem.ufcg.edu.br\/en\/sipgem2018\/contato\/\">Contact<\/a><\/strong><\/span><\/h4>\n<\/td>\n<td width=\"99\">\n<h4 style=\"text-align: center;\"><span style=\"color: #000080;\"><strong><a style=\"color: #000080;\" href=\"https:\/\/ppgem.ufcg.edu.br\/en\/sipgem2018\/sipgem2018-autores\/\">Autores<\/a><\/strong><\/span><\/h4>\n<\/td>\n<\/tr>\n<\/tbody>\n<\/table>\n<hr \/>\n<h1 style=\"text-align: center;\"><a href=\"https:\/\/ppgem.ufcg.edu.br\/en\/sipgem2018\/inscricoes\/\"><span style=\"color: #000080;\"><strong>Inscri\u00e7\u00f5es<\/strong><\/span><\/a><\/h1>\n<hr \/>\n<p><strong>As inscri\u00e7\u00f5es\u00a0 presenciais, com pagamento \u00e0 vista, ser\u00e3o realizadas no departamento de Engenharia Mec\u00e2nica, no Bloco BR, na UFCG.<\/strong><\/p>\n<p><strong>As inscri\u00e7\u00f5es <em>on-line<\/em> ser\u00e3o feitas ap\u00f3s a confirma\u00e7\u00e3o do pagamento, da seguinte forma:<\/strong><\/p>\n<ul>\n<li>O dep\u00f3sito\/transfer\u00eancia dever\u00e1 ser realizado na conta:<\/li>\n<\/ul>\n<p>&nbsp;<\/p>\n<table>\n<tbody>\n<tr>\n<td width=\"189\">\n<p style=\"text-align: center;\"><strong>Banco<\/strong><\/p>\n<\/td>\n<td style=\"text-align: center;\" width=\"189\">Banco do Brasil<\/td>\n<\/tr>\n<tr>\n<td width=\"189\">\n<p style=\"text-align: center;\"><strong>Ag\u00eancia<\/strong><\/p>\n<\/td>\n<td width=\"189\">\n<p style=\"text-align: center;\">1591-1<\/p>\n<\/td>\n<\/tr>\n<tr>\n<td width=\"189\">\n<p style=\"text-align: center;\"><strong>Conta Corrente<\/strong><\/p>\n<\/td>\n<td width=\"189\">\n<p style=\"text-align: center;\">5.363-5<\/p>\n<\/td>\n<\/tr>\n<tr>\n<td style=\"text-align: center;\" width=\"189\"><strong>Beneficiado<\/strong><\/td>\n<td width=\"189\">\n<p style=\"text-align: center;\">ATECEL<\/p>\n<\/td>\n<\/tr>\n<\/tbody>\n<\/table>\n<\/div>\n<ul>\n<li>O formul\u00e1rio dever\u00e1 ser requisitado por e-mail, enviando-se um e-mail para: <strong>sipgemufcg@gmail.com<\/strong>, com o assunto: <strong>FORMUL\u00c1RIO INSCRI\u00c7\u00c3O SiPGEM 2018.<\/strong><\/li>\n<li>O formul\u00e1rio ser\u00e1 enviando por e-mail, ap\u00f3s o preenchimento do formul\u00e1rio e anexa\u00e7\u00e3o do comprovante de pagamento do evento, o inscrito receber\u00e1 a confirma\u00e7\u00e3o da inscri\u00e7\u00e3o.<\/li>\n<\/ul>\n<div class=\"entry-content\">\n<p><span style=\"color: #ff0000;\"><strong>A SUBMISS\u00c3O DE TRABALHOS PODE SER FEITA ANTES DO PAGAMENTO DA INSCRI\u00c7\u00c3O, MAS O AUTOR S\u00d3 RECEBER\u00c1 O ACEITE DO RESPECTIVO TRABALHO AP\u00d3S\u00a0 A CONFIRMA\u00c7\u00c3O DO PAGAMENTO, ASSIM COMO A PUBLICA\u00c7\u00c3O NOS ANAIS DO EVENTO.<\/strong><\/span><\/p>\n<hr \/>\n<h1 style=\"text-align: center;\"><strong>Valores<\/strong><\/h1>\n<h3><strong>Inscri\u00e7\u00e3o: R$ 10,00 + 2kg de alimentos n\u00e3o perec\u00edveis.<\/strong><\/h3>\n<p>* Vagas limitadas, os alimentos dever\u00e3o ser entregues no dia do minicurso ou no credenciamento. Todos os alimentos arrecadados ser\u00e3o doados a entidades assistenciais sem fins lucrativos da cidade de Campina Grande, PB.<\/p>\n<hr \/>\n<p>&nbsp;<\/p>\n<\/div>","protected":false},"excerpt":{"rendered":"<p>II Simp\u00f3sio de P\u00f3s-Gradua\u00e7\u00e3o em Engenharia Mec\u00e2nica Expandindo o Horizonte do Jovem Engenheiro Campina Grande, Para\u00edba, Brasil \u2013\u00a012 a 14 de novembro de 2018 In\u00edcio Sobre Minicursos Programa\u00e7\u00e3o Contato Autores Inscri\u00e7\u00f5es As inscri\u00e7\u00f5es\u00a0 presenciais, com pagamento \u00e0 vista, ser\u00e3o realizadas no departamento de Engenharia Mec\u00e2nica, no Bloco BR, na UFCG. As inscri\u00e7\u00f5es on-line ser\u00e3o feitas [&hellip;]<\/p>\n","protected":false},"author":1,"featured_media":0,"parent":665,"menu_order":0,"comment_status":"closed","ping_status":"closed","template":"template-fullwidth.php","meta":{"footnotes":""},"class_list":["post-683","page","type-page","status-publish","hentry"],"jetpack_sharing_enabled":true,"_links":{"self":[{"href":"https:\/\/ppgem.ufcg.edu.br\/en\/wp-json\/wp\/v2\/pages\/683","targetHints":{"allow":["GET"]}}],"collection":[{"href":"https:\/\/ppgem.ufcg.edu.br\/en\/wp-json\/wp\/v2\/pages"}],"about":[{"href":"https:\/\/ppgem.ufcg.edu.br\/en\/wp-json\/wp\/v2\/types\/page"}],"author":[{"embeddable":true,"href":"https:\/\/ppgem.ufcg.edu.br\/en\/wp-json\/wp\/v2\/users\/1"}],"replies":[{"embeddable":true,"href":"https:\/\/ppgem.ufcg.edu.br\/en\/wp-json\/wp\/v2\/comments?post=683"}],"version-history":[{"count":0,"href":"https:\/\/ppgem.ufcg.edu.br\/en\/wp-json\/wp\/v2\/pages\/683\/revisions"}],"up":[{"embeddable":true,"href":"https:\/\/ppgem.ufcg.edu.br\/en\/wp-json\/wp\/v2\/pages\/665"}],"wp:attachment":[{"href":"https:\/\/ppgem.ufcg.edu.br\/en\/wp-json\/wp\/v2\/media?parent=683"}],"curies":[{"name":"wp","href":"https:\/\/api.w.org\/{rel}","templated":true}]}}