{"id":71,"date":"2017-02-24T13:00:56","date_gmt":"2017-02-24T16:00:56","guid":{"rendered":"http:\/\/server2.cct.ufcg.edu.br\/ppgem\/?page_id=71"},"modified":"2017-02-24T13:00:56","modified_gmt":"2017-02-24T16:00:56","slug":"apresentacao","status":"publish","type":"page","link":"https:\/\/ppgem.ufcg.edu.br\/en\/o-programa\/apresentacao\/","title":{"rendered":"Self Introduction"},"content":{"rendered":"<h1>Hist\u00f3rico do Programa<\/h1>\n<p>&nbsp;<\/p>\n<p>O Programa de P\u00f3s-Gradua\u00e7\u00e3o em Engenharia Mec\u00e2nica (PPGEM) da UFCG, em n\u00edvel de Mestrado, foi aprovado pela CAPES no ano de 2009 e iniciou suas atividades em mar\u00e7o de 2010. O PPGEM se caracteriza por ser o \u00fanico programa de p\u00f3s-gradua\u00e7\u00e3o stricto sensu em Engenharia Mec\u00e2nica das regi\u00f5es norte, nordeste e centro oeste, funcionando em uma cidade do interior, fora das capitais de estado. Esta constata\u00e7\u00e3o, por si s\u00f3, revela o seu car\u00e1ter estrat\u00e9gico nesse momento atual de expans\u00e3o das Engenharias para as cidades do interior dessas regi\u00f5es, visando reduzir as assimetrias e desigualdades regionais.<\/p>\n<p>Para o exerc\u00edcio de atividades de pesquisa e desenvolvimento em Ci\u00eancias Mec\u00e2nicas, o PPGEM possui uma \u00fanica \u00e1rea de concentra\u00e7\u00e3o denominada de Sistemas Termomec\u00e2nicos, e proporciona a possibilidade de \u00eanfase em 3 linhas de pesquisas interdisciplinares: An\u00e1lise e Projeto de Sistemas Termomec\u00e2nicos; Fen\u00f4menos de Transporte e Energia; e Processos Mec\u00e2nico-Metal\u00fargicos.<\/p>\n<table width=\"100%\">\n<tbody>\n<tr>\n<td valign=\"top\" width=\"45%\">\n<h2><span style=\"color: #000080;\">Objetivo geral<\/span><\/h2>\n<p>O Programa de P\u00f3s-Gradua\u00e7\u00e3o em Engenharia Mec\u00e2nica (PPGEM), em n\u00edvel de Mestrado, tem como objetivo geral promover a forma\u00e7\u00e3o ampla e aprofundada de engenheiros, docentes, pesquisadores e profissionais da \u00e1rea, e tamb\u00e9m de \u00e1reas afins, para atuarem no desenvolvimento de ci\u00eancia e tecnologia no campo da Engenharia e Ci\u00eancias Mec\u00e2nicas.<br \/>\nDentro desta concep\u00e7\u00e3o, o PPGEM visa a capacita\u00e7\u00e3o de engenheiros (mec\u00e2nicos, de petr\u00f3leo, eletricistas, de materiais, qu\u00edmicos, de processos, civis, etc.) e profissionais de \u00e1reas correlatas (matem\u00e1ticos, f\u00edsicos, bachar\u00e9is em ci\u00eancias da computa\u00e7\u00e3o, etc.), para o exerc\u00edcio de atividades de pesquisa na \u00e1rea de concentra\u00e7\u00e3o em Sistemas Termomec\u00e2nicos, com \u00eanfase em uma das 3 linhas de pesquisa: Fen\u00f4menos de Transporte e Energia, An\u00e1lise e Projeto de Sistemas Termomec\u00e2nicos e Processos Mec\u00e2nico-Metal\u00fargicos.<\/td>\n<td valign=\"top\" width=\"10%\"><\/td>\n<td valign=\"top\" width=\"45%\">\n<h2><span style=\"color: #000080;\">Em termos espec\u00edficos, o PPGEM\/UFCG visa:<\/span><\/h2>\n<ul>\n<li>qualificar profissionais, principalmente das cidades do interior das regi\u00f5es norte e nordeste, para a \u00e1rea de Engenharia e Ci\u00eancias Mec\u00e2nicas;<\/li>\n<li>contribuir para a redu\u00e7\u00e3o das assimetrias e desigualdades regionais em termos de qualifica\u00e7\u00e3o profissional de alto n\u00edvel (stricto sensu) pela forma\u00e7\u00e3o de qualidade fora das capitais e dos grandes centros brasileiros;<\/li>\n<li>fornecer profissionais qualificados em n\u00edvel de mestrado para atividades de doc\u00eancia e pesquisa em IES p\u00fablicas e privadas do interior das regi\u00f5es norte e nordeste;<\/li>\n<li>\u00a0proporcionar a possibilidade de qualifica\u00e7\u00e3o a profissionais de empresas privadas situadas no interior do nordeste;<\/li>\n<li>fomentar o empreendedorismo tecnol\u00f3gico na \u00e1rea de Engenharia e Ci\u00eancias Mec\u00e2nicas no interior das regi\u00f5es norte e nordeste.<\/li>\n<\/ul>\n<\/td>\n<\/tr>\n<\/tbody>\n<\/table>\n<h3><strong>\u00a0<\/strong>Perfil do Egresso<\/h3>\n<p>O PPGEM oferece possibilidades para realiza\u00e7\u00e3o de trabalhos de car\u00e1ter interdisciplinar, envolvendo aspectos te\u00f3ricos (m\u00e9todos computacionais e anal\u00edticos) e experimentais (pesquisas em laborat\u00f3rios e trabalhos de campo), visando a expans\u00e3o do conhecimento e potencial de aplica\u00e7\u00e3o de novas ferramentas com interesses compartilhados pela ind\u00fastria, fortalecendo sempre que poss\u00edvel, a intera\u00e7\u00e3o da Universidade com o setor produtivo. Neste contexto, o profissional egresso deve apresentar perfil din\u00e2mico e empreendedor em termos de capacidade de pesquisa cient\u00edfica e tecnol\u00f3gica, e de desenvolvimento de produtos, com vis\u00e3o ampla dos sistemas termomec\u00e2nicos de Engenharia, e grande capacidade de identificar e solucionar os problemas apresentados por esses sistemas usando abordagem interdisciplinar, tanto em ambiente acad\u00eamico quanto industrial.<\/p>","protected":false},"excerpt":{"rendered":"<p>Hist\u00f3rico do Programa &nbsp; O Programa de P\u00f3s-Gradua\u00e7\u00e3o em Engenharia Mec\u00e2nica (PPGEM) da UFCG, em n\u00edvel de Mestrado, foi aprovado pela CAPES no ano de 2009 e iniciou suas atividades em mar\u00e7o de 2010. O PPGEM se caracteriza por ser o \u00fanico programa de p\u00f3s-gradua\u00e7\u00e3o stricto sensu em Engenharia Mec\u00e2nica das regi\u00f5es norte, nordeste e [&hellip;]<\/p>\n","protected":false},"author":1,"featured_media":0,"parent":33,"menu_order":0,"comment_status":"closed","ping_status":"closed","template":"template-fullwidth.php","meta":{"footnotes":""},"class_list":["post-71","page","type-page","status-publish","hentry"],"jetpack_sharing_enabled":true,"_links":{"self":[{"href":"https:\/\/ppgem.ufcg.edu.br\/en\/wp-json\/wp\/v2\/pages\/71","targetHints":{"allow":["GET"]}}],"collection":[{"href":"https:\/\/ppgem.ufcg.edu.br\/en\/wp-json\/wp\/v2\/pages"}],"about":[{"href":"https:\/\/ppgem.ufcg.edu.br\/en\/wp-json\/wp\/v2\/types\/page"}],"author":[{"embeddable":true,"href":"https:\/\/ppgem.ufcg.edu.br\/en\/wp-json\/wp\/v2\/users\/1"}],"replies":[{"embeddable":true,"href":"https:\/\/ppgem.ufcg.edu.br\/en\/wp-json\/wp\/v2\/comments?post=71"}],"version-history":[{"count":0,"href":"https:\/\/ppgem.ufcg.edu.br\/en\/wp-json\/wp\/v2\/pages\/71\/revisions"}],"up":[{"embeddable":true,"href":"https:\/\/ppgem.ufcg.edu.br\/en\/wp-json\/wp\/v2\/pages\/33"}],"wp:attachment":[{"href":"https:\/\/ppgem.ufcg.edu.br\/en\/wp-json\/wp\/v2\/media?parent=71"}],"curies":[{"name":"wp","href":"https:\/\/api.w.org\/{rel}","templated":true}]}}