{"id":73,"date":"2017-02-24T13:01:27","date_gmt":"2017-02-24T16:01:27","guid":{"rendered":"http:\/\/server2.cct.ufcg.edu.br\/ppgem\/?page_id=73"},"modified":"2017-02-24T13:01:27","modified_gmt":"2017-02-24T16:01:27","slug":"estrutura","status":"publish","type":"page","link":"https:\/\/ppgem.ufcg.edu.br\/en\/o-programa\/estrutura\/","title":{"rendered":"Structure"},"content":{"rendered":"<h1><\/h1>\n<h1>Estrutura curricular<\/h1>\n<p>&nbsp;<\/p>\n<p>Para atingir o perfil de egresso delineado, o programa oferece condi\u00e7\u00f5es para uma titula\u00e7\u00e3o em um prazo m\u00e1ximo de 24 (vinte e quatro) meses. Para obter o t\u00edtulo de Mestre em Engenharia Mec\u00e2nica, o candidato dever\u00e1 cumprir os seguintes requisitos:<\/p>\n<ol>\n<li>Completar 22 (vinte e dois) cr\u00e9ditos;<\/li>\n<li>Apresentar um Projeto de Disserta\u00e7\u00e3o;<\/li>\n<li>Defender, em sess\u00e3o p\u00fablica, e ter aprovada sua disserta\u00e7\u00e3o, perante uma banca examinadora.<\/li>\n<\/ol>\n<p>&nbsp;<\/p>\n<table width=\"100%\">\n<tbody>\n<tr valign=\"top\">\n<td width=\"45%\">O candidato dever\u00e1 cursar no m\u00ednimo 7 (sete) disciplinas, sendo uma delas Semin\u00e1rios em Engenharia Mec\u00e2nica, perfazendo um total de 22 (vinte e dois) cr\u00e9ditos. As disciplinas s\u00e3o ministradas em regime semestral, correspondendo cada cr\u00e9dito a 15 horas-aulas. A apresenta\u00e7\u00e3o do semin\u00e1rio de disserta\u00e7\u00e3o, equivalente a um Exame de qualifica\u00e7\u00e3o, se d\u00e1 no \u00e2mbito de uma disciplina obrigat\u00f3ria e contabiliza 1 (um) cr\u00e9dito.<\/p>\n<p>Ao ingressar no programa, o aluno deve optar por uma das 3 linhas de pesquisa, na qual dever\u00e1 realizar sua forma\u00e7\u00e3o te\u00f3rica e sua pesquisa de disserta\u00e7\u00e3o.<\/p>\n<p>&nbsp;<\/p>\n<p><strong>As disciplinas obrigat\u00f3rias do programa s\u00e3o:<\/strong><\/p>\n<p>Matem\u00e1tica Aplicada \u00e0 Engenharia Mec\u00e2nica.<\/p>\n<p>Semin\u00e1rios em Engenharia Mec\u00e2nica<\/p>\n<p>&nbsp;<\/td>\n<td width=\"10%\"><\/td>\n<td width=\"45%\"><strong>\u00a0O candidato dever\u00e1 cursar, al\u00e9m das duas disciplinas obrigat\u00f3rias, pelo menos 5 (cinco) das disciplinas optativas listadas abaixo de acordo com a linha de pesquisa escolhida:<\/strong><\/p>\n<ul>\n<li>Condu\u00e7\u00e3o de Calor<\/li>\n<li>Convec\u00e7\u00e3o de Calor e Massa<\/li>\n<li>Corros\u00e3o e Prote\u00e7\u00e3o<\/li>\n<li>Fontes de Energia<\/li>\n<li>Matem\u00e1tica Computacional<\/li>\n<li>Estruturas de Materiais Comp\u00f3sitos<\/li>\n<li>Mec\u00e2nica da Fratura<\/li>\n<li>Mec\u00e2nica dos Fluidos I<\/li>\n<li>Mec\u00e2nica dos Fluidos II<\/li>\n<li>Metalurgia da Soldagem<\/li>\n<li>Metodologia do Projeto<\/li>\n<li>Metodologia do Trabalho Cient\u00edfico<\/li>\n<li>M\u00e9todos Num\u00e9ricos Aplicados \u00e0 Engenharia<\/li>\n<li>Modelos Din\u00e2micos<\/li>\n<li>Planejamento Experimental e Otimiza\u00e7\u00e3o de Processos<\/li>\n<li>Propriedades Mec\u00e2nicas dos Materiais<\/li>\n<li>Radia\u00e7\u00e3o T\u00e9rmica<\/li>\n<li>Sistemas de Controle<\/li>\n<li>Termodin\u00e2mica Avan\u00e7ada<\/li>\n<li>T\u00f3picos Especiais (TE)<\/li>\n<li>Transfer\u00eancia de Calor e Mec\u00e2nica dos Fluidos Computacional I<\/li>\n<li>Transf. de Calor e Mec\u00e2nica dos Fluidos Computacional II<\/li>\n<li>Vibra\u00e7\u00f5es Mec\u00e2nicas<\/li>\n<\/ul>\n<p>&nbsp;<\/td>\n<\/tr>\n<\/tbody>\n<\/table>\n<p>&nbsp;<\/p>","protected":false},"excerpt":{"rendered":"<p>Estrutura curricular &nbsp; Para atingir o perfil de egresso delineado, o programa oferece condi\u00e7\u00f5es para uma titula\u00e7\u00e3o em um prazo m\u00e1ximo de 24 (vinte e quatro) meses. Para obter o t\u00edtulo de Mestre em Engenharia Mec\u00e2nica, o candidato dever\u00e1 cumprir os seguintes requisitos: Completar 22 (vinte e dois) cr\u00e9ditos; Apresentar um Projeto de Disserta\u00e7\u00e3o; Defender, [&hellip;]<\/p>\n","protected":false},"author":1,"featured_media":0,"parent":33,"menu_order":0,"comment_status":"closed","ping_status":"closed","template":"template-fullwidth.php","meta":{"footnotes":""},"class_list":["post-73","page","type-page","status-publish","hentry"],"jetpack_sharing_enabled":true,"_links":{"self":[{"href":"https:\/\/ppgem.ufcg.edu.br\/en\/wp-json\/wp\/v2\/pages\/73","targetHints":{"allow":["GET"]}}],"collection":[{"href":"https:\/\/ppgem.ufcg.edu.br\/en\/wp-json\/wp\/v2\/pages"}],"about":[{"href":"https:\/\/ppgem.ufcg.edu.br\/en\/wp-json\/wp\/v2\/types\/page"}],"author":[{"embeddable":true,"href":"https:\/\/ppgem.ufcg.edu.br\/en\/wp-json\/wp\/v2\/users\/1"}],"replies":[{"embeddable":true,"href":"https:\/\/ppgem.ufcg.edu.br\/en\/wp-json\/wp\/v2\/comments?post=73"}],"version-history":[{"count":0,"href":"https:\/\/ppgem.ufcg.edu.br\/en\/wp-json\/wp\/v2\/pages\/73\/revisions"}],"up":[{"embeddable":true,"href":"https:\/\/ppgem.ufcg.edu.br\/en\/wp-json\/wp\/v2\/pages\/33"}],"wp:attachment":[{"href":"https:\/\/ppgem.ufcg.edu.br\/en\/wp-json\/wp\/v2\/media?parent=73"}],"curies":[{"name":"wp","href":"https:\/\/api.w.org\/{rel}","templated":true}]}}