{"id":75,"date":"2017-02-24T13:01:42","date_gmt":"2017-02-24T16:01:42","guid":{"rendered":"http:\/\/server2.cct.ufcg.edu.br\/ppgem\/?page_id=75"},"modified":"2017-02-24T13:01:42","modified_gmt":"2017-02-24T16:01:42","slug":"disciplinas","status":"publish","type":"page","link":"https:\/\/ppgem.ufcg.edu.br\/en\/o-programa\/disciplinas\/","title":{"rendered":"Subjects"},"content":{"rendered":"<p>&nbsp;<\/p>\n<p>O candidato dever\u00e1 cursar 7 (sete) disciplinas, sendo uma delas \u201cSemin\u00e1rios em Engenharia Mec\u00e2nica\u201d, perfazendo um total de 22 (vinte e dois) cr\u00e9ditos. As disciplinas s\u00e3o ministradas em regime semestral, correspondendo a 45 horas-aulas as de 3 (tr\u00eas) cr\u00e9ditos e 60\u00a0horas-aulas as de 4 (quatro) cr\u00e9ditos.<br \/>\nA apresenta\u00e7\u00e3o do semin\u00e1rio se d\u00e1 no \u00e2mbito de uma disciplina obrigat\u00f3ria e contabiliza 1 (um) cr\u00e9dito.<\/p>\n<p>Ao ingressar no programa, o aluno deve optar por uma das 3 linhas de pesquisa, na qual dever\u00e1 realizar sua forma\u00e7\u00e3o te\u00f3rica e sua disserta\u00e7\u00e3o.<\/p>\n<h2><strong>Disciplinas Obrigat\u00f3rias<\/strong><\/h2>\n<p>&nbsp;<\/p>\n<ol>\n<li>Matem\u00e1tica Aplicada \u00e0\u00a0Engenharia Mec\u00e2nica.<\/li>\n<li>Semin\u00e1rios em Engenharia Mec\u00e2nica<\/li>\n<\/ol>\n<p><strong>O aluno dever\u00e1 cursar, al\u00e9m das disciplinas obrigat\u00f3rias, pelo menos 6 (seis) das disciplinas optativas listadas abaixo de acordo com a linha de pesquisa escolhida.<\/strong><\/p>\n<h2><strong>Disciplinas Optativas<\/strong><\/h2>\n<p>&nbsp;<\/p>\n<ul>\n<li>Condu\u00e7\u00e3o de Calor<\/li>\n<li>Convec\u00e7\u00e3o de Calor e Massa<\/li>\n<li>Corros\u00e3o e Prote\u00e7\u00e3o<\/li>\n<li>Fontes de Energia<\/li>\n<li>Matem\u00e1tica Computacional<\/li>\n<li>Estruturas de Materiais Comp\u00f3sitos<\/li>\n<li>Mec\u00e2nica da Fratura<\/li>\n<li>Mec\u00e2nica dos Fluidos I<\/li>\n<li>Mec\u00e2nica dos Fluidos II<\/li>\n<li>Metalurgia da Soldagem<\/li>\n<li>Metodologia do Projeto<\/li>\n<li>Metodologia do Trabalho Cient\u00edfico<\/li>\n<li>M\u00e9todos Num\u00e9ricos Aplicados \u00e0 Engenharia<\/li>\n<li>Modelos Din\u00e2micos<\/li>\n<li>Planejamento Experimental e Otimiza\u00e7\u00e3o de Processos<\/li>\n<li>Propriedades Mec\u00e2nicas dos Materiais<\/li>\n<li>Radia\u00e7\u00e3o T\u00e9rmica<\/li>\n<li>Sistemas de Controle<\/li>\n<li>Tecnologia de Atuadores de Ligas com Mem\u00f3ria de Forma<\/li>\n<li>Termodin\u00e2mica Avan\u00e7ada<\/li>\n<li>T\u00f3picos Especiais \u2013 TE<\/li>\n<li>Transfer\u00eancia de Calor e Mec\u00e2nica dos Fluidos Computacional I<\/li>\n<li>Transfer\u00eancia de Calor e Mec\u00e2nica dos Fluidos Computacional II<\/li>\n<li>Vibra\u00e7\u00f5es Mec\u00e2nicas<\/li>\n<\/ul>","protected":false},"excerpt":{"rendered":"<p>&nbsp; O candidato dever\u00e1 cursar 7 (sete) disciplinas, sendo uma delas \u201cSemin\u00e1rios em Engenharia Mec\u00e2nica\u201d, perfazendo um total de 22 (vinte e dois) cr\u00e9ditos. As disciplinas s\u00e3o ministradas em regime semestral, correspondendo a 45 horas-aulas as de 3 (tr\u00eas) cr\u00e9ditos e 60\u00a0horas-aulas as de 4 (quatro) cr\u00e9ditos. A apresenta\u00e7\u00e3o do semin\u00e1rio se d\u00e1 no \u00e2mbito [&hellip;]<\/p>\n","protected":false},"author":1,"featured_media":0,"parent":33,"menu_order":0,"comment_status":"closed","ping_status":"closed","template":"template-fullwidth.php","meta":{"footnotes":""},"class_list":["post-75","page","type-page","status-publish","hentry"],"jetpack_sharing_enabled":true,"_links":{"self":[{"href":"https:\/\/ppgem.ufcg.edu.br\/en\/wp-json\/wp\/v2\/pages\/75","targetHints":{"allow":["GET"]}}],"collection":[{"href":"https:\/\/ppgem.ufcg.edu.br\/en\/wp-json\/wp\/v2\/pages"}],"about":[{"href":"https:\/\/ppgem.ufcg.edu.br\/en\/wp-json\/wp\/v2\/types\/page"}],"author":[{"embeddable":true,"href":"https:\/\/ppgem.ufcg.edu.br\/en\/wp-json\/wp\/v2\/users\/1"}],"replies":[{"embeddable":true,"href":"https:\/\/ppgem.ufcg.edu.br\/en\/wp-json\/wp\/v2\/comments?post=75"}],"version-history":[{"count":0,"href":"https:\/\/ppgem.ufcg.edu.br\/en\/wp-json\/wp\/v2\/pages\/75\/revisions"}],"up":[{"embeddable":true,"href":"https:\/\/ppgem.ufcg.edu.br\/en\/wp-json\/wp\/v2\/pages\/33"}],"wp:attachment":[{"href":"https:\/\/ppgem.ufcg.edu.br\/en\/wp-json\/wp\/v2\/media?parent=75"}],"curies":[{"name":"wp","href":"https:\/\/api.w.org\/{rel}","templated":true}]}}