{"id":77,"date":"2017-02-24T13:02:14","date_gmt":"2017-02-24T16:02:14","guid":{"rendered":"http:\/\/server2.cct.ufcg.edu.br\/ppgem\/?page_id=77"},"modified":"2017-02-24T13:02:14","modified_gmt":"2017-02-24T16:02:14","slug":"linhas-de-pesquisa","status":"publish","type":"page","link":"https:\/\/ppgem.ufcg.edu.br\/en\/o-programa\/linhas-de-pesquisa\/","title":{"rendered":"Research Lines"},"content":{"rendered":"<h2><\/h2>\n<h2>LINHAS DE PESQUISA<\/h2>\n<p>&nbsp;<\/p>\n<p>O PPGEM tem uma \u00fanica \u00e1rea de concentra\u00e7\u00e3o em Sistemas Termomec\u00e2nicos, estando organizado com base em tr\u00eas linhas de pesquisa:<\/p>\n<p>&nbsp;<\/p>\n<ul>\n<li>An\u00e1lise e Projeto de Sistemas Termomec\u00e2nicos (AST);<\/li>\n<li>Fen\u00f4menos de Transporte e Energia (FTE);<\/li>\n<li>Processos Mec\u00e2nico-Metal\u00fargicos (PMM).<\/li>\n<\/ul>\n<p>A linha de pesquisa em <strong>An\u00e1lise e Projeto de Sistemas Termomec\u00e2nicos<\/strong> \u00e9 fortemente interdisciplinar e envolve a realiza\u00e7\u00e3o de pesquisas nos contextos da mec\u00e2nica dos s\u00f3lidos aplicada a an\u00e1lise est\u00e1tica e din\u00e2mica de estruturas, desenvolvimento de materiais e estruturas inteligentes (cer\u00e2micas piezoel\u00e9tricas, ligas com mem\u00f3ria de forma, etc), an\u00e1lise de falhas em sistemas termomec\u00e2nicos, controle e automa\u00e7\u00e3o de estruturas, sistemas e processos, metodologia de projeto aplicada, projetos de dispositivos de m\u00e1quinas e equipamentos.<\/p>\n<p>A linha de pesquisa em <strong>Fen\u00f4menos de Transporte e Energia<\/strong> tem um largo espectro, tratando do desenvolvimento de pesquisas em sistemas t\u00e9rmicos de refrigera\u00e7\u00e3o e secagem, problemas de transfer\u00eancia de calor e massa em processos t\u00e9rmicos, mec\u00e2nicos e de fabrica\u00e7\u00e3o, gera\u00e7\u00e3o e conserva\u00e7\u00e3o de energia, m\u00e9todos experimentais e instrumentos para medi\u00e7\u00e3o de grandezas relacionadas a engenharia e ci\u00eancias t\u00e9rmicas, al\u00e9m de escoamento multif\u00e1sico aplicado ao setor de petr\u00f3leo e g\u00e1s.<\/p>\n<p>A nova linha de <strong>Processos Mec\u00e2nico-Metal\u00fargicos<\/strong> foi integrada recentemente, e envolve a sele\u00e7\u00e3o e caracteriza\u00e7\u00e3o de novos materiais funcionais, mec\u00e2nica da fratura e integridade estrutural, al\u00e9m de tecnologias relacionadas a processos de soldagem e interfaces com a \u00e1rea de materiais de constru\u00e7\u00e3o termomec\u00e2nica.<\/p>","protected":false},"excerpt":{"rendered":"<p>LINHAS DE PESQUISA &nbsp; O PPGEM tem uma \u00fanica \u00e1rea de concentra\u00e7\u00e3o em Sistemas Termomec\u00e2nicos, estando organizado com base em tr\u00eas linhas de pesquisa: &nbsp; An\u00e1lise e Projeto de Sistemas Termomec\u00e2nicos (AST); Fen\u00f4menos de Transporte e Energia (FTE); Processos Mec\u00e2nico-Metal\u00fargicos (PMM). A linha de pesquisa em An\u00e1lise e Projeto de Sistemas Termomec\u00e2nicos \u00e9 fortemente interdisciplinar [&hellip;]<\/p>\n","protected":false},"author":1,"featured_media":0,"parent":33,"menu_order":0,"comment_status":"closed","ping_status":"closed","template":"template-fullwidth.php","meta":{"footnotes":""},"class_list":["post-77","page","type-page","status-publish","hentry"],"jetpack_sharing_enabled":true,"_links":{"self":[{"href":"https:\/\/ppgem.ufcg.edu.br\/en\/wp-json\/wp\/v2\/pages\/77","targetHints":{"allow":["GET"]}}],"collection":[{"href":"https:\/\/ppgem.ufcg.edu.br\/en\/wp-json\/wp\/v2\/pages"}],"about":[{"href":"https:\/\/ppgem.ufcg.edu.br\/en\/wp-json\/wp\/v2\/types\/page"}],"author":[{"embeddable":true,"href":"https:\/\/ppgem.ufcg.edu.br\/en\/wp-json\/wp\/v2\/users\/1"}],"replies":[{"embeddable":true,"href":"https:\/\/ppgem.ufcg.edu.br\/en\/wp-json\/wp\/v2\/comments?post=77"}],"version-history":[{"count":0,"href":"https:\/\/ppgem.ufcg.edu.br\/en\/wp-json\/wp\/v2\/pages\/77\/revisions"}],"up":[{"embeddable":true,"href":"https:\/\/ppgem.ufcg.edu.br\/en\/wp-json\/wp\/v2\/pages\/33"}],"wp:attachment":[{"href":"https:\/\/ppgem.ufcg.edu.br\/en\/wp-json\/wp\/v2\/media?parent=77"}],"curies":[{"name":"wp","href":"https:\/\/api.w.org\/{rel}","templated":true}]}}