{"id":79,"date":"2017-02-24T13:02:29","date_gmt":"2017-02-24T16:02:29","guid":{"rendered":"http:\/\/server2.cct.ufcg.edu.br\/ppgem\/?page_id=79"},"modified":"2025-11-27T09:27:03","modified_gmt":"2025-11-27T12:27:03","slug":"corpo-docente","status":"publish","type":"page","link":"https:\/\/ppgem.ufcg.edu.br\/en\/o-programa\/corpo-docente\/","title":{"rendered":"Faculty"},"content":{"rendered":"<p>CORPO DOCENTE<\/p>\n<table style=\"height: 4634px;\" width=\"1056\">\n<tbody>\n<tr>\n<td valign=\"top\" width=\"45%\">\n<h2>ANTONIO ALMEIDA SILVA<\/h2>\n<h2><a href=\"http:\/\/lattes.cnpq.br\/8361717016612632\" target=\"_blank\" rel=\"noopener noreferrer\">http:\/\/lattes.cnpq.br\/8361717016612632<\/a><\/h2>\n<h2>Contato: <a href=\"mailto:antonio.almeida@ufcg.edu.br\">antonio.almeida@ufcg.edu.br<\/a><\/h2>\n<p>Possui gradua\u00e7\u00e3o em Engenharia Mec\u00e2nica (C. Grande) pela Universidade Federal da Para\u00edba (1985), mestrado em Engenharia Mec\u00e2nica [C. Grande] pela Universidade Federal da Para\u00edba (1992) e doutorado em Engenharia Mec\u00e2nica (S. Carlos) pela Universidade de S\u00e3o Paulo(1999). Atualmente \u00e9 professor titular da Universidade Federal de Campina Grande e Pesquisador do CNPq (desde 2013). Tem experi\u00eancia na \u00e1rea de Engenharia Mec\u00e2nica, com \u00eanfase em Mec\u00e2nica dos S\u00f3lidos, Din\u00e2mica e Vibra\u00e7\u00f5es. Desde 1999 vem atuando principalmente nos seguintes temas de pesquisa: Detec\u00e7\u00e3o, An\u00e1lise, Din\u00e2mica, Vibra\u00e7\u00f5es, Falhas e Rolamentos.<\/p>\n<p><strong>\u00a0<\/strong><strong>\u00a0<\/strong><\/p>\n<h2>ANTONIO GILSON BARBOSA DE LIMA<\/h2>\n<h2><a href=\"http:\/\/lattes.cnpq.br\/4527387699298544\" target=\"_blank\" rel=\"noopener noreferrer\">http:\/\/lattes.cnpq.br\/4527387699298544<\/a><\/h2>\n<h2>Contato: <a href=\"mailto:gilson@dem.ufcg.edu.br\">antonio.gilson@ufcg.edu.br<\/a><\/h2>\n<p>Graduado em Engenharia Mec\u00e2nica pela Universidade Federal da Para\u00edba (1991), Graduado Licenciatura Plena em F\u00edsica pela Universidade Estadual da Para\u00edba (1990), Mestre em Engenharia Mec\u00e2nica [C. Grande] pela Universidade Federal da Para\u00edba (1995) e Doutor em Engenharia Mec\u00e2nica pela Universidade Estadual de Campinas (1999). Atualmente \u00e9 Professor Titular do Departamento de Engenharia Mec\u00e2nica, do Centro de Ci\u00eancias e Tecnologia, da Universidade Federal de Campina Grande. Tem experi\u00eancia na \u00e1rea de Engenharia Mec\u00e2nica, com \u00eanfase em Transfer\u00eancia de calor e massa, Escoamento fluido, Matem\u00e1tica aplicada, Princ\u00edpios Variacionais e M\u00e9todos Num\u00e9ricos, atuando principalmente nos seguintes temas: volumes finitos, secagem e desenvolvimento de secadores, escoamento multif\u00e1sico e meios porosos.<strong>\u00a0<\/strong><strong>\u00a0<\/strong><\/p>\n<h2>CARLOS JOS\u00c9 DE ARA\u00daJO<\/h2>\n<h2><a href=\"http:\/\/lattes.cnpq.br\/9466801408291152\" target=\"_blank\" rel=\"noopener noreferrer\">http:\/\/lattes.cnpq.br\/9466801408291152<\/a><\/h2>\n<h2>Contato: <a href=\"mailto:carlos@dem.ufcg.edu.br\">carlos.araujo@ufcg.edu.br<\/a><\/h2>\n<p><strong>\u00a0<\/strong><\/p>\n<p>Possui gradua\u00e7\u00e3o em Engenharia Mec\u00e2nica pela Universidade Federal da Para\u00edba (1991), Mestrado em Engenharia Mec\u00e2nica pela Universidade Federal da Para\u00edba (1994) e Doutorado em Engenharia Mec\u00e2nica e de Materiais (Comportement M\u00e9canique et Macroscopique des Mat\u00e9riaux) pelo Institut National des Sciences Appliqu\u00e9es de Lyon (Fran\u00e7a), INSA &#8211; Lyon (1999). Atualmente \u00e9 Professor Associado IV da Universidade Federal de Campina Grande (UFCG) e Pesquisador do CNPq (desde 2006). Tem experi\u00eancia na \u00e1rea de Engenharia Mec\u00e2nica e de Materiais, com \u00eanfase em Mec\u00e2nica dos S\u00f3lidos e Propriedades F\u00edsicas e Mec\u00e2nicas dos Metais e Ligas. Desde os anos 1990 vem realizando pesquisas de car\u00e1ter interdisciplinar principalmente no seguinte tema: Desenvolvimento de Atuadores de Ligas com Mem\u00f3ria de Forma &#8211; Fabrica\u00e7\u00e3o, Caracteriza\u00e7\u00e3o, Simula\u00e7\u00e3o e Aplica\u00e7\u00f5es.<\/p>\n<h2>CELSO ROSENDO BEZERRA FILHO<\/h2>\n<h2><a href=\"http:\/\/lattes.cnpq.br\/0885317156356022\" target=\"_blank\" rel=\"noopener noreferrer\">http:\/\/lattes.cnpq.br\/0885317156356022<\/a><\/h2>\n<h2>Contato: <a href=\"mailto:celso@dem.ufcg.edu.br\">celso.rosendo@ufcg.edu.br<\/a><\/h2>\n<p>Possui gradua\u00e7\u00e3o em Engenharia Mec\u00e2nica pela Universidade Federal da Para\u00edba (1985), mestrado em Engenharia Mec\u00e2nica pela Universidade Federal da Para\u00edba (1988) e doutorado em G\u00e9nie Thermique &#8211; Institut National Des Sciences Appliqu\u00e9es de Lyon (1998). Atualmente \u00e9 professor titular da Universidade Federal de Campina Grande. Tem experi\u00eancia na \u00e1rea de Engenharia Mec\u00e2nica, com \u00eanfase em Termodin\u00e2mica, atuando principalmente nos seguintes temas: regime peri\u00f3dico, transfer\u00eancia de calor, difusividade t\u00e9rmica, resist\u00eancia de contato e dual engine.<\/p>\n<p><strong>\u00a0<\/strong><strong>\u00a0<\/strong><\/p>\n<h2>RAPHAEL HENRIQUE FALC\u00c3O DE MELO<\/h2>\n<h2><a href=\"http:\/\/lattes.cnpq.br\/9758661753469822\">http:\/\/lattes.cnpq.br\/9758661753469822<\/a><\/h2>\n<h2>Contato: raphael.melo@ifpb.edu.br<\/h2>\n<p>\u00c9 Professor do Instituto Federal de Educa\u00e7\u00e3o, Ci\u00eancia e Tecnologia da Para\u00edba. Possui gradua\u00e7\u00e3o em Engenharia Mec\u00e2nica pela Universidade Federal de Campina Grande (2011), mestrado em engenharia mec\u00e2nica (2013) e doutorado em ci\u00eancia e engenharia de materiais (2017) pela mesma institui\u00e7\u00e3o. Mant\u00e9m interesse em t\u00f3picos referentes a processos de fabrica\u00e7\u00e3o e ci\u00eancia dos materiais. Atualmente \u00e9 Professor colaborador volunt\u00e1rio do PPGEM-UFCG e \u00e9 pesquisador do laborat\u00f3rio de soldagem e do laborat\u00f3rio multidisciplinar de materiais e estruturas ativas, trabalhando especificamente com otimiza\u00e7\u00e3o dos par\u00e2metros de soldagem de processos automatizados e manuais (GMAW, FCAW, GTAW, PAW, SAW, FSW e LBW), soldagem dissimilar e tensometria por difra\u00e7\u00e3o de raios-X em metais ferrosos e n\u00e3o-ferrosos. \u00c9 l\u00edder do grupo de pesquisa Processos de Fabrica\u00e7\u00e3o e Materiais de Engenharia &#8211; IFPB. \u00c9 pesquisador do Laborat\u00f3rio Assert no P\u00f3lo de Inova\u00e7\u00e3o Embrapii do IFPB, desenvolvendo projetos de P,D&amp;I junto a empresas parceiras. Tem experi\u00eancia de ensino em n\u00edvel t\u00e9cnico, em n\u00edvel superior e em p\u00f3s-gradua\u00e7\u00e3o stricto sensu.<\/p>\n<p>&nbsp;<\/p>\n<h2 class=\"nome\" tabindex=\"0\">GABRIEL DE CASTRO CO\u00caLHO<\/h2>\n<p><a href=\"http:\/\/lattes.cnpq.br\/2910019202280846\">http:\/\/lattes.cnpq.br\/2910019202280846<\/a><\/p>\n<p>Contato: gabriel.castro@professor.ufcg.edu.br<\/p>\n<p>Possui gradua\u00e7\u00e3o em Engenharia Mec\u00e2nica pela Universidade Federal da Para\u00edba (2015), mestrado em Engenharia Mec\u00e2nica (2018) e doutorado em Ci\u00eancia e Engenharia de Materiais (2023) pela Universidade Federal de Campina Grande. \u00c9 Professor Assistente da Universidade Federal de Campina Grande, alocado na Unidade Acad\u00eamica de Engenharia Mec\u00e2nica (UAEM\/UFCG), lecionando nos cursos de gradua\u00e7\u00e3o de Engenharia Mec\u00e2nica e no Programa de P\u00f3s-Gradua\u00e7\u00e3o em Engenharia Mec\u00e2nica (PPGEM\/UFCG). \u00c9 l\u00edder do grupo de pesquisa &#8220;N\u00facleo Avan\u00e7ado em Fratura, Fadiga e Integridade Estrutural&#8221; (NAFFIE). Tem experi\u00eancia em Engenharia Mec\u00e2nica, de Materiais e Metal\u00fargica, atuando principalmente nos temas: Mec\u00e2nica da Fratura, Fitness-For-Service, Avalia\u00e7\u00e3o Cr\u00edtica de Engenharia, An\u00e1lise de Tens\u00f5es e Deforma\u00e7\u00f5es, Modelagem e Simula\u00e7\u00e3o por Elementos Finitos, Mec\u00e2nica da Fratura Computacional, Comportamento Mec\u00e2nico dos Materiais, Caracteriza\u00e7\u00e3o Microestrutural de Materiais Met\u00e1licos, Metalurgia da Soldagem.<\/p>\n<p>&nbsp;<\/p>\n<h2><b>ANDERSSON GUIMAR\u00c3ES DE OLIVEIRA\u00a0<\/b><\/h2>\n<p><a href=\"http:\/\/lattes.cnpq.br\/0488725741611424\">http:\/\/lattes.cnpq.br\/0488725741611424\u00a0<\/a><\/p>\n<p>Contato:<\/p>\n<p>Professor da Universidade Federal de Campina Grande na Unidade Acad\u00eamica de Engenharia Mec\u00e2nica. Doutor em Engenharia Mec\u00e2nica pela UFPB. Mestre em Engenharia Mec\u00e2nica pela Universidade Federal de Campina Grande, com disserta\u00e7\u00e3o na \u00e1rea de Projeto de Sistemas Termomec\u00e2nicos. Graduado em Engenharia Mec\u00e2nica pela mesma institui\u00e7\u00e3o (2008). Forma\u00e7\u00e3o t\u00e9cnica em n\u00edvel m\u00e9dio em Eletr\u00f4nica e Telecomunica\u00e7\u00f5es pela Escola T\u00e9cnica Redentorista (2000).Desenvolveu projetos na \u00e1rea de qualidade de Produto na unidade de Engenharia de Carro\u00e7aria &#8211; Complexo Industrial Ford Nordeste em Cama\u00e7ari &#8211; BA. Atuou em metal\u00fargica na \u00e1rea de galvaniza\u00e7\u00e3o destinada a infra estrutura de telecomunica\u00e7\u00f5es. Na \u00e1rea de telecomunica\u00e7\u00f5es e sistemas eletr\u00f4nicos, atuou nas atividades de projeto e execu\u00e7\u00e3o dos sistemas de TV Digital voltado a sistemas e infra-estrutura. Lecionou em curso t\u00e9cnico as disciplinas Desenho T\u00e9cnico Mec\u00e2nico, Eletr\u00f4nica Digital e pr\u00e1ticas de Laborat\u00f3rio de Eletr\u00f4nica. No ensino superior atuou na UFERSA &#8211; Cara\u00fabas &#8211; RN (Prof. substituto), Escola Superior de Avia\u00e7\u00e3o Civil (ESAC), Uninassau e Pit\u00e1goras. Nestas institui\u00e7\u00f5es lecionou: desenho t\u00e9cnico, resist\u00eancia dos materiais, mecanismos, energias renov\u00e1veis, ar condicionado, din\u00e2mica, aerodin\u00e2mica. Atualmente leciona as disciplinas: Termodin\u00e2mica, Din\u00e2mica das M\u00e1quinas e M\u00e1quinas T\u00e9rmicas.<\/p>\n<p>&nbsp;<\/p>\n<h2><b>MATHEWS LIMA DOS SANTOS\u00a0<\/b><\/h2>\n<p><a href=\"http:\/\/lattes.cnpq.br\/7908949948976515\">http:\/\/lattes.cnpq.br\/7908949948976515<\/a><\/p>\n<p>Contato:<\/p>\n<p>Doutor em Engenharia Mec\u00e2nica pela Universidade Federal de Pernambuco (UFPE, 2024), Mestre em Engenharia Mec\u00e2nica (2020) e Engenheiro Mec\u00e2nico (2018) pela Universidade Federal de Campina Grande (UFCG). Atualmente \u00e9 Professor Adjunto da UFCG, onde coordena o Laborat\u00f3rio de Soldagem (LabSol) e o Projeto de F\u00f3rmula SAE &#8220;Scuderia UFCG&#8221;. Tamb\u00e9m desenvolve atividades de pesquisa no Grupo SOLDAMAT &#8211; Tecnologia e Metalurgia de Soldagem e Uni\u00e3o de Materiais, vinculado ao Instituto Nacional de Tecnologia em Uni\u00e3o e Revestimento de Materiais (INTM\/UFPE). Possui experi\u00eancia nas \u00e1reas de Engenharia Mec\u00e2nica, Engenharia de Materiais e Metalurgia, com \u00eanfase em: soldagem e metalurgia da soldagem, fissura\u00e7\u00e3o assistida pelo ambiente, fragiliza\u00e7\u00e3o por metal l\u00edquido, fragiliza\u00e7\u00e3o por hidrog\u00eanio, corros\u00e3o, permea\u00e7\u00e3o eletroqu\u00edmica de hidrog\u00eanio e manufatura aditiva de metais.<\/p>\n<p>&nbsp;<\/p>\n<p>&nbsp;<\/td>\n<td valign=\"top\" width=\"10%\"><\/td>\n<td width=\"45%\">\n<h2>MARCO ANTONIO DOS SANTOS<\/h2>\n<h2><a href=\"http:\/\/lattes.cnpq.br\/4825985900425353\" target=\"_blank\" rel=\"noopener noreferrer\">http:\/\/lattes.cnpq.br\/4825985900425353<\/a><\/h2>\n<h2>Contato: <a href=\"mailto:santos.marco@ufcg.edu.br\">santos.marco@ufcg.edu.br<\/a><\/h2>\n<p>Possui gradua\u00e7\u00e3o em Engenharia Mec\u00e2nica pela Universidade Federal do Rio Grande do Sul (1974), mestrado em Engenharia Metal\u00fargica e de Materiais pela Universidade Federal do Rio Grande do Sul (1976) e doutorado em Engenharia Metal\u00fargica e de Materiais pela Universidade Federal do Rio de Janeiro (1990). Atualmente \u00e9 Professor Associado IV da Universidade Federal de Campina Grande. Tem experi\u00eancia na \u00e1rea de Engenharia de Materiais e Metal\u00fargica, com \u00eanfase em Propriedades Mec\u00e2nicas dos Metais e Ligas, atuando principalmente nos seguintes temas: propriedades mec\u00e2nicas, a\u00e7os ARBL para tubula\u00e7\u00f5es, mec\u00e2nica da fratura, juntas soldadas e tenacidade \u00e0 fratura.<\/p>\n<h2>RENATO ALEXANDRE COSTA DE SANTANA<\/h2>\n<h2><a href=\"http:\/\/lattes.cnpq.br\/1438381290031148\" target=\"_blank\" rel=\"noopener noreferrer\">http:\/\/lattes.cnpq.br\/1438381290031148<\/a><\/h2>\n<h2>Contato: <a href=\"mailto:renatoacs@ufcg.edu.br\">renatoacs@ufcg.edu.br<\/a><\/h2>\n<p>Possui gradua\u00e7\u00e3o em Licenciatura Plena em Qu\u00edmica pela Universidade Estadual da Para\u00edba (2006), gradua\u00e7\u00e3o em Qu\u00edmica Industrial pela Universidade Estadual da Para\u00edba (2000), mestrado em Engenharia Qu\u00edmica pela Universidade Federal de Campina Grande (2003) e doutorado em Engenharia de Processos pela Universidade Federal de Campina Grande (2007). Atualmente \u00e9 professor Adjunto da Universidade Federal de Campina Grande. Tem experi\u00eancia no desenvolvimento e caracteriza\u00e7\u00e3o de ligas met\u00e1licas contendo molibd\u00eanio e tungst\u00eanio obtidas pelo processo de eletrodeposi\u00e7\u00e3o. Trabalha na avalia\u00e7\u00e3o da resist\u00eancia a corros\u00e3o de revestimentos obtidos pelo processo de soldagem al\u00e9m, de avaliar o comportamento corrosivo de ligas de Ti-X (Ni, Nb, Cu e Mo). Desenvolve estudos do enriquecimento proteico de cact\u00e1ceas por fermenta\u00e7\u00e3o semiss\u00f3lida.<\/p>\n<h2><\/h2>\n<h2>SEVERINO RODRIGUES DE FARIAS NETO<\/h2>\n<h2><a href=\"http:\/\/lattes.cnpq.br\/5029314237107938\" target=\"_blank\" rel=\"noopener noreferrer\">http:\/\/lattes.cnpq.br\/5029314237107938<\/a><\/h2>\n<h2>Contato: <a href=\"mailto:severino.rodrigues@ufcg.edu.br\">severino.rodrigues@ufcg.edu.br<\/a><\/h2>\n<p>Graduado em Engenharia Qu\u00edmica pela Universidade Federal da Para\u00edba (1988), mestrado em Engenharia Qu\u00edmica pela Universidade Federal da Para\u00edba (1992) e doutorado em Engenharia de Processos pela Universidade de Nantes (1997). Atualmente \u00e9 Professor Titular da Universidade Federal de Campina Grande. Tem experi\u00eancia na \u00e1rea de Engenharia Qu\u00edmica, com \u00eanfase em Opera\u00e7\u00f5es de Separa\u00e7\u00e3o e Mistura, atuando principalmente nos seguintes temas: fluidodin\u00e2mica computacional, escoamentos multif\u00e1sicos (separa\u00e7\u00e3o \u00e1gua\/\u00f3leo &#8211; g\u00e1s\/s\u00f3lido; transporte de g\u00e1s\/\u00f3leo e \u00e1gua\/\u00f3leo; escoamento em meios porosos &#8211; membranas cer\u00e2micas e reservat\u00f3rios petrol\u00edferos; entre outros).<\/p>\n<h2><\/h2>\n<h2>WALMAN BENICIO DE CASTRO<\/h2>\n<h2><a href=\"http:\/\/lattes.cnpq.br\/3592569966434979\" target=\"_blank\" rel=\"noopener noreferrer\">http:\/\/lattes.cnpq.br\/3592569966434979<\/a><\/h2>\n<h2>Contato: <a href=\"mailto:walman.castro@ufcg.edu.br\">walman.castro@ufcg.edu.br<\/a><\/h2>\n<p>Possui gradua\u00e7\u00e3o em Engenharia Mec\u00e2nica pela Universidade Federal da Para\u00edba (1988), mestrado em Engenharia Mec\u00e2nica [C. Grande] pela Universidade Federal da Para\u00edba (1992) e doutorado em Ci\u00eancia e Engenharia dos Materiais pela Universidade Federal de S\u00e3o Carlos (1997). Atualmente \u00e9 Professor Titular da Universidade Federal de Campina Grande. Tem experi\u00eancia na \u00e1rea de Engenharia de Materiais e Metal\u00fargica, com \u00eanfase em Fundi\u00e7\u00e3o e Solidifica\u00e7\u00e3o, atuando principalmente nos seguintes temas: super-resfriamento, microestrutura, solidifica\u00e7\u00e3o r\u00e1pida, ligas com mem\u00f3ria de forma e macrossistemas eletromagn\u00e9ticos.<\/p>\n<h2><\/h2>\n<h2>WANDERLEY FERREIRA DE AMORIM J\u00daNIOR<\/h2>\n<h2><a href=\"http:\/\/lattes.cnpq.br\/8131607733881361\" target=\"_blank\" rel=\"noopener noreferrer\">http:\/\/lattes.cnpq.br\/8131607733881361<\/a><\/h2>\n<h2>Contato: <a href=\"mailto:wanderley@dem.ufcg.edu.br\">wanderley.ferreira@ufcg.edu.br<\/a><\/h2>\n<p><strong>\u00a0<\/strong><\/p>\n<p>Possui gradua\u00e7\u00e3o em Engenharia Mec\u00e2nica pela Universidade Federal de Campina Grande UFCG (1999). Mestrado&#8221;sandu\u00edche&#8221; em Engenharia Mec\u00e2nica (UFCG, 2002) em Blindagem para Prote\u00e7\u00e3o Bal\u00edstica, realizado na COPPE\/PEMM\/Universidade Federal do Rio de Janeiro e em conjunto com Instituto Militar de Engenharia e Centro Tecnol\u00f3gico do Ex\u00e9rcito (CTEx). Doutorado em Engenharia Metal\u00fargica e de Materiais COPPE\/UFRJ (2007), P\u00f3s-Doutorado (Engenharia de Materiais\/UFCG,2009). Engenheiro de P&amp;D da Empresa Estrat\u00e9gica de Defesa ARMTEC Tecnologia em Rob\u00f3tica (2011). Atualmente \u00e9 Professor Adjunto da Unidade Acad\u00eamica de Engenharia Mec\u00e2nica da Universidade Federal de Campina Grande (UFCG). Coordena pesquisa p\u00f3s-doutorado em Empresa Estrat\u00e9gica de Defesa e de inova\u00e7\u00e3o e base tecnol\u00f3gica ARMTEC Tec. Rob\u00f3tica (PNPD 2010\/CNPq). Participa de projetos de equipamentos, m\u00e1quinas e sistemas rob\u00f3ticos (Blindagens Bal\u00edsticas Comp\u00f3sita, Met\u00e1lica, Comp\u00f3sita tipo Sandu\u00edche N\u00edvel IIA, IIIA, III), rob\u00f4 submarino tipo ROV, rob\u00f4 sob lagartas anti-bomba tipo VTNT\/UGV). Temas atuais de pesquisa: Materiais Comp\u00f3sitos, Blindagens para Prote\u00e7\u00e3o Bal\u00edstica, Projeto de Sistemas Mec\u00e2nicos.<\/p>\n<h2><\/h2>\n<h2>TONY HERBERT F DE ANDRADE<\/h2>\n<h2><a href=\"http:\/\/lattes.cnpq.br\/0150504693127852\">http:\/\/lattes.cnpq.br\/0150504693127852<\/a><\/h2>\n<h2>Contato: <a href=\"mailto:griloufcg@yahoo.com.br\">tonyhebert@uaepetro.ufcg.edu.br<\/a><\/h2>\n<p>Possui gradua\u00e7\u00e3o em Qu\u00edmica Industrial pela Universidade Estadual da Para\u00edba (2006), mestrado em Engenharia Qu\u00edmica pela Universidade Federal de Campina Grande (2008) e doutorado em Engenharia de Processos pela Universidade Federal de Campina Grande (2013). Atualmente \u00e9 professor do magist\u00e9rio superior &#8211; adjunto da Unidade Acad\u00eamica de Engenharia de Petr\u00f3leo da Universidade Federal de Campina Grande atuando principalmente nos seguintes temas: Garantia de escoamentos multif\u00e1sico, escoamentos em meios porosos, mec\u00e2nica dos fluidos, termodin\u00e2mica, transfer\u00eancia de calor, hidr\u00e1ulica de perfura\u00e7\u00e3o de po\u00e7os, m\u00e9todos num\u00e9ricos e fluidodin\u00e2mica computacional<\/p>\n<p>&nbsp;<\/p>\n<h2><b>RICARDO SOARES GOMEZ\u00a0<\/b><\/h2>\n<p><a href=\"http:\/\/lattes.cnpq.br\/6390445633372315\">http:\/\/lattes.cnpq.br\/6390445633372315<\/a><\/p>\n<p>Contato: ricardo.soares@professor.ufcg.edu.br<\/p>\n<p>Gradua\u00e7\u00e3o (2018 &#8211; UFCG), Mestrado (2019 &#8211; UFCG) e Doutorado (2023 &#8211; UFPB) em Engenharia Mec\u00e2nica. Gradua\u00e7\u00e3o em Matem\u00e1tica (2023 &#8211; UNIFAEL). Engenheiro de Seguran\u00e7a do Trabalho (2020 &#8211; UNIFIP). Atualmente \u00e9 Professor Efetivo do Magist\u00e9rio Superior, lotado na UAEM da UFCG. \u00c1reas de interesse: Fen\u00f4menos de transporte (Termodin\u00e2mica, Mec\u00e2nica dos Fluidos, Transfer\u00eancia de Calor e Massa); Din\u00e2mica dos Fluidos Computacional (CFD); Simula\u00e7\u00e3o Estrutural; Climatiza\u00e7\u00e3o, Ventila\u00e7\u00e3o, Exaust\u00e3o e Refrigera\u00e7\u00e3o.<\/td>\n<\/tr>\n<\/tbody>\n<\/table>\n","protected":false},"excerpt":{"rendered":"<p>CORPO DOCENTE ANTONIO ALMEIDA SILVA http:\/\/lattes.cnpq.br\/8361717016612632 Contato: antonio.almeida@ufcg.edu.br Possui gradua\u00e7\u00e3o em Engenharia Mec\u00e2nica (C. Grande) pela Universidade Federal da Para\u00edba (1985), mestrado em Engenharia Mec\u00e2nica [C. Grande] pela Universidade Federal da Para\u00edba (1992) e doutorado em Engenharia Mec\u00e2nica (S. Carlos) pela Universidade de S\u00e3o Paulo(1999). Atualmente \u00e9 professor titular da Universidade Federal de Campina Grande [&hellip;]<\/p>\n","protected":false},"author":1,"featured_media":0,"parent":33,"menu_order":0,"comment_status":"closed","ping_status":"closed","template":"template-fullwidth.php","meta":{"footnotes":""},"class_list":["post-79","page","type-page","status-publish","hentry"],"jetpack_sharing_enabled":true,"_links":{"self":[{"href":"https:\/\/ppgem.ufcg.edu.br\/en\/wp-json\/wp\/v2\/pages\/79","targetHints":{"allow":["GET"]}}],"collection":[{"href":"https:\/\/ppgem.ufcg.edu.br\/en\/wp-json\/wp\/v2\/pages"}],"about":[{"href":"https:\/\/ppgem.ufcg.edu.br\/en\/wp-json\/wp\/v2\/types\/page"}],"author":[{"embeddable":true,"href":"https:\/\/ppgem.ufcg.edu.br\/en\/wp-json\/wp\/v2\/users\/1"}],"replies":[{"embeddable":true,"href":"https:\/\/ppgem.ufcg.edu.br\/en\/wp-json\/wp\/v2\/comments?post=79"}],"version-history":[{"count":4,"href":"https:\/\/ppgem.ufcg.edu.br\/en\/wp-json\/wp\/v2\/pages\/79\/revisions"}],"predecessor-version":[{"id":2134,"href":"https:\/\/ppgem.ufcg.edu.br\/en\/wp-json\/wp\/v2\/pages\/79\/revisions\/2134"}],"up":[{"embeddable":true,"href":"https:\/\/ppgem.ufcg.edu.br\/en\/wp-json\/wp\/v2\/pages\/33"}],"wp:attachment":[{"href":"https:\/\/ppgem.ufcg.edu.br\/en\/wp-json\/wp\/v2\/media?parent=79"}],"curies":[{"name":"wp","href":"https:\/\/api.w.org\/{rel}","templated":true}]}}