{"id":966,"date":"2019-06-03T15:34:29","date_gmt":"2019-06-03T18:34:29","guid":{"rendered":"http:\/\/www.ppgem.ufcg.edu.br\/?page_id=966"},"modified":"2019-06-03T15:34:29","modified_gmt":"2019-06-03T18:34:29","slug":"sipgem-edicoes-anteriores","status":"publish","type":"page","link":"https:\/\/ppgem.ufcg.edu.br\/en\/sipgem2019\/sipgem-edicoes-anteriores\/","title":{"rendered":"Edi\u00e7\u00f5es anteriores do SiPGEM"},"content":{"rendered":"<p><a href=\"https:\/\/ppgem.ufcg.edu.br\/en\/sipgem2018\/\"><img loading=\"lazy\" decoding=\"async\" class=\"aligncenter wp-image-699\" src=\"https:\/\/ppgem.ufcg.edu.br\/wp-content\/uploads\/2018\/09\/logosipgem18-259x300.jpg\" alt=\"\" width=\"196\" height=\"227\" \/><\/a><\/p>\n<p style=\"text-align: center;\"><a href=\"https:\/\/ppgem.ufcg.edu.br\/en\/sipgem2018\/\" target=\"_blank\" rel=\"noopener\"><strong>Edi\u00e7\u00e3o 2018<\/strong><\/a><\/p>\n<p style=\"text-align: center;\"><a href=\"https:\/\/ppgem.ufcg.edu.br\/en\/sipgem2018\/anais-sipgem2018\/\" target=\"_blank\" rel=\"noopener\">(anais do evento)<\/a><\/p>\n<p>&nbsp;<\/p>\n<p><a href=\"https:\/\/ppgem.ufcg.edu.br\/en\/sipgem2017\/\"><img loading=\"lazy\" decoding=\"async\" class=\"wp-image-192 aligncenter\" src=\"https:\/\/test.cct.ufcg.edu.br\/wp-content\/uploads\/2017\/03\/SiPGEM-300x300.jpg\" alt=\"\" width=\"194\" height=\"194\" srcset=\"https:\/\/ppgem.ufcg.edu.br\/wp-content\/uploads\/2017\/03\/SiPGEM-300x300.jpg 300w, https:\/\/ppgem.ufcg.edu.br\/wp-content\/uploads\/2017\/03\/SiPGEM-150x150.jpg 150w, https:\/\/ppgem.ufcg.edu.br\/wp-content\/uploads\/2017\/03\/SiPGEM.jpg 757w\" sizes=\"auto, (max-width: 194px) 100vw, 194px\" \/><\/a><\/p>\n<p style=\"text-align: center;\"><a href=\"https:\/\/ppgem.ufcg.edu.br\/en\/sipgem2017\/\" target=\"_blank\" rel=\"noopener\"><strong>Edi\u00e7\u00e3o 2017<\/strong><\/a><\/p>\n<p style=\"text-align: center;\"><a href=\"https:\/\/ppgem.ufcg.edu.br\/en\/sipgem2017\/anais\/\" target=\"_blank\" rel=\"noopener\">(anais do evento)<\/a><\/p>\n<p>&nbsp;<\/p>\n<p><a href=\"https:\/\/ppgem.ufcg.edu.br\/en\/SIPGEM2019\/\"><img loading=\"lazy\" decoding=\"async\" class=\"\" src=\"https:\/\/image.flaticon.com\/icons\/png\/512\/93\/93634.png\" alt=\"Resultado de imagem para bot\u00c3\u00a3o voltar\" width=\"47\" height=\"47\" \/><\/a><\/p>\n<p>VOLTAR<\/p>","protected":false},"excerpt":{"rendered":"<p>Edi\u00e7\u00e3o 2018 (anais do evento) &nbsp; Edi\u00e7\u00e3o 2017 (anais do evento) &nbsp; VOLTAR<\/p>","protected":false},"author":1,"featured_media":0,"parent":954,"menu_order":0,"comment_status":"closed","ping_status":"closed","template":"","meta":{"footnotes":""},"class_list":["post-966","page","type-page","status-publish","hentry"],"jetpack_sharing_enabled":true,"_links":{"self":[{"href":"https:\/\/ppgem.ufcg.edu.br\/en\/wp-json\/wp\/v2\/pages\/966","targetHints":{"allow":["GET"]}}],"collection":[{"href":"https:\/\/ppgem.ufcg.edu.br\/en\/wp-json\/wp\/v2\/pages"}],"about":[{"href":"https:\/\/ppgem.ufcg.edu.br\/en\/wp-json\/wp\/v2\/types\/page"}],"author":[{"embeddable":true,"href":"https:\/\/ppgem.ufcg.edu.br\/en\/wp-json\/wp\/v2\/users\/1"}],"replies":[{"embeddable":true,"href":"https:\/\/ppgem.ufcg.edu.br\/en\/wp-json\/wp\/v2\/comments?post=966"}],"version-history":[{"count":0,"href":"https:\/\/ppgem.ufcg.edu.br\/en\/wp-json\/wp\/v2\/pages\/966\/revisions"}],"up":[{"embeddable":true,"href":"https:\/\/ppgem.ufcg.edu.br\/en\/wp-json\/wp\/v2\/pages\/954"}],"wp:attachment":[{"href":"https:\/\/ppgem.ufcg.edu.br\/en\/wp-json\/wp\/v2\/media?parent=966"}],"curies":[{"name":"wp","href":"https:\/\/api.w.org\/{rel}","templated":true}]}}