{"id":975,"date":"2019-06-03T15:44:43","date_gmt":"2019-06-03T18:44:43","guid":{"rendered":"http:\/\/www.ppgem.ufcg.edu.br\/?page_id=975"},"modified":"2019-06-03T15:44:43","modified_gmt":"2019-06-03T18:44:43","slug":"sobre-o-sipgem-2019","status":"publish","type":"page","link":"https:\/\/ppgem.ufcg.edu.br\/en\/sipgem2019\/sobre-o-sipgem-2019\/","title":{"rendered":"Sobre o SiPGEM 2019"},"content":{"rendered":"<p>&nbsp;<\/p>\n<p><img loading=\"lazy\" decoding=\"async\" class=\"wp-image-925 aligncenter\" src=\"https:\/\/test.cct.ufcg.edu.br\/wp-content\/uploads\/2019\/05\/LogoSite-1-300x300.jpg\" alt=\"\" width=\"218\" height=\"218\" srcset=\"https:\/\/ppgem.ufcg.edu.br\/wp-content\/uploads\/2019\/05\/LogoSite-1-300x300.jpg 300w, https:\/\/ppgem.ufcg.edu.br\/wp-content\/uploads\/2019\/05\/LogoSite-1-150x150.jpg 150w, https:\/\/ppgem.ufcg.edu.br\/wp-content\/uploads\/2019\/05\/LogoSite-1.jpg 517w\" sizes=\"auto, (max-width: 218px) 100vw, 218px\" \/><\/p>\n<p style=\"text-align: left;\">\u00a0O SiPGEM 2019 \u2013 <strong>III Simp\u00f3sio de P\u00f3s-Gradua\u00e7\u00e3o em Engenharia Mec\u00e2nica<\/strong> ocorrer\u00e1 em <strong>Campina Grande<\/strong>, Para\u00edba, de <strong>02 a 04 de outubro de 2019<\/strong> no Centro de Extens\u00e3o Jos\u00e9 Farias N\u00f3brega. O SiPGEM \u00e9 um simp\u00f3sio anual, promovido pelo Programa de P\u00f3s-Gradua\u00e7\u00e3o em Engenharia Mec\u00e2nica (PPGEM) da Universidade Federal de Campina Grande (UFCG). Destinado a ser um evento cient\u00edfico local para a comunica\u00e7\u00e3o e divulga\u00e7\u00e3o da comunidade acad\u00eamica, o SiPGEM \u00e9 um simp\u00f3sio multidisciplinar, onde pesquisadores e p\u00f3s-graduandos s\u00e3o encorajados a palestrar. A abertura \u00e0 participa\u00e7\u00e3o da gradua\u00e7\u00e3o e de outros programas de p\u00f3s-gradua\u00e7\u00e3o tamb\u00e9m \u00e9 incentivada.<\/p>\n<p style=\"text-align: left;\">\u00a0Em sua terceira edi\u00e7\u00e3o, com o tema Empreendedorismo e Inova\u00e7\u00e3o na Pesquisa, o SiPGEM torna-se a principal oportunidade para p\u00f3s-graduandos e docentes do PPGEM discutirem e explorarem aspectos relevantes \u00e0 P\u00f3s-Gradua\u00e7\u00e3o. O programa t\u00e9cnico incluir\u00e1 palestrantes convidados, se\u00e7\u00f5es t\u00e9cnicas com artigos cient\u00edficos, exposi\u00e7\u00e3o de laborat\u00f3rios e mesa redonda.<\/p>\n<p style=\"text-align: left;\">\u00a0Estamos ansiosos para receb\u00ea-lo no SiPGEM 2019.<\/p>\n<p><em>Ant\u00f4nio Cl\u00e1udio Cavalcanti Holanda<\/em><\/p>\n<p><strong style=\"font-style: inherit;\">Presidente do Comit\u00ea Organizador do SiPGEM 2019<\/strong><\/p>\n<p>&nbsp;<\/p>\n<hr \/>\n<p style=\"text-align: center;\"><strong>\u00a0<\/strong><strong>Comit\u00ea Organizador SiPGEM 2019<\/strong><\/p>\n<p style=\"text-align: center;\">Eng.\u00a0Mec. Ant\u00f4nio Cl\u00e1udio Cavalcanti Holanda \u2013 (Presidente)<\/p>\n<p style=\"text-align: center;\">Eng. Mec. Paulo Venicio Alves Vieira \u2013 (Vice-Presidente)<\/p>\n<p style=\"text-align: center;\">Eng. Mec. Vinicius da Silva Almeida \u2013 (Secret\u00e1rio)<\/p>\n<p style=\"text-align: center;\">Eng. Mec. Magna Silmara de Oliveira \u2013 (Tesoureira)<\/p>\n<p style=\"text-align: center;\">\u00c1lvaro Barbosa da Rocha &#8211; (Organizador)<\/p>\n<p style=\"text-align: center;\">Estephanie Nobre Dantas Grassi &#8211; (Organizador)<\/p>\n<p style=\"text-align: center;\">Francisco Proc\u00f3pio Batista Neto &#8211; (Organizador)<\/p>\n<p style=\"text-align: center;\">Jefferson Segundo de Lima &#8211; (Organizador)<\/p>\n<p style=\"text-align: center;\">Jos\u00e9 Geraldo Vicente da Silva &#8211; (Organizador)<\/p>\n<p style=\"text-align: center;\">Ramon Sales de Ara\u00fajo Batista &#8211; (Organizador)<\/p>\n<p style=\"text-align: center;\">Ricardo Soares Gomez &#8211; (Organizador)<\/p>\n<p style=\"text-align: center;\">Andersson Guimar\u00e3es Oliveira &#8211; (Colaborador)<\/p>\n<p style=\"text-align: center;\">Jo\u00e3o Manoel de Oliveira Neto &#8211; (Colaborador)<\/p>\n<p style=\"text-align: center;\">Paulo C\u00e9sar Sales da Silva &#8211; (Colaborador)<\/p>\n<hr \/>\n<p style=\"text-align: center;\"><strong>Comit\u00ea Cient\u00edfico SiPGEM 2019<\/strong><\/p>\n<p style=\"text-align: center;\">Prof. Dr. Antonio Almeida Silva &#8211; PPGEM\/UFCG,<\/p>\n<p style=\"text-align: center;\">Prof. Dr. Carlos Jos\u00e9 de Ara\u00fajo &#8211; PPGEM\/UFCG,<\/p>\n<p style=\"text-align: center;\">Prof. Dr. Celso Rosendo Bezerra Filho &#8211; PPGEM\/UFCG,<\/p>\n<p style=\"text-align: center;\">Profa. Dra. Estephanie Nobre Dantas Grassi &#8211; PPGEM\/UFCG,<\/p>\n<p style=\"text-align: center;\">Prof. Dr. Marcelo Bezerra Grilo &#8211; PPGEM\/UFCG,<\/p>\n<p style=\"text-align: center;\">Prof. Dr. Marcelo Cavalcanti Rodrigues &#8211; UFPB,<\/p>\n<p style=\"text-align: center;\">Prof. Dr. Renato Alexandre Costa de Santana &#8211; PPGEM\/UFCG,<\/p>\n<p style=\"text-align: center;\">Prof. Dr. Richard Senko \u2013 Engenharia de Produ\u00e7\u00e3o\/UFCG,<\/p>\n<p style=\"text-align: center;\">Prof. Dr. Severino Rodrigues de Farias Neto &#8211; PPGEM\/UFCG,<\/p>\n<p style=\"text-align: center;\">Eng. Mec\u00e2nico Dr. Henrique Martinni Ramos de Oliveira,<\/p>\n<p style=\"text-align: center;\">Eng. Mec\u00e2nico Me. Andersson Guimar\u00e3es Oliveira,<\/p>\n<p style=\"text-align: center;\">Eng. Mec\u00e2nico Me. Armando Wilmans Nunes Da Fonseca Junior,<\/p>\n<p style=\"text-align: center;\">Eng. Mec\u00e2nico Me. Carlos Eduardo da Silva Albuquerque,<\/p>\n<p style=\"text-align: center;\">Eng. Mec\u00e2nico Me. Felipe Silva Lima,<\/p>\n<p style=\"text-align: center;\">Eng. Mec\u00e2nico Me. Jo\u00e3o Manoel de Oliveira Neto,<\/p>\n<p style=\"text-align: center;\">Eng. Mec\u00e2nico Me. Kaline Ventura Batista,<\/p>\n<p style=\"text-align: center;\">Eng. Mec\u00e2nico Me. Magna Silmara de Oliveira,<\/p>\n<p style=\"text-align: center;\">Eng. Mec\u00e2nico Me. Marcelio Ronnie Dantas de S\u00e1,<\/p>\n<p style=\"text-align: center;\">Eng. Mec\u00e2nico Me. Paulo Cesar Sales da Silva,<\/p>\n<p style=\"text-align: center;\">Eng. Mec\u00e2nico Me. Ra\u00edssa Alves Queiroga,<\/p>\n<p style=\"text-align: center;\">Eng. Mec\u00e2nico Me. Ricardo Soares Gomez,<\/p>\n<p style=\"text-align: center;\">Eng. Mec\u00e2nico Me. Yuri Jos\u00e9 Oliveira Moraes<\/p>\n<hr \/>\n<hr \/>\n<p><a href=\"https:\/\/ppgem.ufcg.edu.br\/en\/SIPGEM2019\/\"><img loading=\"lazy\" decoding=\"async\" class=\"\" src=\"https:\/\/image.flaticon.com\/icons\/png\/512\/93\/93634.png\" alt=\"Resultado de imagem para bot\u00c3\u00a3o voltar\" width=\"47\" height=\"47\" \/><\/a><\/p>\n<p>VOLTAR<\/p>\n<p>&nbsp;<\/p>\n<p>&nbsp;<\/p>","protected":false},"excerpt":{"rendered":"<p>&nbsp; \u00a0O SiPGEM 2019 \u2013 III Simp\u00f3sio de P\u00f3s-Gradua\u00e7\u00e3o em Engenharia Mec\u00e2nica ocorrer\u00e1 em Campina Grande, Para\u00edba, de 02 a 04 de outubro de 2019 no Centro de Extens\u00e3o Jos\u00e9 Farias N\u00f3brega. O SiPGEM \u00e9 um simp\u00f3sio anual, promovido pelo Programa de P\u00f3s-Gradua\u00e7\u00e3o em Engenharia Mec\u00e2nica (PPGEM) da Universidade Federal de Campina Grande (UFCG). Destinado [&hellip;]<\/p>\n","protected":false},"author":1,"featured_media":0,"parent":954,"menu_order":0,"comment_status":"closed","ping_status":"closed","template":"template-fullwidth.php","meta":{"footnotes":""},"class_list":["post-975","page","type-page","status-publish","hentry"],"jetpack_sharing_enabled":true,"_links":{"self":[{"href":"https:\/\/ppgem.ufcg.edu.br\/en\/wp-json\/wp\/v2\/pages\/975","targetHints":{"allow":["GET"]}}],"collection":[{"href":"https:\/\/ppgem.ufcg.edu.br\/en\/wp-json\/wp\/v2\/pages"}],"about":[{"href":"https:\/\/ppgem.ufcg.edu.br\/en\/wp-json\/wp\/v2\/types\/page"}],"author":[{"embeddable":true,"href":"https:\/\/ppgem.ufcg.edu.br\/en\/wp-json\/wp\/v2\/users\/1"}],"replies":[{"embeddable":true,"href":"https:\/\/ppgem.ufcg.edu.br\/en\/wp-json\/wp\/v2\/comments?post=975"}],"version-history":[{"count":0,"href":"https:\/\/ppgem.ufcg.edu.br\/en\/wp-json\/wp\/v2\/pages\/975\/revisions"}],"up":[{"embeddable":true,"href":"https:\/\/ppgem.ufcg.edu.br\/en\/wp-json\/wp\/v2\/pages\/954"}],"wp:attachment":[{"href":"https:\/\/ppgem.ufcg.edu.br\/en\/wp-json\/wp\/v2\/media?parent=975"}],"curies":[{"name":"wp","href":"https:\/\/api.w.org\/{rel}","templated":true}]}}